{"id":5720,"date":"2021-11-01T14:15:16","date_gmt":"2021-11-01T17:15:16","guid":{"rendered":"https:\/\/mixbrasilalterar1.websiteseguro.com\/?page_id=5720"},"modified":"2025-05-09T13:09:33","modified_gmt":"2025-05-09T16:09:33","slug":"festival-mix-brasil-2021","status":"publish","type":"page","link":"https:\/\/mixbrasil.org.br\/29\/","title":{"rendered":"Festival Mix Brasil 2021"},"content":{"rendered":"<div id=\"tdi_1\" class=\"tdc-zone\"><div class=\"tdc_zone tdi_2  wpb_row td-pb-row\"  >\n<style scoped>\n\/* custom css - generated by TagDiv Composer *\/\n\n\/* custom css - generated by TagDiv Composer *\/\n.tdi_2{\r\n                    min-height: 0;\r\n                }\n<\/style><div id=\"tdi_3\" class=\"tdc-row\"><div class=\"vc_row tdi_4  wpb_row td-pb-row\" >\n<style scoped>\n\/* custom css - generated by TagDiv Composer *\/\n\n\/* custom css - generated by TagDiv Composer *\/\n.tdi_4,\r\n                .tdi_4 .tdc-columns{\r\n                    min-height: 0;\r\n                }.tdi_4,\r\n\t\t\t\t.tdi_4 .tdc-columns{\r\n\t\t\t\t    display: block;\r\n\t\t\t\t}.tdi_4 .tdc-columns{\r\n\t\t\t\t    width: 100%;\r\n\t\t\t\t}.tdi_4:before,\r\n\t\t\t\t.tdi_4:after{\r\n\t\t\t\t    display: table;\r\n\t\t\t\t}\n<\/style><div class=\"vc_column tdi_6  wpb_column vc_column_container tdc-column td-pb-span12\">\n<style scoped>\n\/* custom css - generated by TagDiv Composer *\/\n\n\/* custom css - generated by TagDiv Composer *\/\n.tdi_6{\r\n                    vertical-align: baseline;\r\n                }.tdi_6 > .wpb_wrapper,\r\n\t\t\t\t.tdi_6 > .wpb_wrapper > .tdc-elements{\r\n\t\t\t\t    display: block;\r\n\t\t\t\t}.tdi_6 > .wpb_wrapper > .tdc-elements{\r\n\t\t\t\t    width: 100%;\r\n\t\t\t\t}.tdi_6 > .wpb_wrapper > .vc_row_inner{\r\n\t\t\t\t    width: auto;\r\n\t\t\t\t}.tdi_6 > .wpb_wrapper{\r\n\t\t\t\t    width: auto;\r\n\t\t\t\t    height: auto;\r\n\t\t\t\t}\n<\/style><div class=\"wpb_wrapper\" ><\/div><\/div><\/div><\/div><div id=\"tdi_7\" class=\"tdc-row\"><div class=\"vc_row tdi_8  wpb_row td-pb-row\" >\n<style scoped>\n\/* custom css - generated by TagDiv Composer *\/\n\n\/* custom css - generated by TagDiv Composer *\/\n.tdi_8,\r\n                .tdi_8 .tdc-columns{\r\n                    min-height: 0;\r\n                }.tdi_8,\r\n\t\t\t\t.tdi_8 .tdc-columns{\r\n\t\t\t\t    display: block;\r\n\t\t\t\t}.tdi_8 .tdc-columns{\r\n\t\t\t\t    width: 100%;\r\n\t\t\t\t}.tdi_8:before,\r\n\t\t\t\t.tdi_8:after{\r\n\t\t\t\t    display: table;\r\n\t\t\t\t}\n\/* inline tdc_css att - generated by TagDiv Composer *\/\n\n\/* portrait *\/\n@media (min-width: 768px) and (max-width: 1018px)\n{\n.tdi_8{\nmargin-top:70px !important;\n}\n}\n\n\/* phone *\/\n@media (max-width: 767px)\n{\n.tdi_8{\nmargin-top:24px !important;\n}\n}\n\n<\/style><div class=\"vc_column tdi_10  wpb_column vc_column_container tdc-column td-pb-span12\">\n<style scoped>\n\/* custom css - generated by TagDiv Composer *\/\n\n\/* custom css - generated by TagDiv Composer *\/\n.tdi_10{\r\n                    vertical-align: baseline;\r\n                }.tdi_10 > .wpb_wrapper,\r\n\t\t\t\t.tdi_10 > .wpb_wrapper > .tdc-elements{\r\n\t\t\t\t    display: block;\r\n\t\t\t\t}.tdi_10 > .wpb_wrapper > .tdc-elements{\r\n\t\t\t\t    width: 100%;\r\n\t\t\t\t}.tdi_10 > .wpb_wrapper > .vc_row_inner{\r\n\t\t\t\t    width: auto;\r\n\t\t\t\t}.tdi_10 > .wpb_wrapper{\r\n\t\t\t\t    width: auto;\r\n\t\t\t\t    height: auto;\r\n\t\t\t\t}\n<\/style><div class=\"wpb_wrapper\" ><div class=\"tdm_block td_block_wrap tdm_block_inline_image tdi_11 td-animation-stack tdm-inline-block tdm-content-horiz-left td-pb-border-top td_block_template_1\"  data-td-block-uid=\"tdi_11\" >\n<style>\n\/* custom css - generated by TagDiv Composer *\/\n.tdm_block.tdm_block_inline_image{\r\n                  position: relative;\r\n                  margin-bottom: 0;\r\n                  line-height: 0;\r\n                }.tdm_block.tdm_block_inline_image .tdm-inline-image-wrap{\r\n                  position: relative;\r\n                  display: inline-block;\r\n                }.tdm_block.tdm_block_inline_image .td-image-video-modal{\r\n                  cursor: pointer;\r\n                }.tdm_block.tdm_block_inline_image .tdm-caption{\r\n                  width: 100%;\r\n                  font-family: Verdana, BlinkMacSystemFont, -apple-system, \"Segoe UI\", Roboto, Oxygen, Ubuntu, Cantarell, \"Open Sans\", \"Helvetica Neue\", sans-serif;\r\n                  padding-top: 6px;\r\n                  padding-bottom: 6px;\r\n                  font-size: 12px;\r\n                  font-style: italic;\r\n                  font-weight: normal;\r\n                  line-height: 17px;\r\n                  color: #444;\r\n                }.tdm_block.tdm_block_inline_image.tdm-caption-over-image .tdm-caption{\r\n                  position: absolute;\r\n                  left: 0;\r\n                  bottom: 0;\r\n                  margin-top: 0;\r\n                  padding-left: 10px;\r\n                  padding-right: 10px;\r\n                  width: 100%;\r\n                  background: rgba(0, 0, 0, 0.7);\r\n                  color: #fff;\r\n                }.tdi_11 .tdm-inline-image-wrap:hover:before{\r\n                    opacity: 0;\r\n                }.tdi_11 .tdm-image{\r\n\t\t\t\t\tborder-color:  #eaeaea;\r\n\t\t\t\t}\n<\/style><a href=\"http:\/\/instagram.com\/festivalmixbrasil\"   class=\"tdm-inline-image-wrap \" ><img loading=\"lazy\" decoding=\"async\" class=\"tdm-image td-fix-index td-lazy-img\" src=\"data:image\/png;base64,iVBORw0KGgoAAAANSUhEUgAABCwAAAJEAQMAAADnqyfeAAAAA1BMVEWurq51dlI4AAAAAXRSTlMmkutdmwAAAG9JREFUeNrswYEAAAAAgKD9qRepAgAAAAAAAAAAAAAAAAAAAAAAAAAAAAAAAAAAAAAAAAAAAAAAAAAAAAAAAAAAAAAAAAAAAAAAAAAAAADg9uCQAAAAAEDQ\/9fOsAAAAAAAAAAAAAAAAAAAAAAAsAox6wABwRHV3QAAAABJRU5ErkJggg==\" data-type=\"image_tag\" data-img-url=\"https:\/\/mixbrasil.org.br\/29\/wp-content\/uploads\/sites\/26\/2021\/11\/banner_FMB.jpg\"  title=\"banner_FMB\" width=\"1200\" height=\"250\"><\/a><\/div><div class=\"td_block_wrap td_block_text_with_title tdi_12 tagdiv-type td-pb-border-top td_block_template_1\"  data-td-block-uid=\"tdi_12\" >\n<style>\n\/* custom css - generated by TagDiv Composer *\/\n.td_block_text_with_title{\r\n                  margin-bottom: 44px;\r\n                  -webkit-transform: translateZ(0);\r\n                  transform: translateZ(0);\r\n                }.td_block_text_with_title p:last-child{\r\n                  margin-bottom: 0;\r\n                }\n<\/style><div class=\"td-block-title-wrap\"><\/div><div class=\"td_mod_wrap td-fix-index\"><h1 style=\"text-align: justify;\"><strong>29\u00ba Festival MixBrasil<\/strong><\/h1>\n<p style=\"text-align: justify;\"><strong>Cultura da Diversidade. Presente! <\/strong>Confira a lista da premia\u00e7\u00e3o<a href=\"https:\/\/mixbrasil.org.br\/29\/festival-mix-brasil-2021\/premiados-festival-mixbrasil-2021\/\"><strong>\u00a0neste link<\/strong><\/a> \ud83d\ude42<\/p>\n<p><strong>CAT\u00c1LOGO EM <a href=\"https:\/\/mixbrasil.org.br\/29\/wp-content\/uploads\/sites\/26\/2021\/11\/catalogo_mix_2021.pdf\" target=\"_blank\" rel=\"noopener\">PDF PARA DOWNLOAD\u00a0<\/a><\/strong><\/p>\n<\/div><\/div><div class=\"td_block_wrap td_block_video_embed tdi_13 td-pb-border-top td_block_template_1\"  data-td-block-uid=\"tdi_13\" >\n<style>\n\/* custom css - generated by TagDiv Composer *\/\n.tdi_13 .wpb_video_wrapper{\r\n                    position: relative;\r\n                    height: 0;\r\n                    padding-bottom: 56.25%;\r\n                }.tdi_13 iframe{\r\n                    position: absolute;\r\n                    top: 0;\r\n                    left: 0;\r\n                    width: 100% !important;\r\n                    height: 100% !important;\r\n                }\n<\/style><div class=\"td-block-title-wrap\"><\/div><div id=tdi_13 class=\"td_block_inner td-fix-index\">\r\n                            <div class=\"wpb_video_wrapper\">\r\n                                <iframe loading=\"lazy\" class=\"td-youtube-player\" width=\"600\" height=\"560\" src=\"https:\/\/www.youtube.com\/embed\/YQX2rrr8Odo?enablejsapi=1&feature=oembed&wmode=opaque&vq=hd720&autoplay=1&mute=1&&loop=1&playlist=YQX2rrr8Odo\" frameborder=\"0\" allowfullscreen=\"\" allow=\"autoplay\"><\/iframe>                            \r\n                            <\/div>\r\n        \r\n                    <script type=\"text\/javascript\">\r\n                            \r\n                        jQuery().ready(function() {\r\n                            tdShowVideo.loadApiYoutube(); \r\n                        });\r\n                        \r\n                    <\/script><\/div><\/div><div class=\"tdm_block td_block_wrap tdm_block_text_image tdi_14 td-animation-stack tdm-layout-23-13 tdm-content-horiz-left tdm-content-vert-center td-pb-border-top td_block_template_1\"  data-td-block-uid=\"tdi_14\" >\n<style>\n\/* custom css - generated by TagDiv Composer *\/\n.tdm_block_text_image .tdm-text-wrap{\r\n                  padding-top: 20px;\r\n                  padding-bottom: 20px;\r\n                }.tdm_block_text_image .tdm-descr{\r\n                  margin-bottom: 0;\r\n                }.tdm_block_text_image .tds-button{\r\n                  margin-top: 30px;\r\n                }@media (min-width: 767px) {\r\n                  .tdm_block_text_image.tdm-text-image-extend-img {\r\n                    margin-right: calc((-100vw + 100%) \/ 2);\r\n                  }\r\n                  .tdm_block_text_image.tdm-text-image-extend-img.tdm-flip-yes {\r\n                    margin-right: 0;\r\n                    margin-left: calc((-100vw + 100%) \/ 2);\r\n                  }\r\n                  .tdm_block_text_image.tdm-text-image-extend-img.tdm-flip-yes .tdm-col-img {\r\n                    text-align: right;\r\n                  }\r\n                }@media (max-width: 767px) {\r\n                  .tdm_block_text_image .tdm-col-img {\r\n                    margin-top: 36px;\r\n                  }\r\n                  .tdm_block_text_image.tdm-flip-yes .tdm-col-img {\r\n                    margin-top: 0;\r\n                    margin-bottom: 15px;\r\n                  }\r\n                }\n<\/style><div class=\"td-block-width tdm-fix-full\"><div class=\"td-block-row tdm-row\"><div class=\"td-block-span6 tdm-col\"><div class=\"tdm-text-wrap tdm-text-padding\"><div class=\"tds-title tds-title1 td-fix-index tdi_15 \"><h3 class=\"tdm-title tdm-title-md\">CINEMA<\/h3><\/div><p class=\"tdm-descr td-fix-index\">Ap\u00f3s quase dois anos em que fomos obrigados a assistir filmes em nossos computadores ou TVs, estamos de volta \u00e0s salas de cinema - e mantendo o online tamb\u00e9m. Um festival de cinema h\u00edbrido. Celebrando esse retorno, a programa\u00e7\u00e3o vem mais diversa do que nunca. S\u00e3o 117 filmes de 28 paises. Cinematografias apuradas, hist\u00f3rias pulsantes e interpreta\u00e7\u00f5es vigorosas s\u00e3o o diferencial desses j\u00e1 consagrados filmes em festivais nacionais e internacionais.<\/p>\n<style>\n\/* custom css - generated by TagDiv Composer *\/\n.tdi_16 .tdm-btn-icon:last-child{\r\n\t\t\t\t\tmargin-left: 14px;\r\n\t\t\t\t}\n<\/style><div class=\"tds-button td-fix-index\"><a \r\n                href=\"categoria\/festival-mix-brasil-2021\/cinema-festival-mix-brasil-2021\/\" \r\n                 title=\"Veja mais\"\r\n                class=\"tds-button1 tdm-btn tdm-btn-md tdi_16 \" ><span class=\"tdm-btn-text\">Veja mais<\/span><i class=\"tdm-btn-icon tdc-font-fa tdc-font-fa-chevron-right\"><\/i><\/a><\/div><\/div><\/div><div class=\"td-block-span6 tdm-col tdm-col-img\"><img class=\"tdm-image td-fix-index td-lazy-img\" data-type=\"image_tag\" data-img-url=\"https:\/\/mixbrasil.org.br\/29\/wp-content\/uploads\/sites\/26\/2021\/11\/quadro_cinema.jpg\"  title=\"quadro_cinema\" width=\"380\" height=\"280\"><\/div><\/div><\/div><\/div><div class=\"tdm_block td_block_wrap tdm_block_text_image tdi_17 td-animation-stack tdm-flip-yes tdm-layout-13-23 tdm-content-horiz-left tdm-content-vert-center td-pb-border-top td_block_template_1\"  data-td-block-uid=\"tdi_17\" ><div class=\"td-block-width tdm-fix-full\"><div class=\"td-block-row tdm-row\"><div class=\"td-block-span6 tdm-col tdm-col-img\"><img class=\"tdm-image td-fix-index td-lazy-img\" data-type=\"image_tag\" data-img-url=\"https:\/\/mixbrasil.org.br\/29\/wp-content\/uploads\/sites\/26\/2021\/11\/quadro_teatro.jpg\"  title=\"quadro_teatro\" width=\"290\" height=\"345\"><\/div><div class=\"td-block-span6 tdm-col\"><div class=\"tdm-text-wrap tdm-text-padding\"><div class=\"tds-title tds-title1 td-fix-index tdi_18 \"><h3 class=\"tdm-title tdm-title-md\">TEATRO<\/h3><\/div><p class=\"tdm-descr td-fix-index\">Demos mais um passo no processo de fomento da produ\u00e7\u00e3o cultural iniciado no ano passado com a sele\u00e7\u00e3o e apresenta\u00e7\u00e3o de projetos in\u00e9ditos de teatro. Neste ano, por meio de edital realizado em parceria com o Centro Cultural da Diversidade e a Secretaria Municipal de Cultura de S\u00e3o Paulo, foram selecionados cinco projetos (entre 61 inscritos) para resid\u00eancia art\u00edstica em setembro e outubro. Temas atuais e urgentes da comunidade LGBTQIA+ foram desenvolvidos com diversas linguagens e formatos, com estreia presencial dos espet\u00e1culos acontecendo no 29\u00ba Festival Mix Brasil, no Teatro Paulo Eir\u00f3, e posterior exibi\u00e7\u00e3o na plataforma digital #CulturaEmCasa. J\u00fari e p\u00fablico escolhem seus favoritos, e estes receber\u00e3o Coelhos de Ouro e Prata.<\/p>\n<style>\n\/* custom css - generated by TagDiv Composer *\/\n.tdi_19 .tdm-btn-icon:last-child{\r\n\t\t\t\t\tmargin-left: 14px;\r\n\t\t\t\t}\n<\/style><div class=\"tds-button td-fix-index\"><a \r\n                href=\"categoria\/festival-mix-brasil-2021\/teatro-festival-mix-brasil-2021\" \r\n                 title=\"Veja mais\"\r\n                class=\"tds-button1 tdm-btn tdm-btn-md tdi_19 \" ><span class=\"tdm-btn-text\">Veja mais<\/span><i class=\"tdm-btn-icon tdc-font-fa tdc-font-fa-chevron-right\"><\/i><\/a><\/div><\/div><\/div><\/div><\/div><\/div><div class=\"tdm_block td_block_wrap tdm_block_text_image tdi_20 td-animation-stack tdm-layout-23-13 tdm-content-horiz-left tdm-content-vert-center td-pb-border-top td_block_template_1\"  data-td-block-uid=\"tdi_20\" ><div class=\"td-block-width tdm-fix-full\"><div class=\"td-block-row tdm-row\"><div class=\"td-block-span6 tdm-col\"><div class=\"tdm-text-wrap tdm-text-padding\"><div class=\"tds-title tds-title1 td-fix-index tdi_21 \"><h3 class=\"tdm-title tdm-title-md\">M\u00daSICA<\/h3><\/div><p class=\"tdm-descr td-fix-index\">O Mix Music, o bra\u00e7o musical do Festival MixBrasil, apresenta nesta edi\u00e7\u00e3o shows vicerais com artistas importantes da cena LGBTQIA+<\/p>\n<style>\n\/* custom css - generated by TagDiv Composer *\/\n.tdi_22 .tdm-btn-icon:last-child{\r\n\t\t\t\t\tmargin-left: 14px;\r\n\t\t\t\t}\n<\/style><div class=\"tds-button td-fix-index\"><a \r\n                href=\"categoria\/festival-mix-brasil-2021\/musica-festival-mix-brasil-2021\" \r\n                 title=\"Veja mais\"\r\n                class=\"tds-button1 tdm-btn tdm-btn-md tdi_22 \" ><span class=\"tdm-btn-text\">Veja mais<\/span><i class=\"tdm-btn-icon tdc-font-fa tdc-font-fa-chevron-right\"><\/i><\/a><\/div><\/div><\/div><div class=\"td-block-span6 tdm-col tdm-col-img\"><img class=\"tdm-image td-fix-index td-lazy-img\" data-type=\"image_tag\" data-img-url=\"https:\/\/mixbrasil.org.br\/29\/wp-content\/uploads\/sites\/26\/2021\/11\/quadro_musica.jpg\"  title=\"quadro_musica\" width=\"290\" height=\"345\"><\/div><\/div><\/div><\/div><div class=\"tdm_block td_block_wrap tdm_block_text_image tdi_23 td-animation-stack tdm-flip-yes tdm-layout-13-23 tdm-content-horiz-left tdm-content-vert-center td-pb-border-top td_block_template_1\"  data-td-block-uid=\"tdi_23\" ><div class=\"td-block-width tdm-fix-full\"><div class=\"td-block-row tdm-row\"><div class=\"td-block-span6 tdm-col tdm-col-img\"><img class=\"tdm-image td-fix-index td-lazy-img\" data-type=\"image_tag\" data-img-url=\"https:\/\/mixbrasil.org.br\/29\/wp-content\/uploads\/sites\/26\/2021\/11\/quadro_literatura.jpg\"  title=\"quadro_literatura\" width=\"380\" height=\"280\"><\/div><div class=\"td-block-span6 tdm-col\"><div class=\"tdm-text-wrap tdm-text-padding\"><div class=\"tds-title tds-title1 td-fix-index tdi_24 \"><h3 class=\"tdm-title tdm-title-md\">LITERATURA<\/h3><\/div><p class=\"tdm-descr td-fix-index\">Se 2021 continua sendo um ano de grandes perdas em tantos setores da vida individual e coletiva, o mesmo n\u00e3o se pode dizer sobre a produ\u00e7\u00e3o liter\u00e1ria queer brasileira.<\/p>\n<style>\n\/* custom css - generated by TagDiv Composer *\/\n.tdi_25 .tdm-btn-icon:last-child{\r\n\t\t\t\t\tmargin-left: 14px;\r\n\t\t\t\t}\n<\/style><div class=\"tds-button td-fix-index\"><a \r\n                href=\"categoria\/festival-mix-brasil-2021\/literatura-festival-mix-brasil-2021\" \r\n                 title=\"Veja mais\"\r\n                class=\"tds-button1 tdm-btn tdm-btn-md tdi_25 \" ><span class=\"tdm-btn-text\">Veja mais<\/span><i class=\"tdm-btn-icon tdc-font-fa tdc-font-fa-chevron-right\"><\/i><\/a><\/div><\/div><\/div><\/div><\/div><\/div><div class=\"tdm_block td_block_wrap tdm_block_text_image tdi_26 td-animation-stack tdm-layout-23-13 tdm-content-horiz-left tdm-content-vert-center td-pb-border-top td_block_template_1\"  data-td-block-uid=\"tdi_26\" ><div class=\"td-block-width tdm-fix-full\"><div class=\"td-block-row tdm-row\"><div class=\"td-block-span6 tdm-col\"><div class=\"tdm-text-wrap tdm-text-padding\"><div class=\"tds-title tds-title1 td-fix-index tdi_27 \"><h3 class=\"tdm-title tdm-title-md\">MIX LAB<\/h3><\/div><p class=\"tdm-descr td-fix-index\">A Spcine participa do 29\u00ba Festival Mix Brasil promovendo mesas, workshop e uma masterclass com profissionais do audiovisual. Nossa parceria tamb\u00e9m inclui programas de filmes na plataforma de streaming Spcine Play.<\/p>\n<style>\n\/* custom css - generated by TagDiv Composer *\/\n.tdi_28 .tdm-btn-icon:last-child{\r\n\t\t\t\t\tmargin-left: 14px;\r\n\t\t\t\t}\n<\/style><div class=\"tds-button td-fix-index\"><a \r\n                href=\"categoria\/festival-mix-brasil-2021\/mix-lab-festival-mix-brasil-2021\" \r\n                 title=\"Veja mais\"\r\n                class=\"tds-button1 tdm-btn tdm-btn-md tdi_28 \" ><span class=\"tdm-btn-text\">Veja mais<\/span><i class=\"tdm-btn-icon tdc-font-fa tdc-font-fa-chevron-right\"><\/i><\/a><\/div><\/div><\/div><div class=\"td-block-span6 tdm-col tdm-col-img\"><img class=\"tdm-image td-fix-index td-lazy-img\" data-type=\"image_tag\" data-img-url=\"https:\/\/mixbrasil.org.br\/29\/wp-content\/uploads\/sites\/26\/2021\/11\/quadro_lab.jpg\"  title=\"quadro_lab\" width=\"290\" height=\"345\"><\/div><\/div><\/div><\/div><div class=\"tdm_block td_block_wrap tdm_block_text_image tdi_29 td-animation-stack tdm-flip-yes tdm-layout-13-23 tdm-content-horiz-left tdm-content-vert-center td-pb-border-top td_block_template_1\"  data-td-block-uid=\"tdi_29\" ><div class=\"td-block-width tdm-fix-full\"><div class=\"td-block-row tdm-row\"><div class=\"td-block-span6 tdm-col tdm-col-img\"><img class=\"tdm-image td-fix-index td-lazy-img\" data-type=\"image_tag\" data-img-url=\"https:\/\/mixbrasil.org.br\/29\/wp-content\/uploads\/sites\/26\/2021\/11\/quadro_talks.jpg\"  title=\"quadro_talks\" width=\"380\" height=\"280\"><\/div><div class=\"td-block-span6 tdm-col\"><div class=\"tdm-text-wrap tdm-text-padding\"><div class=\"tds-title tds-title1 td-fix-index tdi_30 \"><h3 class=\"tdm-title tdm-title-md\">MIX TALKS<\/h3><\/div><p class=\"tdm-descr td-fix-index\">O Mix Talks \u00e9 um espa\u00e7o pra converg\u00eancia de di\u00e1logos urgentes e insurgentes que, ano ap\u00f3s ano, vem se fortalecendo no encontro da multiplicidade de narrativas que comp\u00f5em o nosso tempo.\n\nDo entretenimento adulto nas plataformas digitais \u00e0 sa\u00fade mental das LGBTQIA+, da visibilidade l\u00e9sbica ao reconhecimento das pluralidades ind\u00edgenas, passando pelos impactos da censura moral na vida e nas artes, esta edi\u00e7\u00e3o elencou uma gama de temas que, enquanto reconhecem a cultura da diversidade presente, tamb\u00e9m lan\u00e7am o olhar para o futuro das rela\u00e7\u00f5es, elabora\u00e7\u00f5es de humanidades e das constru\u00e7\u00f5es de um mundo novo.<\/p>\n<style>\n\/* custom css - generated by TagDiv Composer *\/\n.tdi_31 .tdm-btn-icon:last-child{\r\n\t\t\t\t\tmargin-left: 14px;\r\n\t\t\t\t}\n<\/style><div class=\"tds-button td-fix-index\"><a \r\n                href=\"categoria\/festival-mix-brasil-2021\/mix-talks-festival-mix-brasil-2021\" \r\n                 title=\"Veja mais\"\r\n                class=\"tds-button1 tdm-btn tdm-btn-md tdi_31 \" ><span class=\"tdm-btn-text\">Veja mais<\/span><i class=\"tdm-btn-icon tdc-font-fa tdc-font-fa-chevron-right\"><\/i><\/a><\/div><\/div><\/div><\/div><\/div><\/div><div class=\"tdm_block td_block_wrap tdm_block_text_image tdi_32 td-animation-stack tdm-layout-23-13 tdm-content-horiz-left tdm-content-vert-center td-pb-border-top td_block_template_1\"  data-td-block-uid=\"tdi_32\" ><div class=\"td-block-width tdm-fix-full\"><div class=\"td-block-row tdm-row\"><div class=\"td-block-span6 tdm-col\"><div class=\"tdm-text-wrap tdm-text-padding\"><div class=\"tds-title tds-title1 td-fix-index tdi_33 \"><h3 class=\"tdm-title tdm-title-md\">\u00cdCONE MIX<\/h3><\/div><p class=\"tdm-descr td-fix-index\">No ano em que Ney Matogrosso comemora seus 80 anos, celebramos essa presen\u00e7a art\u00edstica que continua a iluminar palcos Brasil afora e no exterior. E, para esse artista camale\u00f4nico e pol\u00eamico, preparamos uma mostra com alguns de seus melhores trabalhos no cinema nacional e o nomeamos \u00cdcone Mix 2021.<\/p>\n<style>\n\/* custom css - generated by TagDiv Composer *\/\n.tdi_34 .tdm-btn-icon:last-child{\r\n\t\t\t\t\tmargin-left: 14px;\r\n\t\t\t\t}\n<\/style><div class=\"tds-button td-fix-index\"><a \r\n                href=\"festival-mix-brasil-2021\/icone-mix-2021-ney-matogrosso\/\" \r\n                 title=\"Veja mais\"\r\n                class=\"tds-button1 tdm-btn tdm-btn-md tdi_34 \" ><span class=\"tdm-btn-text\">Veja mais<\/span><i class=\"tdm-btn-icon tdc-font-fa tdc-font-fa-chevron-right\"><\/i><\/a><\/div><\/div><\/div><div class=\"td-block-span6 tdm-col tdm-col-img\"><img class=\"tdm-image td-fix-index td-lazy-img\" data-type=\"image_tag\" data-img-url=\"https:\/\/mixbrasil.org.br\/29\/wp-content\/uploads\/sites\/26\/2021\/11\/7.jpg\"  title=\"7\" width=\"290\" height=\"459\"><\/div><\/div><\/div><\/div><div class=\"td_block_wrap td_block_video_embed tdi_35 td-pb-border-top td_block_template_1\"  data-td-block-uid=\"tdi_35\" >\n<style>\n\/* custom css - generated by TagDiv Composer *\/\n.tdi_35 .wpb_video_wrapper{\r\n                    position: relative;\r\n                    height: 0;\r\n                    padding-bottom: 56.25%;\r\n                }.tdi_35 iframe{\r\n                    position: absolute;\r\n                    top: 0;\r\n                    left: 0;\r\n                    width: 100% !important;\r\n                    height: 100% !important;\r\n                }\n<\/style><div class=\"td-block-title-wrap\"><\/div><div id=tdi_35 class=\"td_block_inner td-fix-index\">\r\n                            <div class=\"wpb_video_wrapper\">\r\n                                <iframe loading=\"lazy\" class=\"td-youtube-player\" width=\"600\" height=\"560\" src=\"https:\/\/www.youtube.com\/embed\/YQX2rrr8Odo?enablejsapi=1&feature=oembed&wmode=opaque&vq=hd720&&&\" frameborder=\"0\" allowfullscreen=\"\" allow=\"autoplay\"><\/iframe>                            \r\n                            <\/div>\r\n        \r\n                    <script type=\"text\/javascript\">\r\n                            \r\n                        jQuery().ready(function() {\r\n                            tdShowVideo.loadApiYoutube(); \r\n                        });\r\n                        \r\n                    <\/script><\/div><\/div><div class=\"tdm_block td_block_wrap tdm_block_inline_image tdi_36 td-animation-stack tdm-content-horiz-center td-pb-border-top td_block_template_1\"  data-td-block-uid=\"tdi_36\" >\n<style>\n\/* custom css - generated by TagDiv Composer *\/\n.tdi_36 .tdm-inline-image-wrap:hover:before{\r\n                    opacity: 0;\r\n                }.tdi_36 .tdm-image{\r\n\t\t\t\t\tborder-color:  #eaeaea;\r\n\t\t\t\t}\n\n\/* phone *\/\n@media (max-width: 767px){\n.tdi_36{\r\n                    width: 300px;\r\n                }\n}\n<\/style><div class=\"tdm-inline-image-wrap \" ><img loading=\"lazy\" decoding=\"async\" class=\"tdm-image td-fix-index td-lazy-img\" src=\"data:image\/png;base64,iVBORw0KGgoAAAANSUhEUgAABCwAAAJEAQMAAADnqyfeAAAAA1BMVEWurq51dlI4AAAAAXRSTlMmkutdmwAAAG9JREFUeNrswYEAAAAAgKD9qRepAgAAAAAAAAAAAAAAAAAAAAAAAAAAAAAAAAAAAAAAAAAAAAAAAAAAAAAAAAAAAAAAAAAAAAAAAAAAAADg9uCQAAAAAEDQ\/9fOsAAAAAAAAAAAAAAAAAAAAAAAsAox6wABwRHV3QAAAABJRU5ErkJggg==\" data-type=\"image_tag\" data-img-url=\"https:\/\/mixbrasil.org.br\/29\/wp-content\/uploads\/sites\/26\/2021\/11\/regua-logos_FMB21_v2-1.jpg\"  title=\"regua-logos_FMB21_v2 (1)\" width=\"2082\" height=\"2525\"><\/div><\/div><div class=\"wpb_wrapper td_block_empty_space td_block_wrap vc_empty_space tdi_38 \"  style=\"height: 32px\"><\/div><\/div><\/div><\/div><\/div><\/div><\/div>","protected":false},"excerpt":{"rendered":"","protected":false},"author":12,"featured_media":0,"parent":0,"menu_order":0,"comment_status":"closed","ping_status":"closed","template":"","meta":{"footnotes":""},"class_list":["post-5720","page","type-page","status-publish"],"_links":{"self":[{"href":"https:\/\/mixbrasil.org.br\/29\/wp-json\/wp\/v2\/pages\/5720","targetHints":{"allow":["GET"]}}],"collection":[{"href":"https:\/\/mixbrasil.org.br\/29\/wp-json\/wp\/v2\/pages"}],"about":[{"href":"https:\/\/mixbrasil.org.br\/29\/wp-json\/wp\/v2\/types\/page"}],"author":[{"embeddable":true,"href":"https:\/\/mixbrasil.org.br\/29\/wp-json\/wp\/v2\/users\/12"}],"replies":[{"embeddable":true,"href":"https:\/\/mixbrasil.org.br\/29\/wp-json\/wp\/v2\/comments?post=5720"}],"version-history":[{"count":2,"href":"https:\/\/mixbrasil.org.br\/29\/wp-json\/wp\/v2\/pages\/5720\/revisions"}],"predecessor-version":[{"id":9877,"href":"https:\/\/mixbrasil.org.br\/29\/wp-json\/wp\/v2\/pages\/5720\/revisions\/9877"}],"wp:attachment":[{"href":"https:\/\/mixbrasil.org.br\/29\/wp-json\/wp\/v2\/media?parent=5720"}],"curies":[{"name":"wp","href":"https:\/\/api.w.org\/{rel}","templated":true}]}}