{"id":2859,"date":"2023-11-02T20:34:40","date_gmt":"2023-11-02T23:34:40","guid":{"rendered":"https:\/\/mixbrasil.org.br\/31\/?p=2859"},"modified":"2023-11-02T20:34:40","modified_gmt":"2023-11-02T23:34:40","slug":"sesc","status":"publish","type":"page","link":"https:\/\/mixbrasil.org.br\/31\/sesc\/","title":{"rendered":"Sesc | Fabula\u00e7\u00f5es poss\u00edveis"},"content":{"rendered":"<p><em>As produ\u00e7\u00f5es art\u00edsticas s\u00e3o dispositivos no processo de significa\u00e7\u00e3o do mundo \u2014 por meio delas \u00e9 poss\u00edvel aquecer uma circula\u00e7\u00e3o simb\u00f3lica capaz de representar e anunciar significados e valores, em acordo ou colis\u00e3o, que movimentam imagin\u00e1rios e constroem realidades.<\/em><\/p>\n<p><em>Um festival como o Mix Brasil de Cultura e Diversidade se apresenta como plataforma exemplar nesse sentido \u2014 de in\u00edcio com o cinema, e atualmente abarcando outras linguagens como as artes c\u00eanicas, m\u00fasica e literatura, estimula uma rede de a\u00e7\u00f5es comprometidas na escuta e partilha de discursos que reafirmam as diversidades sexuais e de g\u00eanero e os direitos humanos.<\/em><\/p>\n<p><em>Poroso e em di\u00e1logo com movimentos sociais em intersec\u00e7\u00e3o, atua a partir de uma premissa vital: compreender a arte como modo de materializar narrativas em disputa \u2014 seja respeitando o progressivo aumento de letras da sigla LGBTQIA+ ou a cria\u00e7\u00e3o de palavras que buscam nomear sujeitos e subjetividades, seja por meio de representa\u00e7\u00f5es afetivas, cr\u00edticas e politizadas que contribuam na elabora\u00e7\u00e3o de territ\u00f3rios imag\u00e9ticos aptos a recuperar a complexidade de viv\u00eancias e corporalidades frequentemente subalternizadas. Trata-se, ent\u00e3o, de um exerc\u00edcio coletivo de combate \u00e0s pol\u00edticas de esquecimento: viol\u00eancias que promovem, por exemplo, a aus\u00eancia de representa\u00e7\u00f5es e mem\u00f3rias. Nesse sentido, esta a\u00e7\u00e3o se organiza como constru\u00e7\u00e3o potente de espa\u00e7os, redes de afetos e visibilidades para e com comunidades LGBTQIA+.<\/em><\/p>\n<p><em>Longevo e tradicional na cidade de S\u00e3o Paulo, nesta edi\u00e7\u00e3o, a iniciativa se afirma como palco democr\u00e1tico para o cinema \u2014 tanto o emergente como o consolidado, tanto nacional quanto internacional \u2014, com programa\u00e7\u00f5es diversas e contextualizadas ao nosso tempo.<\/em><\/p>\n<p><em>A percep\u00e7\u00e3o de que a a\u00e7\u00e3o cultural pode movimentar o real de modo subjetivo e material orienta o trabalho desenvolvido pelo Sesc, o qual se aproxima dos valores do Festival Mix Brasil. Ambas as institui\u00e7\u00f5es t\u00eam como horizonte e pr\u00e1tica cotidiana o fomento da arte nacional, assim como o est\u00edmulo a situa\u00e7\u00f5es de conv\u00edvio respeitosas, e a constru\u00e7\u00e3o de imagin\u00e1rios propulsores de vida e dignidade para as diversidades de pessoas.<\/em><\/p>\n<p>Danilo Santos de Miranda \u2014 Diretor do Sesc S\u00e3o Paulo<\/p>\n","protected":false},"excerpt":{"rendered":"<p>As produ\u00e7\u00f5es art\u00edsticas s\u00e3o dispositivos no processo de significa\u00e7\u00e3o do mundo \u2014 por meio delas \u00e9 poss\u00edvel aquecer uma circula\u00e7\u00e3o simb\u00f3lica capaz de representar e anunciar significados e valores, em acordo ou colis\u00e3o, que movimentam imagin\u00e1rios e constroem realidades. Um festival como o Mix Brasil de Cultura e Diversidade se apresenta como plataforma exemplar nesse [&hellip;]<\/p>\n","protected":false},"author":13,"featured_media":0,"parent":0,"menu_order":0,"comment_status":"open","ping_status":"closed","template":"","meta":{"footnotes":""},"class_list":["post-2859","page","type-page","status-publish"],"_links":{"self":[{"href":"https:\/\/mixbrasil.org.br\/31\/wp-json\/wp\/v2\/pages\/2859","targetHints":{"allow":["GET"]}}],"collection":[{"href":"https:\/\/mixbrasil.org.br\/31\/wp-json\/wp\/v2\/pages"}],"about":[{"href":"https:\/\/mixbrasil.org.br\/31\/wp-json\/wp\/v2\/types\/page"}],"author":[{"embeddable":true,"href":"https:\/\/mixbrasil.org.br\/31\/wp-json\/wp\/v2\/users\/13"}],"replies":[{"embeddable":true,"href":"https:\/\/mixbrasil.org.br\/31\/wp-json\/wp\/v2\/comments?post=2859"}],"version-history":[{"count":0,"href":"https:\/\/mixbrasil.org.br\/31\/wp-json\/wp\/v2\/pages\/2859\/revisions"}],"wp:attachment":[{"href":"https:\/\/mixbrasil.org.br\/31\/wp-json\/wp\/v2\/media?parent=2859"}],"curies":[{"name":"wp","href":"https:\/\/api.w.org\/{rel}","templated":true}]}}