{"id":3279,"date":"2023-11-04T11:13:38","date_gmt":"2023-11-04T14:13:38","guid":{"rendered":"https:\/\/mixbrasil.org.br\/31\/?page_id=3279"},"modified":"2023-11-04T11:13:38","modified_gmt":"2023-11-04T14:13:38","slug":"ficha-tecnica","status":"publish","type":"page","link":"https:\/\/mixbrasil.org.br\/31\/ficha-tecnica\/","title":{"rendered":"Ficha T\u00e9cnica"},"content":{"rendered":"<p><b>DIRE\u00c7\u00c3O ART\u00cdSTICA &amp; CURADORIA TRANSM\u00cdDIA<\/b><\/p>\n<p><span style=\"font-weight: 400\">Andr\u00e9 Fischer<\/span><\/p>\n<p><b>DIRE\u00c7\u00c3O DE PRODU\u00c7\u00c3O<\/b><\/p>\n<p><span style=\"font-weight: 400\">Abrupta Produ\u00e7\u00f5es Art\u00edsticas<\/span><\/p>\n<p><b>DIRE\u00c7\u00c3O DE PROGRAMA\u00c7\u00c3O DE CINEMA<\/b><\/p>\n<p><span style=\"font-weight: 400\">Jo\u00e3o Federici<\/span><\/p>\n<p><b>COORDENA\u00c7\u00c3O DE PROGRAMA\u00c7\u00c3O DE CINEMA<\/b><\/p>\n<p><span style=\"font-weight: 400\">Marcio Miranda Perez<\/span><\/p>\n<p><b>COORDENA\u00c7\u00c3O DE PRODU\u00c7\u00c3O<\/b><\/p>\n<p><span style=\"font-weight: 400\">Tati Nunes<\/span><\/p>\n<p><b>PRODU\u00c7\u00c3O<\/b><\/p>\n<p><span style=\"font-weight: 400\">Murilo Rocha<br \/>\n<\/span><span style=\"font-weight: 400\">Victor Gally<br \/>\n<\/span><span style=\"font-weight: 400\">Valmir Paulino<\/span><\/p>\n<p><b>ASSISTENTE DE PRODU\u00c7\u00c3O<\/b><\/p>\n<p><span style=\"font-weight: 400\">Elmore Leal<br \/>\n<\/span><span style=\"font-weight: 400\">Saara Carneiro<\/span><\/p>\n<p><b>HOSPITALIDADE<\/b><\/p>\n<p><span style=\"font-weight: 400\">Cris Nunes<br \/>\n<\/span><span style=\"font-weight: 400\">Matheus de Souza<\/span><\/p>\n<p><b>COMIT\u00ca DE SELE\u00c7\u00c3O DE FILMES<\/b><\/p>\n<p><span style=\"font-weight: 400\">Andr\u00e9 Fischer<br \/>\n<\/span><span style=\"font-weight: 400\">Jo\u00e3o Federici<br \/>\n<\/span><span style=\"font-weight: 400\">Julia Katharine<br \/>\n<\/span><span style=\"font-weight: 400\">Marcio Miranda Perez<br \/>\n<\/span><span style=\"font-weight: 400\">Pedro Tinen<br \/>\n<\/span><span style=\"font-weight: 400\">Sofia Wickerhauser<br \/>\n<\/span><span style=\"font-weight: 400\">Victor Di Marco<br \/>\n<\/span><span style=\"font-weight: 400\">Victoria Negreiros<\/span><\/p>\n<p><b>SHOW DO GONGO<\/b><\/p>\n<p><span style=\"font-weight: 400\">Marisa Orth<\/span><\/p>\n<h3><b>PR\u00caMIOS MIX LITER\u00c1RIO E CAIO FERNANDO ABREU<\/b><\/h3>\n<p><b>ORGANIZA\u00c7\u00c3O<\/b><\/p>\n<p><span style=\"font-weight: 400\">Alexandre Rabelo<\/span><\/p>\n<h3><b>MIXLAB SPCINE<\/b><span style=\"font-weight: 400\">\u00a0<\/span><\/h3>\n<p><b>COORDENA\u00c7\u00c3O<\/b><\/p>\n<p><span style=\"font-weight: 400\">Andr\u00e9 Fischer<br \/>\nJo\u00e3o Federici<br \/>\n<\/span><span style=\"font-weight: 400\">Marcio Miranda Perez<\/span><\/p>\n<p><b>TROF\u00c9U COELHO DE PRATA E OURO<\/b><\/p>\n<p><span style=\"font-weight: 400\">Duilio Ferronato<\/span><\/p>\n<p><b>COORDENA\u00c7\u00c3O DE M\u00cdDIAS AUDIOVISUAIS<\/b><\/p>\n<p><span style=\"font-weight: 400\">Hyran De Mula<\/span><\/p>\n<p><b>ASSESSORIA DE IMPRENSA<\/b><\/p>\n<p><span style=\"font-weight: 400\">ATTI Comunica\u00e7\u00e3o e Ideias<br \/>\n<\/span><span style=\"font-weight: 400\">Eliz Ferreira e Val\u00e9ria Blanco<\/span><\/p>\n<p><b>REDES SOCIAIS<\/b><\/p>\n<p><span style=\"font-weight: 400\">Juma Mascarenhas<\/span><\/p>\n<p><b>FOTOS<\/b><\/p>\n<p><span style=\"font-weight: 400\">Amanda Clemente<\/span><\/p>\n<p><b>EDI\u00c7\u00c3O DE V\u00cdDEOS<\/b><\/p>\n<p><span style=\"font-weight: 400\">Matheus Pires<br \/>\n<\/span><span style=\"font-weight: 400\">Victor Gally<br \/>\n<\/span><span style=\"font-weight: 400\">Vinicius Tartaro<\/span><\/p>\n<p><b>COORDENA\u00c7\u00c3O DE TRADU\u00c7\u00c3O E LEGENDAS<\/b><\/p>\n<p><span style=\"font-weight: 400\">4 Esta\u00e7\u00f5es<\/span><\/p>\n<p><b>PLATAFORMAS DIGITAIS<\/b><\/p>\n<p><span style=\"font-weight: 400\">Ita\u00fa Cultural Play<br \/>\n<\/span><span style=\"font-weight: 400\">Sesc Digital<br \/>\n<\/span><span style=\"font-weight: 400\">Spcine Play<br \/>\n<\/span><span style=\"font-weight: 400\">Youtube Festival MixBrasil<\/span><\/p>\n<p><b>MANUTEN\u00c7\u00c3O WEB<\/b><\/p>\n<p><span style=\"font-weight: 400\">Site de Artista<\/span><\/p>\n<p><b>DESIGN DE MATERIAIS GR\u00c1FICOS<\/b><\/p>\n<p><span style=\"font-weight: 400\">Carolina Akary Fuzuaka<br \/>\n<\/span><span style=\"font-weight: 400\">Gabriella P\u00e1ssaro<br \/>\n<\/span><span style=\"font-weight: 400\">Tati Nunes<\/span><\/p>\n<h3><b>CAT\u00c1LOGO<\/b><\/h3>\n<p><b>PROJETO GR\u00c1FICO<\/b><\/p>\n<p><span style=\"font-weight: 400\">Carolina Akary Fuzuaka<\/span><\/p>\n<p><b>CONTE\u00daDO<\/b><\/p>\n<p><span style=\"font-weight: 400\">Andr\u00e9 Fischer, Marcio Miranda Perez e Tati Nunes<\/span><\/p>\n<p><b>REVIS\u00c3O<\/b><\/p>\n<p><span style=\"font-weight: 400\">Leonardo Do Carmo<\/span><\/p>\n<p><b>TRADU\u00c7\u00c3O<\/b><\/p>\n<p><span style=\"font-weight: 400\">Marcos Olival<\/span><\/p>\n<h3><b>IDENTIDADE VISUAL MIXBRASIL 2023<\/b><\/h3>\n<p><b>Cria\u00e7\u00e3o: <\/b><span style=\"font-weight: 400\">Danilo Janjacomo<\/span><\/p>\n<p><b>Roteiro:<\/b><span style=\"font-weight: 400\"> Danilo Janjacomo, Brendo Garcia<\/span><\/p>\n<p><b>Dire\u00e7\u00e3o:<\/b><span style=\"font-weight: 400\"> Brendo+Gonfiantini<\/span><\/p>\n<p><b>Dire\u00e7\u00e3o de Arte: <\/b><span style=\"font-weight: 400\">Brendo Garcia<\/span><\/p>\n<p><b>Dire\u00e7\u00e3o de Fotografia: <\/b><span style=\"font-weight: 400\">Adriano Gonfiantini<\/span><\/p>\n<p><b>Desenvolvimento AI:<\/b><span style=\"font-weight: 400\"> Adriano Gonfiantini, Brendo Garcia<\/span><\/p>\n<p><span style=\"font-weight: 400\"><strong>Motion Capture:<\/strong> Adriano Gonfiantini<\/span><\/p>\n<p><b>Core\u00f3grafo\/Bailarino:<\/b><span style=\"font-weight: 400\"> Luiz Crepaldi<\/span><\/p>\n<p><span style=\"font-weight: 400\"><strong>3D:<\/strong> Adriano Gonfiantini<\/span><\/p>\n<p><b>Dire\u00e7\u00e3o Executiva: <\/b><span style=\"font-weight: 400\">Renata Dumont<\/span><\/p>\n<p><b>Produ\u00e7\u00e3o Executiva S\u00eanior:<\/b><span style=\"font-weight: 400\"> Carolina Junqueira<\/span><\/p>\n<p><b>Produ\u00e7\u00e3o Executiva:<\/b><span style=\"font-weight: 400\"> Camila Martinez e Nathan Marino<\/span><\/p>\n<p><b>Gerente de Projetos: <\/b><span style=\"font-weight: 400\">Marcela Amstalden<\/span><\/p>\n<p><b>Estagi\u00e1ria de Produ\u00e7\u00e3o Executiva:<\/b><span style=\"font-weight: 400\"> Giovanna Sales<\/span><\/p>\n<p><b>Executiva de P\u00f3s: <\/b><span style=\"font-weight: 400\">Natalia Pinheiro<\/span><\/p>\n<p><b>Coordena\u00e7\u00e3o de Produ\u00e7\u00e3o:<\/b><span style=\"font-weight: 400\"> Paula Macedo, Rafael Rocha, Amanda Grell e Melina Matuoca<\/span><\/p>\n<p><b>Departamento Financeiro:<\/b><span style=\"font-weight: 400\"> Lucas Bucater e Flavia Galhardo<\/span><\/p>\n<p><b>Assistente Geral:<\/b><span style=\"font-weight: 400\"> Francisca Medeiros<\/span><\/p>\n<p><b>Coordenador de P\u00f3s-Produ\u00e7\u00e3o:<\/b><span style=\"font-weight: 400\"> Bruno Melo<\/span><\/p>\n<p><b>Assistente de P\u00f3s-Produ\u00e7\u00e3o:<\/b><span style=\"font-weight: 400\"> Max Moreira<\/span><\/p>\n<p><b>Montador:<\/b><span style=\"font-weight: 400\"> Jon Kadosca<\/span><\/p>\n<p><b>Assistente de Montagem: <\/b><span style=\"font-weight: 400\">Camila Ribeiro<\/span><\/p>\n<p><b>Finalizador<\/b><b>:<\/b><span style=\"font-weight: 400\"> Max Moreira<\/span><\/p>\n<p><b>Color Grading:<\/b><span style=\"font-weight: 400\"> Marla Color Grading<\/span><\/p>\n<p><b>Colorista: <\/b><span style=\"font-weight: 400\">Fernando Lui<\/span><\/p>\n<p><b>PR : <\/b><span style=\"font-weight: 400\">Giovanna Ricci, Malu Barros e ATTi Comunica\u00e7\u00e3o e Ideias<\/span><\/p>\n<p><b>Produtora de som: <\/b><span style=\"font-weight: 400\">LOUD<\/span><\/p>\n<p><b>Dire\u00e7\u00e3o musical:<\/b><span style=\"font-weight: 400\"> Fabio Smeili and Yuri Chix<\/span><\/p>\n<p><b>Atendimento: <\/b><span style=\"font-weight: 400\">Priscila Miranda, Lu Fernandes, and Ju Pontes<\/span><\/p>\n<p><b>Produ\u00e7\u00e3o: <\/b><span style=\"font-weight: 400\">Gustavo Garbato, Felipe Kim, Pedro Turc\u00e3o, Hugo Mariutti, Rafael Kabelo e Rodrigo Scarcello<\/span><\/p>\n<p><b>Finaliza\u00e7\u00e3o:<\/b><span style=\"font-weight: 400\"> Pedro Cortez, Ricardo Bertran, Luca Fasano, Eduardo Barbosa e Rodrigo Tedesco.<\/span><\/p>\n<p><b>Produ\u00e7\u00e3o executiva: <\/b><span style=\"font-weight: 400\">Maia Feres<\/span><\/p>\n<p><b>Coordena\u00e7\u00e3o:<\/b><span style=\"font-weight: 400\"> Rafael Silvestrini, Izabel Sanches e Doug Freitas<\/span><\/p>\n<p><span style=\"font-weight: 400\"><strong>Agradecimentos especiais:<\/strong> Stink S\u00e3o Paulo, LOUD, Casa VOT\u00da, Warriors VFX, Equipe Festival Mix Brasil.<\/span><\/p>\n<h3><b>PRESTA\u00c7\u00c3O DE CONTAS E FINANCEIRO<\/b><\/h3>\n<p><span style=\"font-weight: 400\">Josi Geller<\/span><\/p>\n<h3><b>ASSESSORIA JUR\u00cdDICA<\/b><\/h3>\n<p><span style=\"font-weight: 400\">Fregni \u2013 Lopez Da Cruz \u2013 Advogados Associados<br \/>\n<\/span><span style=\"font-weight: 400\">Dra. Gabriella Fregni<\/span><\/p>\n<h3><b>ASSESSORIA CONT\u00c1BIL<\/b><\/h3>\n<p><span style=\"font-weight: 400\">Rosana Santos Da Cruz<br \/>\n<\/span><span style=\"font-weight: 400\">Santos Assessoria Cont\u00e1bil<br \/>\n<\/span><span style=\"font-weight: 400\">Solange Baldenebro<br \/>\n<\/span><span style=\"font-weight: 400\">Valdir Carvalho<\/span><\/p>\n<h3><b>REALIZA\u00c7\u00c3O<br \/>\n<\/b><\/h3>\n<p>Associa\u00e7\u00e3o Cultural Mix Brasil<\/p>\n<p><b>PRESID\u00caNCIA<\/b><\/p>\n<p><span style=\"font-weight: 400\">Josi Geller<\/span><\/p>\n<p><b>VICE PRESID\u00caNCIA<\/b><\/p>\n<p><span style=\"font-weight: 400\">Andrea Isabel de Oliveira Amadeo<\/span><\/p>\n<p><b>DIRETORIA T\u00c9CNICA<\/b><\/p>\n<p><span style=\"font-weight: 400\">Marco Donini<\/span><\/p>\n<p><b>CONSELHO<\/b><\/p>\n<p><span style=\"font-weight: 400\">Francisco Zelesnikar<br \/>\n<\/span><span style=\"font-weight: 400\">Gabriella P\u00e1ssaro<\/span><\/p>\n","protected":false},"excerpt":{"rendered":"<p>DIRE\u00c7\u00c3O ART\u00cdSTICA &amp; CURADORIA TRANSM\u00cdDIA Andr\u00e9 Fischer DIRE\u00c7\u00c3O DE PRODU\u00c7\u00c3O Abrupta Produ\u00e7\u00f5es Art\u00edsticas DIRE\u00c7\u00c3O DE PROGRAMA\u00c7\u00c3O DE CINEMA Jo\u00e3o Federici COORDENA\u00c7\u00c3O DE PROGRAMA\u00c7\u00c3O DE CINEMA Marcio Miranda Perez COORDENA\u00c7\u00c3O DE PRODU\u00c7\u00c3O Tati Nunes PRODU\u00c7\u00c3O Murilo Rocha Victor Gally Valmir Paulino ASSISTENTE DE PRODU\u00c7\u00c3O Elmore Leal Saara Carneiro HOSPITALIDADE Cris Nunes Matheus de Souza COMIT\u00ca DE [&hellip;]<\/p>\n","protected":false},"author":13,"featured_media":0,"parent":0,"menu_order":0,"comment_status":"closed","ping_status":"closed","template":"","meta":{"footnotes":""},"class_list":["post-3279","page","type-page","status-publish"],"_links":{"self":[{"href":"https:\/\/mixbrasil.org.br\/31\/wp-json\/wp\/v2\/pages\/3279","targetHints":{"allow":["GET"]}}],"collection":[{"href":"https:\/\/mixbrasil.org.br\/31\/wp-json\/wp\/v2\/pages"}],"about":[{"href":"https:\/\/mixbrasil.org.br\/31\/wp-json\/wp\/v2\/types\/page"}],"author":[{"embeddable":true,"href":"https:\/\/mixbrasil.org.br\/31\/wp-json\/wp\/v2\/users\/13"}],"replies":[{"embeddable":true,"href":"https:\/\/mixbrasil.org.br\/31\/wp-json\/wp\/v2\/comments?post=3279"}],"version-history":[{"count":0,"href":"https:\/\/mixbrasil.org.br\/31\/wp-json\/wp\/v2\/pages\/3279\/revisions"}],"wp:attachment":[{"href":"https:\/\/mixbrasil.org.br\/31\/wp-json\/wp\/v2\/media?parent=3279"}],"curies":[{"name":"wp","href":"https:\/\/api.w.org\/{rel}","templated":true}]}}