{"id":3606,"date":"2023-11-06T22:34:07","date_gmt":"2023-11-07T01:34:07","guid":{"rendered":"https:\/\/mixbrasil.org.br\/31\/?page_id=3606"},"modified":"2023-11-06T22:34:07","modified_gmt":"2023-11-07T01:34:07","slug":"introduction","status":"publish","type":"page","link":"https:\/\/mixbrasil.org.br\/31\/en\/introduction\/","title":{"rendered":"Introduction"},"content":{"rendered":"<p><img loading=\"lazy\" decoding=\"async\" class=\"alignnone\" src=\"https:\/\/rede.mixbrasil.org.br\/31\/wp-content\/uploads\/sites\/30\/2023\/11\/arte_site_campos.jpg\" alt=\"\" width=\"1067\" height=\"600\" \/><\/p>\n<p><em>We&#8217;ve Never Been So Mix<\/em><\/p>\n<p>Welcome to the 31st Mix Brasil Festival!<\/p>\n<p>In a moment when individuality and conflicts advance, the Mix Brasil Festival represents a tribute to the strength of plurality and the richness of our community&#8217;s narratives. \u201cWe&#8217;ve Never Been So Mix\u201d is not just a theme. It&#8217;s a statement claiming that despite the regrets, and also because of them, we can build a present time and a future where drawers, closets, and stereotypes stop making sense.<\/p>\n<p>Throughout the extensive program \u2014 with 137 works among films, XR experiences, theater performances, games, and activities such as shows, workshops for the children and for audiovisual professionals, panel discussions on literature and parties \u2014, a huge diversity of talents and perspectives coming from 37 countries is presented. A transmedia journey transcending barriers, inspiring and leading to several ways of creation, inclusion, desire, and freedom. A celebration of who we are, love and dream of, and the immortal presences of Andr\u00e9 Pomba, Z\u00e9 Celso Martinez Corr\u00eaa and Danilo Santos de Miranda.<\/p>\n<p>Some changes, started some time ago, keep on moving forward. Consolidating the program integration process that seeks to not hierarchize information, we propose a new way of navigating the festival content. Totally online, it aims to give the same value to all the artistic manifestations included in the festival and it also points out to the beginning of an active process of reduction and awareness on the impact generated by our activities in the environment. Accessibility actions also make themselves present beyond the rooms, with inclusion acts and audience development for people living with ASD (Autism Spectrum Disorder).<\/p>\n<p>The campaign created by Danilo Janjacomo, directed by Brendo+Gonfiantini and produced by Stink, and the world premiere of Igi Lola Ayedun&#8217;s new work &#8220;Eclosion of a dream, a fantasy\u201d, both of them AI-generated, are milestones for the capacity of transcending the traditional art boundaries and of innovating present in the program.<\/p>\n<p>MixLab Spcine, which has a training character for the community professionals, brings among the highlights filmmakers sharing experiences, including Lillah Halla and Zeno Graton, and the new metaverse project by director and playwright Jana\u00edna Leite.<\/p>\n<p>New acts are added to the traditional ones, with Marisa Orth leading the indescribable The Gong Show for 25 years and Silvetty Montilla introducing for almost two decades already, the priceless drag queens and singing shows of New Talents. Renata Carvalho joins Gus van Sant, Jo\u00e3o Nery, Marina Lima, Marcia Pantera, Ney Matogrosso and Linn da Quebrada in the luxurious gallery of professional careers honored with the Mix Icon Award.<\/p>\n<p>All of this in four areas at MIS (the place where Mix Brasil was created in 1993), Cinesesc, S\u00e9rgio Cardoso Theater, Cine Olido, Instituto Moreira Salles, Sala Paulo Em\u00edlio at CCSP, Museum of Portuguese Language, M\u00e1rio de Andrade Library, YouTube, Instagram and Facebook @festivalmixbrasil and in the partner digital platforms Sesc Digital, Spcine Play, Itaucultural Play and CultSP Play.<\/p>\n<p>The magic happens thanks to the incredible warrior team gathering each year and to the sponsorship of Ita\u00fa, Mercado Livre and Spcine, the support of Sesc SP, the French consultate in S\u00e3o Paulo and a number of partnerships without which we wouldn&#8217;t be able to present so many activites to celebrate LGBTQIA+ identities diversity, passions and artistic expression!<\/p>\n<p>Andr\u00e9 Fischer<\/p>\n","protected":false},"excerpt":{"rendered":"<p>We&#8217;ve Never Been So Mix Welcome to the 31st Mix Brasil Festival! In a moment when individuality and conflicts advance, the Mix Brasil Festival represents a tribute to the strength of plurality and the richness of our community&#8217;s narratives. \u201cWe&#8217;ve Never Been So Mix\u201d is not just a theme. It&#8217;s a statement claiming that despite [&hellip;]<\/p>\n","protected":false},"author":13,"featured_media":0,"parent":0,"menu_order":0,"comment_status":"open","ping_status":"closed","template":"","meta":{"footnotes":""},"class_list":["post-3606","page","type-page","status-publish"],"_links":{"self":[{"href":"https:\/\/mixbrasil.org.br\/31\/wp-json\/wp\/v2\/pages\/3606","targetHints":{"allow":["GET"]}}],"collection":[{"href":"https:\/\/mixbrasil.org.br\/31\/wp-json\/wp\/v2\/pages"}],"about":[{"href":"https:\/\/mixbrasil.org.br\/31\/wp-json\/wp\/v2\/types\/page"}],"author":[{"embeddable":true,"href":"https:\/\/mixbrasil.org.br\/31\/wp-json\/wp\/v2\/users\/13"}],"replies":[{"embeddable":true,"href":"https:\/\/mixbrasil.org.br\/31\/wp-json\/wp\/v2\/comments?post=3606"}],"version-history":[{"count":0,"href":"https:\/\/mixbrasil.org.br\/31\/wp-json\/wp\/v2\/pages\/3606\/revisions"}],"wp:attachment":[{"href":"https:\/\/mixbrasil.org.br\/31\/wp-json\/wp\/v2\/media?parent=3606"}],"curies":[{"name":"wp","href":"https:\/\/api.w.org\/{rel}","templated":true}]}}