{"id":892,"date":"2022-10-25T17:52:27","date_gmt":"2022-10-25T20:52:27","guid":{"rendered":"https:\/\/mixbrasil.org.br\/31\/?p=892"},"modified":"2022-10-25T17:52:27","modified_gmt":"2022-10-25T20:52:27","slug":"show-do-gongo","status":"publish","type":"page","link":"https:\/\/mixbrasil.org.br\/31\/show-do-gongo\/","title":{"rendered":"Show do Gongo"},"content":{"rendered":"<p><img loading=\"lazy\" decoding=\"async\" class=\"alignnone size-full wp-image-2841\" src=\"https:\/\/rede.mixbrasil.org.br\/31\/wp-content\/uploads\/sites\/30\/2022\/10\/53300140002_c4fd5af232_o.jpg\" alt=\"\" width=\"1925\" height=\"1284\" srcset=\"https:\/\/mixbrasil.org.br\/31\/wp-content\/uploads\/sites\/30\/2022\/10\/53300140002_c4fd5af232_o.jpg 1925w, https:\/\/mixbrasil.org.br\/31\/wp-content\/uploads\/sites\/30\/2022\/10\/53300140002_c4fd5af232_o-300x200.jpg 300w, https:\/\/mixbrasil.org.br\/31\/wp-content\/uploads\/sites\/30\/2022\/10\/53300140002_c4fd5af232_o-1024x683.jpg 1024w, https:\/\/mixbrasil.org.br\/31\/wp-content\/uploads\/sites\/30\/2022\/10\/53300140002_c4fd5af232_o-768x512.jpg 768w, https:\/\/mixbrasil.org.br\/31\/wp-content\/uploads\/sites\/30\/2022\/10\/53300140002_c4fd5af232_o-1536x1025.jpg 1536w, https:\/\/mixbrasil.org.br\/31\/wp-content\/uploads\/sites\/30\/2022\/10\/53300140002_c4fd5af232_o-150x100.jpg 150w, https:\/\/mixbrasil.org.br\/31\/wp-content\/uploads\/sites\/30\/2022\/10\/53300140002_c4fd5af232_o-696x464.jpg 696w, https:\/\/mixbrasil.org.br\/31\/wp-content\/uploads\/sites\/30\/2022\/10\/53300140002_c4fd5af232_o-1068x712.jpg 1068w, https:\/\/mixbrasil.org.br\/31\/wp-content\/uploads\/sites\/30\/2022\/10\/53300140002_c4fd5af232_o-1920x1281.jpg 1920w, https:\/\/mixbrasil.org.br\/31\/wp-content\/uploads\/sites\/30\/2022\/10\/53300140002_c4fd5af232_o-630x420.jpg 630w\" sizes=\"auto, (max-width: 1925px) 100vw, 1925px\" \/><\/p>\n<p><strong>14 NOV <\/strong>| TER\u00c7A-FEIRA | <strong><a href=\"https:\/\/www.teatrosergiocardoso.org.br\/pt-br\" target=\"_blank\" rel=\"noopener\">TEATRO SERGIO CARDOSO<\/a><\/strong> \u2013 SALA NYDIA L\u00cdCIA<strong><br \/>\n<\/strong>20h30 \u2013 Show do Gongo (90\u2032) | classifica\u00e7\u00e3o 14 anos | Gongo | LIBRAS<span style=\"background-color: #ff00ff\"><br \/>\n<\/span><\/p>\n<hr \/>\n<p>#queer #performativo #comedia #cinema<\/p>\n<p style=\"text-align: justify\">\u2022gongar\u2022 verbo transitivo direto eliminar (algu\u00e9m) de concurso ou competi\u00e7\u00e3o, fazendo soar um gongo ou sinal convencionado que o substitua. Levando a s\u00e9rio o dicion\u00e1rio, voltamos mais uma vez com o tradicional\u00edssimo Show do Gongo, onde sua fabulosa hostess Marisa Orth traduz o anseio da plateia mais enloquecida do Brasil, decidindo se os v\u00eddeos enviados por desapegados realizadores ser\u00e3o gongados ou avaliados pelo j\u00fari extremamente t\u00e9cnico na arte de achincalhar.<\/p>\n","protected":false},"excerpt":{"rendered":"<p>14 NOV | TER\u00c7A-FEIRA | TEATRO SERGIO CARDOSO \u2013 SALA NYDIA L\u00cdCIA 20h30 \u2013 Show do Gongo (90\u2032) | classifica\u00e7\u00e3o 14 anos | Gongo | LIBRAS #queer #performativo #comedia #cinema \u2022gongar\u2022 verbo transitivo direto eliminar (algu\u00e9m) de concurso ou competi\u00e7\u00e3o, fazendo soar um gongo ou sinal convencionado que o substitua. Levando a s\u00e9rio o dicion\u00e1rio, [&hellip;]<\/p>\n","protected":false},"author":12,"featured_media":2841,"parent":0,"menu_order":0,"comment_status":"open","ping_status":"closed","template":"","meta":{"footnotes":""},"class_list":["post-892","page","type-page","status-publish","has-post-thumbnail"],"_links":{"self":[{"href":"https:\/\/mixbrasil.org.br\/31\/wp-json\/wp\/v2\/pages\/892","targetHints":{"allow":["GET"]}}],"collection":[{"href":"https:\/\/mixbrasil.org.br\/31\/wp-json\/wp\/v2\/pages"}],"about":[{"href":"https:\/\/mixbrasil.org.br\/31\/wp-json\/wp\/v2\/types\/page"}],"author":[{"embeddable":true,"href":"https:\/\/mixbrasil.org.br\/31\/wp-json\/wp\/v2\/users\/12"}],"replies":[{"embeddable":true,"href":"https:\/\/mixbrasil.org.br\/31\/wp-json\/wp\/v2\/comments?post=892"}],"version-history":[{"count":0,"href":"https:\/\/mixbrasil.org.br\/31\/wp-json\/wp\/v2\/pages\/892\/revisions"}],"wp:featuredmedia":[{"embeddable":true,"href":"https:\/\/mixbrasil.org.br\/31\/wp-json\/wp\/v2\/media\/2841"}],"wp:attachment":[{"href":"https:\/\/mixbrasil.org.br\/31\/wp-json\/wp\/v2\/media?parent=892"}],"curies":[{"name":"wp","href":"https:\/\/api.w.org\/{rel}","templated":true}]}}