{"id":896,"date":"2023-10-25T17:55:53","date_gmt":"2023-10-25T20:55:53","guid":{"rendered":"https:\/\/mixbrasil.org.br\/31\/?p=896"},"modified":"2023-10-25T17:55:53","modified_gmt":"2023-10-25T20:55:53","slug":"icone-mix","status":"publish","type":"page","link":"https:\/\/mixbrasil.org.br\/31\/icone-mix\/","title":{"rendered":"\u00cdcone Mix"},"content":{"rendered":"<h2 style=\"text-align: justify\"><strong>Renata Carvalho<\/strong><\/h2>\n<p><img loading=\"lazy\" decoding=\"async\" class=\"alignnone size-full wp-image-2856\" src=\"https:\/\/rede.mixbrasil.org.br\/31\/wp-content\/uploads\/sites\/30\/2022\/10\/renata-carvalho.png\" alt=\"\" width=\"637\" height=\"808\" srcset=\"https:\/\/mixbrasil.org.br\/31\/wp-content\/uploads\/sites\/30\/2022\/10\/renata-carvalho.png 637w, https:\/\/mixbrasil.org.br\/31\/wp-content\/uploads\/sites\/30\/2022\/10\/renata-carvalho-237x300.png 237w, https:\/\/mixbrasil.org.br\/31\/wp-content\/uploads\/sites\/30\/2022\/10\/renata-carvalho-150x190.png 150w, https:\/\/mixbrasil.org.br\/31\/wp-content\/uploads\/sites\/30\/2022\/10\/renata-carvalho-300x381.png 300w, https:\/\/mixbrasil.org.br\/31\/wp-content\/uploads\/sites\/30\/2022\/10\/renata-carvalho-331x420.png 331w\" sizes=\"auto, (max-width: 637px) 100vw, 637px\" \/><\/p>\n<p>Em 2017, foi criado o Pr\u00eamio \u00cdcone Mix, para homenagear trajet\u00f3rias importantes de pessoas que mudaram os rumos da hist\u00f3ria e a representa\u00e7\u00e3o LGBT+, e que tem uma rela\u00e7\u00e3o com o Mix Brasil. Foram recipientes do pr\u00eamio at\u00e9 hoje o cineasta Gus Van Sant, o escritor e ativista trans Jo\u00e3o Nery, Marina Lima, celebrando os 40 anos de carreira, a criadora do bate-cabelo Marcia Pantera, Ney Matogrosso, ao completar 80 anos de juventude, e, no ano passado, a complet\u00edssima Linn da Quebrada.\u2028A nossa homenageda deste ano \u00e9 atriz, diretora, dramaturga, transp\u00f3loga, uma figura ic\u00f4nica que transcende os limites do palco e da tela.<\/p>\n<p>Aqui no Mix Brasil, a gente j\u00e1 teve a honra de receber nos palcos do Dram\u00e1tica dois espet\u00e1culos estrelados por ela, verdadeiros referenciais da dramaturgia LGBT+ brasileira: \u201cO Evangelho Segundo Jesus, Rainha do C\u00e9u\u201d, em 2016, e seu \u201cManifesto Transpof\u00e1gico\u201d, em 2020, mesmo ano em que, nas telas, ela viveu a oper\u00e1ria Paula Astorga de \u201cVento Seco\u201d. Agora, no 31\u00ba Festival Mix Brasil, marca presen\u00e7a na programa\u00e7\u00e3o em dois curtas, \u201cDinho\u201d e \u201cO Cavalo de Pedro\u201d \u2014 este \u00faltimo, parte da competitiva de curtas.<\/p>\n<p>Ela \u00e9 uma defensora ativa dos direitos LGBT+ e uma voz poderosa na luta contra a discrimina\u00e7\u00e3o e o preconceito. Seu trabalho destemido tem contribu\u00eddo para aumentar a visibilidade e a compreens\u00e3o de quest\u00f5es de g\u00eanero, uma presen\u00e7a poderosa na luta pela igualdade e diversidade, que usa seu talento para abrir caminhos e inspirar.<br \/>\nRenata Carvalho \u00e9 nosso \u00edcone mix 2023!<\/p>\n","protected":false},"excerpt":{"rendered":"<p>Renata Carvalho Em 2017, foi criado o Pr\u00eamio \u00cdcone Mix, para homenagear trajet\u00f3rias importantes de pessoas que mudaram os rumos da hist\u00f3ria e a representa\u00e7\u00e3o LGBT+, e que tem uma rela\u00e7\u00e3o com o Mix Brasil. Foram recipientes do pr\u00eamio at\u00e9 hoje o cineasta Gus Van Sant, o escritor e ativista trans Jo\u00e3o Nery, Marina Lima, [&hellip;]<\/p>\n","protected":false},"author":12,"featured_media":2856,"parent":0,"menu_order":0,"comment_status":"open","ping_status":"closed","template":"","meta":{"footnotes":""},"class_list":["post-896","page","type-page","status-publish","has-post-thumbnail"],"_links":{"self":[{"href":"https:\/\/mixbrasil.org.br\/31\/wp-json\/wp\/v2\/pages\/896","targetHints":{"allow":["GET"]}}],"collection":[{"href":"https:\/\/mixbrasil.org.br\/31\/wp-json\/wp\/v2\/pages"}],"about":[{"href":"https:\/\/mixbrasil.org.br\/31\/wp-json\/wp\/v2\/types\/page"}],"author":[{"embeddable":true,"href":"https:\/\/mixbrasil.org.br\/31\/wp-json\/wp\/v2\/users\/12"}],"replies":[{"embeddable":true,"href":"https:\/\/mixbrasil.org.br\/31\/wp-json\/wp\/v2\/comments?post=896"}],"version-history":[{"count":0,"href":"https:\/\/mixbrasil.org.br\/31\/wp-json\/wp\/v2\/pages\/896\/revisions"}],"wp:featuredmedia":[{"embeddable":true,"href":"https:\/\/mixbrasil.org.br\/31\/wp-json\/wp\/v2\/media\/2856"}],"wp:attachment":[{"href":"https:\/\/mixbrasil.org.br\/31\/wp-json\/wp\/v2\/media?parent=896"}],"curies":[{"name":"wp","href":"https:\/\/api.w.org\/{rel}","templated":true}]}}