{"id":902,"date":"2023-10-25T17:57:16","date_gmt":"2023-10-25T20:57:16","guid":{"rendered":"https:\/\/mixbrasil.org.br\/31\/?p=902"},"modified":"2023-10-25T17:57:16","modified_gmt":"2023-10-25T20:57:16","slug":"premios","status":"publish","type":"page","link":"https:\/\/mixbrasil.org.br\/31\/premios\/","title":{"rendered":"Pr\u00eamios"},"content":{"rendered":"<p><img loading=\"lazy\" decoding=\"async\" class=\"alignnone size-full wp-image-2081\" src=\"https:\/\/rede.mixbrasil.org.br\/31\/wp-content\/uploads\/sites\/30\/2022\/11\/festivalmixbrasil_316362435_5737113606381406_6419875787736288854_n.jpg\" alt=\"\" width=\"790\" height=\"467\" \/><\/p>\n<p><strong><u>CINEMA<\/u><\/strong><\/p>\n<p><strong>COELHOS DE OURO<br \/>\nPr\u00eamio do J\u00fari da Mostra Competitiva Brasil<\/strong><\/p>\n<ul>\n<li>Melhor Curta-Metragem Nacional<\/li>\n<li>Melhor Longa-Metragem Nacional<\/li>\n<\/ul>\n<p><strong>COELHOS DE PRATA<br \/>\nPr\u00eamio do J\u00fari da Mostra Competitiva Brasil para Curtas-metragens<\/strong><\/p>\n<ul>\n<li>Melhor Dire\u00e7\u00e3o<\/li>\n<li>Melhor Roteiro<\/li>\n<li>Melhor Interpreta\u00e7\u00e3o<\/li>\n<\/ul>\n<p><strong>Pr\u00eamio do J\u00fari da Mostra Competitiva Brasil para Longas e M\u00e9dias-metragens<\/strong><\/p>\n<ul>\n<li>Melhor Dire\u00e7\u00e3o<\/li>\n<li>Melhor Roteiro<\/li>\n<li>Melhor Interpreta\u00e7\u00e3o<\/li>\n<\/ul>\n<p><strong>Pr\u00eamio do P\u00fablico<\/strong><\/p>\n<ul>\n<li>Melhor Curta-Metragem Nacional<\/li>\n<li>Melhor Curta-Metragem Internacional<\/li>\n<li>Melhor Longa-Metragem Nacional<\/li>\n<li>Melhor Longa-Metragem Internacional<u><\/u><\/li>\n<\/ul>\n<p><strong>PR\u00caMIOS DE INCENTIVO<\/strong><\/p>\n<p><strong>Pr\u00eamio Canal Brasil de Curtas:\u00a0<\/strong>Tem como objetivo estimular a nova gera\u00e7\u00e3o de cineastas, contemplando os vencedores na categoria curta-metragem. Um j\u00fari convidado pelo canal composto por cr\u00edticos e jornalistas especializados em cinema escolhe o melhor curta em competi\u00e7\u00e3o, que recebe o trof\u00e9u Canal Brasil e um pr\u00eamio no valor de R$ 15 mil (quinze mil reais), al\u00e9m de ir pra grade do canal, que exibe curtas-metragens todos os dias. Em 2023, o Canal Brasil completa 25 anos no ar e, desde sua funda\u00e7\u00e3o, est\u00e1 presente nos mais representativos festivais de cinema do pa\u00eds, respirando e existindo atrav\u00e9s do cinema brasileiro!<\/p>\n<p><strong>Pr\u00eamio SescTV Apresenta: <\/strong>Um pr\u00eamio especial de licenciamento no valor de R$ 6 mil (seis mil reais) para o melhor filme da Mostra Competitiva de Curtas, escolhido por um j\u00fari indicado pelo Canal, e contrato de exibi\u00e7\u00e3o por dois anos na programa\u00e7\u00e3o do SescTV e plataforma digital (VOD).<\/p>\n<p><em>O longa e o curta premiados com o Coelho de Ouro tamb\u00e9m receber\u00e3o os pr\u00eamios de incentivo \u00e0 realiza\u00e7\u00e3o de seus novos projetos audiovisuais atrav\u00e9s da parceria do Festival Mix Brasil com apoiadores da \u00e1rea cinematogr\u00e1fica. S\u00e3o eles:<\/em><\/p>\n<p><b>CTAV:<br \/>\n<\/b><strong>Curta-metragem:<\/strong> Encode DCP de at\u00e9 15 minutos + HD externo para o melhor curta nacional segundo voto popular.<br \/>\n<strong>Longa-Metragem:<\/strong> encode DCP de at\u00e9 120 minutos + HD externo para o melhor longa nacional segundo voto popular.<\/p>\n<p><b>DOTCINE:<br \/>\nCurta-metragem: <\/b>02 di\u00e1rias de corre\u00e7\u00e3o de cor + Master DCP para o melhor curta nacional segundo voto do j\u00fari.<b><br \/>\nLonga-metragem: <\/b>Master DCP para o melhor longa nacional segundo voto do j\u00fari.<\/p>\n<p><b>MISTIKA:<br \/>\n<\/b><strong>Curta-metragem:<\/strong> R$ 7 mil em servi\u00e7os de p\u00f3s-produ\u00e7\u00e3o de imagem para o melhor curta nacional segundo voto do j\u00fari.<\/p>\n<p><strong>PR\u00caMIO DRAM\u00c1TICA<\/strong><\/p>\n<p><strong>COELHO DE OURO<\/strong> + R$5 mil reais para a melhor pe\u00e7a in\u00e9dita apresentada no Dram\u00e1tica 2023, segundo j\u00fari especializado.<br \/>\n<strong>COELHO DE PRATA<\/strong> para a melhor pe\u00e7a in\u00e9dita apresentada no Dram\u00e1tica 2023, segundo voto popular.<\/p>\n<p><strong> PR\u00caMIOS ESPECIAIS<\/strong><\/p>\n<p><strong>PR\u00caMIO \u00cdCONE MIX:<\/strong> O pr\u00eamio \u00cdcone Mix foi criado com a proposta de homenagear indiv\u00edduos que tenham contribu\u00eddo para o desenvolvimento da comunidade LGBT+.<\/p>\n<p><strong>PR\u00caMIO MIX LITER\u00c1RIO:<\/strong> Coelho de Prata entregue \u00e0 melhor contribui\u00e7\u00e3o liter\u00e1ria (livro), publicado entre 10\/2021 e 09\/2022, para a comunidade LGBT+ de pa\u00edses de l\u00edngua portuguesa<\/p>\n<p><strong>PR\u00caMIO SUZY CAP\u00d3:<\/strong> As paix\u00f5es pelo cinema e teatro nortearam a vida de Suzy Cap\u00f3, fazendo com que deixasse sua marca em muitos festivais de circuito LGBT+ em que participou ativamente, tanto no Brasil quanto no exterior. O Festival MixBrasil premiar\u00e1 a diretora cujo trabalho teve destaque nesta 31\u00aa edi\u00e7\u00e3o com trof\u00e9u Coelho de Prata que leva seu nome.<\/p>\n<p><strong>PR\u00caMIO SHOW DO GONGO:<\/strong> Coelho de Prata entregue ao v\u00eddeo sobrevivente \u00e0s gongadas do p\u00fablico e de Marisa Orth.<\/p>\n<p><strong>PR\u00caMIA IDA FELDMAN:<\/strong> Coelho de Prata entregue \u00e0 personalidade que mais se destacar na edi\u00e7\u00e3o Festival Mix Brasil sob a \u00f3tica de Ida Feldman.<\/p>\n","protected":false},"excerpt":{"rendered":"<p>CINEMA COELHOS DE OURO Pr\u00eamio do J\u00fari da Mostra Competitiva Brasil Melhor Curta-Metragem Nacional Melhor Longa-Metragem Nacional COELHOS DE PRATA Pr\u00eamio do J\u00fari da Mostra Competitiva Brasil para Curtas-metragens Melhor Dire\u00e7\u00e3o Melhor Roteiro Melhor Interpreta\u00e7\u00e3o Pr\u00eamio do J\u00fari da Mostra Competitiva Brasil para Longas e M\u00e9dias-metragens Melhor Dire\u00e7\u00e3o Melhor Roteiro Melhor Interpreta\u00e7\u00e3o Pr\u00eamio do P\u00fablico [&hellip;]<\/p>\n","protected":false},"author":12,"featured_media":2080,"parent":0,"menu_order":0,"comment_status":"open","ping_status":"closed","template":"","meta":{"footnotes":""},"class_list":["post-902","page","type-page","status-publish","has-post-thumbnail"],"_links":{"self":[{"href":"https:\/\/mixbrasil.org.br\/31\/wp-json\/wp\/v2\/pages\/902","targetHints":{"allow":["GET"]}}],"collection":[{"href":"https:\/\/mixbrasil.org.br\/31\/wp-json\/wp\/v2\/pages"}],"about":[{"href":"https:\/\/mixbrasil.org.br\/31\/wp-json\/wp\/v2\/types\/page"}],"author":[{"embeddable":true,"href":"https:\/\/mixbrasil.org.br\/31\/wp-json\/wp\/v2\/users\/12"}],"replies":[{"embeddable":true,"href":"https:\/\/mixbrasil.org.br\/31\/wp-json\/wp\/v2\/comments?post=902"}],"version-history":[{"count":0,"href":"https:\/\/mixbrasil.org.br\/31\/wp-json\/wp\/v2\/pages\/902\/revisions"}],"wp:featuredmedia":[{"embeddable":true,"href":"https:\/\/mixbrasil.org.br\/31\/wp-json\/wp\/v2\/media\/2080"}],"wp:attachment":[{"href":"https:\/\/mixbrasil.org.br\/31\/wp-json\/wp\/v2\/media?parent=902"}],"curies":[{"name":"wp","href":"https:\/\/api.w.org\/{rel}","templated":true}]}}