{"id":2859,"date":"2023-11-02T20:34:40","date_gmt":"2023-11-02T23:34:40","guid":{"rendered":"https:\/\/mixbrasil.org.br\/31\/?p=2859"},"modified":"2023-11-02T20:34:40","modified_gmt":"2023-11-02T23:34:40","slug":"sesc","status":"publish","type":"page","link":"https:\/\/mixbrasil.org.br\/32\/sesc\/","title":{"rendered":"Sesc | Habita\u00e7\u00f5es do eu"},"content":{"rendered":"\n<p>As express\u00f5es art\u00edsticas permitem a observa\u00e7\u00e3o da realidade a partir de pontos de vista expandidos. Atrav\u00e9s do olhar das pessoas que criaram uma determinada obra, podemos reinventar nossas pr\u00f3prias perspectivas, que passam a se tran\u00e7ar com esses imagin\u00e1rios. Essa abertura para a reelabora\u00e7\u00e3o vem ao encontro das subjetividades LGBTQIAPN+, cujas multiplicidades, anunciadas pelo s\u00edmbolo inclusivo de adi\u00e7\u00e3o, presente na sigla, prop\u00f5em que as identidades de g\u00eanero e de sexualidade decorrem da diversidade do sentir e do ser. <\/p>\n\n\n\n<p>A 32\u00aa edi\u00e7\u00e3o do Festival MixBrasil de Cultura da Diversidade re\u00fane produ\u00e7\u00f5es em in\u00fameras linguagens art\u00edsticas \u2014 como cinema, m\u00fasica, literatura e tecnologias imersivas \u2014, as quais t\u00eam como elemento comum o protagonismo de artistas que elaboram esteticamente corporalidades e performatividades de g\u00eanero e sexualidade n\u00e3o-hegem\u00f4nicas. A partir da proposta de difundir essas produ\u00e7\u00f5es no panorama nacional, o festival procura ampliar a partilha de discursos, representa\u00e7\u00f5es e mem\u00f3rias que, em di\u00e1logo, comp\u00f5em um panorama diverso, coerente com as in\u00fameras formas de ser que efetivamente constituem a realidade. <\/p>\n\n\n\n<p>Essa premissa vem ao encontro dos valores que orientam o trabalho do Sesc. A promo\u00e7\u00e3o da diversidade por meio da cria\u00e7\u00e3o de espa\u00e7os e contextos de conviv\u00eancia, interc\u00e2mbios e experi\u00eancias sobre pertencimento configura dimens\u00e3o essencial da a\u00e7\u00e3o institucional. Trata-se de pr\u00e9-condi\u00e7\u00e3o para sociabilidades pautadas pela dignidade e pelo respeito \u00e0s m\u00faltiplas formas de habitar o mundo \u2014 em especial o mundo que denominamos corpo.<\/p>\n\n\n\n<p><strong>Sesc S\u00e3o Paulo<\/strong><\/p>\n","protected":false},"excerpt":{"rendered":"<p>As express\u00f5es art\u00edsticas permitem a observa\u00e7\u00e3o da realidade a partir de pontos de vista expandidos. Atrav\u00e9s do olhar das pessoas que criaram uma determinada obra, podemos reinventar nossas pr\u00f3prias perspectivas, que passam a se tran\u00e7ar com esses imagin\u00e1rios. Essa abertura para a reelabora\u00e7\u00e3o vem ao encontro das subjetividades LGBTQIAPN+, cujas multiplicidades, anunciadas pelo s\u00edmbolo inclusivo [&hellip;]<\/p>\n","protected":false},"author":13,"featured_media":0,"parent":0,"menu_order":0,"comment_status":"open","ping_status":"open","template":"","meta":{"_themeisle_gutenberg_block_has_review":false,"footnotes":""},"class_list":["post-2859","page","type-page","status-publish","hentry","missing-thumbnail"],"_links":{"self":[{"href":"https:\/\/mixbrasil.org.br\/32\/wp-json\/wp\/v2\/pages\/2859","targetHints":{"allow":["GET"]}}],"collection":[{"href":"https:\/\/mixbrasil.org.br\/32\/wp-json\/wp\/v2\/pages"}],"about":[{"href":"https:\/\/mixbrasil.org.br\/32\/wp-json\/wp\/v2\/types\/page"}],"author":[{"embeddable":true,"href":"https:\/\/mixbrasil.org.br\/32\/wp-json\/wp\/v2\/users\/13"}],"replies":[{"embeddable":true,"href":"https:\/\/mixbrasil.org.br\/32\/wp-json\/wp\/v2\/comments?post=2859"}],"version-history":[{"count":0,"href":"https:\/\/mixbrasil.org.br\/32\/wp-json\/wp\/v2\/pages\/2859\/revisions"}],"wp:attachment":[{"href":"https:\/\/mixbrasil.org.br\/32\/wp-json\/wp\/v2\/media?parent=2859"}],"curies":[{"name":"wp","href":"https:\/\/api.w.org\/{rel}","templated":true}]}}