{"id":3281,"date":"2023-11-04T11:24:43","date_gmt":"2023-11-04T14:24:43","guid":{"rendered":"https:\/\/mixbrasil.org.br\/31\/?page_id=3281"},"modified":"2023-11-04T11:24:43","modified_gmt":"2023-11-04T14:24:43","slug":"technical-data-sheet","status":"publish","type":"page","link":"https:\/\/mixbrasil.org.br\/32\/en\/technical-data-sheet\/","title":{"rendered":"Technical Data Sheet"},"content":{"rendered":"\n<p><b>DIRECTION &amp; TRANSMEDIA CURATION<\/b><\/p>\n\n\n\n<p><span style=\"font-weight: 400\">Andr\u00e9 Fischer<\/span><\/p>\n\n\n\n<p><b><strong>CINEMA PROGRAMMING DIRECTION<\/strong><\/b><\/p>\n\n\n\n<p><span style=\"font-weight: 400\">Jo\u00e3o Federici<\/span><br>Marcio Miranda Perez<\/p>\n\n\n\n<p><b>PRODUCTION COORDINATOR<\/b><\/p>\n\n\n\n<p>K\u00e1tia Ciccone<br>Ra\u00ed Gandra<\/p>\n\n\n\n<p><b>PRODUCTION ASSISTANT<\/b><\/p>\n\n\n\n<p><span style=\"font-weight: 400\">Quebrantxy<\/span><\/p>\n\n\n\n<p><b><strong>ACCOUNTABILITY &amp; FINANCES<\/strong><\/b><\/p>\n\n\n\n<p><span style=\"font-weight: 400\">Abrupta Produ\u00e7\u00f5es Art\u00edsticas<\/span><\/p>\n\n\n\n<p><b>HOSPITALITY<\/b><\/p>\n\n\n\n<p><span style=\"font-weight: 400\">K\u00e1tia Ciccone<\/span><\/p>\n\n\n\n<p><b>USHERING<\/b><\/p>\n\n\n\n<p>PJ 2Hs Entretenimento<\/p>\n\n\n\n<p><b>FILM SELECTION COMMITTEE<\/b><\/p>\n\n\n\n<p>Andr\u00e9 Fischer<br>Jo\u00e3o Federici<br>Julia Katharine<br>Marcio Miranda Perez<br>Mirella Fa\u00e7anha<br>Pedro Tinen<br>Victor Di Marco<br>Viviane Pistache<\/p>\n\n\n\n<p><b>VISUAL ARTS<\/b><\/p>\n\n\n\n<p>Ocupa\u00e7\u00e3o Artemisia \/ naUapi<br>St\u00e9phane Malysse<\/p>\n\n\n\n<p><strong>THE GONG SHOW HOST<\/strong><\/p>\n\n\n\n<p>Bruno Motta &amp; Gongada drag<\/p>\n\n\n\n<h3 class=\"wp-block-heading\"><b>MERCADO MUNDO MIX 30 ANOS<\/b><\/h3>\n\n\n\n<p><strong>CONCEPTION<\/strong><\/p>\n\n\n\n<p>Beto Lago<\/p>\n\n\n\n<p><strong>PRODU\u00c7\u00c3O &amp; CURADORIA <\/strong><\/p>\n\n\n\n<p>Feira de ideias<\/p>\n\n\n\n<p><b>MIX LITER\u00c1RIO PRODUCTION &amp; CURATION<\/b><\/p>\n\n\n\n<p><span style=\"font-weight: 400\">Alexandre Rabelo<\/span><\/p>\n\n\n\n<p><b>MIXMUSIC PRODUCTION<\/b><\/p>\n\n\n\n<p><span style=\"font-weight: 400\">Ra\u00ed Gandra<\/span><\/p>\n\n\n\n<p><b>MIXGAMES PRODUCTION<\/b><\/p>\n\n\n\n<p><span style=\"font-weight: 400\">Osvaldo Ortega<\/span><\/p>\n\n\n\n<h3 class=\"wp-block-heading\"><b>MIXLAB SPCINE<\/b><\/h3>\n\n\n\n<p><b>COORDINATION<\/b><\/p>\n\n\n\n<p><span style=\"font-weight: 400\">Andr\u00e9 Fischer<\/span><\/p>\n\n\n\n<p><b><strong>HOST<\/strong><\/b><\/p>\n\n\n\n<p><span style=\"font-weight: 400\">Ana Arruda<\/span><\/p>\n\n\n\n<p><b>AUDIOVISUAL MEDIA COORDINATION<\/b><\/p>\n\n\n\n<p>Hyran De Mula<\/p>\n\n\n\n<p><b><strong>VR COORDINATION<\/strong><\/b><\/p>\n\n\n\n<p><span style=\"font-weight: 400\">Robson Catalunha<\/span><\/p>\n\n\n\n<p><b>PUBLIC RELATIONS<\/b><\/p>\n\n\n\n<p>ATTI Comunica\u00e7\u00e3o e Ideias<br>Eliz Ferreira e Val\u00e9ria Blanco<span style=\"font-weight: 400\"><\/span><\/p>\n\n\n\n<p><b>SOCIAL MEDIA <\/b><\/p>\n\n\n\n<p><span style=\"font-weight: 400\">Juma Mascarenhas<\/span><\/p>\n\n\n\n<p><strong>WEB DEVELOPMENT<\/strong><\/p>\n\n\n\n<p>Diego Rojas e Guilherme Bressane<\/p>\n\n\n\n<p><b>PHOTOS<\/b><\/p>\n\n\n\n<p><span style=\"font-weight: 400\">Amanda Clemente<\/span><br>Lucas Bonillo<\/p>\n\n\n\n<p><b>VIDEO EDITING<\/b><\/p>\n\n\n\n<p>Matheus Pires<br>Vinicius Tartaro<\/p>\n\n\n\n<p><b>MAKING OF<\/b><\/p>\n\n\n\n<p>Geraldo Arcanjo<\/p>\n\n\n\n<p><b>TRANSLATION AND SUBTITLING COORDINATION<\/b><\/p>\n\n\n\n<p><span style=\"font-weight: 400\">4 Esta\u00e7\u00f5es<\/span><\/p>\n\n\n\n<p><b>SILVER AND GOLDEN RABBIT TROPHIES<\/b><\/p>\n\n\n\n<p><span style=\"font-weight: 400\">Duilio Ferronato<\/span><span style=\"font-weight: 400\"><\/span><\/p>\n\n\n\n<p><b>WEBSITE MAINTENANCE<\/b><\/p>\n\n\n\n<p><span style=\"font-weight: 400\">Site de Artista<\/span><\/p>\n\n\n\n<p><b>GRAPHIC MATERIALS DESIGN<\/b><\/p>\n\n\n\n<p>Carolina Akary Fuzuaka<br>Ricardo Sarach\u00e1ga<span style=\"font-weight: 400\"><\/span><\/p>\n\n\n\n<h3 class=\"wp-block-heading\"><b>CATALOGUE<\/b><\/h3>\n\n\n\n<p><b>GRAPHIC DESIGNER<\/b><\/p>\n\n\n\n<p><span style=\"font-weight: 400\">Carolina Akary Fuzuaka<\/span><\/p>\n\n\n\n<p><b>CONTENT<\/b><\/p>\n\n\n\n<p>Andr\u00e9 Fischer<br>K\u00e1tia Ciccone<br>Marcio Miranda Perez<br>Ra\u00ed Gandra<\/p>\n\n\n\n<p><b>COPY EDITOR AND TRANSLATION<\/b><\/p>\n\n\n\n<p><span style=\"font-weight: 400\">Flora Braga<\/span><\/p>\n\n\n\n<h3 class=\"wp-block-heading\"><b>DIGITAL PLATFORMS<\/b><\/h3>\n\n\n\n<p><span style=\"font-weight: 400\">Ita\u00fa Cultural Play<br><\/span><span style=\"font-weight: 400\">Sesc Digital<br><\/span><span style=\"font-weight: 400\">Spcine Play<br><\/span><span style=\"font-weight: 400\">Youtube Festival MixBrasil<\/span><\/p>\n\n\n\n<h3 class=\"wp-block-heading\"><b>MIXBRASIL 2024 VISUAL ID<\/b><\/h3>\n\n\n\n<p><strong>TECHNICAL CREW<\/strong><\/p>\n\n\n\n<p><strong>Agency: <\/strong>Talent<br><strong>Chief Executive Officer:<\/strong> Lica Bueno<br><strong>CCO:<\/strong> Gustavo Victorino<br><strong>Executive Creative Directors:<\/strong> Danilo Janjacomo e Ana Carolina Reis<br><strong>Creative Team: <\/strong>Leandro Chist\u00e9 e Fillipe Abreu<br><strong>Integrated Production Director: <\/strong>Victor Alloza<br><strong>RTV Producer: <\/strong>Erika Sartini<br><strong>Art Buyer: <\/strong>Daniele Sampaio<br><strong>Photo Editing: <\/strong>Hadolpho Correa<br><strong>Production Company: <\/strong>Vetor Zero<br><strong>Director: <\/strong>Gabriel N\u00f3brega<br><strong>Director of Photography: <\/strong>Lucas Barreto<br><strong>Executive Production: <\/strong>Francisco Puech e Diego Dossa<br><strong>Production Director: <\/strong>Edu Ramos<br><strong>Producer: <\/strong>Raquel Conde<br><strong>Director of New Business: <\/strong>Luiz Braga<strong><br>Project Director: <\/strong>Marcia Guimar\u00e3es<br><strong>Project Manager:<\/strong> Monica Andrade<br><strong>Art Direction:<\/strong> Nat\u00e1lia Neves<br><strong>Puppet and Props Designer:<\/strong> Fabiana Fukui<br><strong>Props Designer: <\/strong>Marcela Biasi<br><strong>Post-Production Coordination: <\/strong>Tatiana Caparelli<br><strong>Team Coordination: <\/strong>Rosangela Gomes<br><strong>Editing: <\/strong>Pedro Falcone<br><strong>Post-Production: <\/strong>Eduardo Silva e Ricardo Vaz<br><strong>Composition: <\/strong>Carlos Campos e Rodrigo Silva<br><strong>Color Grading:<\/strong> Clandestino<br><strong>Motion Graphics:<\/strong> Fabiano Broki, Rafael Valle e Luiz Ferreira<br><strong>Strategy and Content:<\/strong> Mat Rodrigues<br><strong>Sound Production Company:<\/strong> Evil Twin Music<br><strong>Music Production<\/strong>: Murilo Faria, Peter Sauces e Andr\u00e9 Faria<br><strong>Account Management:<\/strong> Manoella Coelho da Fonseca, Let\u00edcia Brito, Juliana Tangary e Tha\u00eds Becker<br><strong>Mixing and Finalization<\/strong>: Rafael Vieira, Gustavo Boselli, Andr\u00e9 D&#8217;\u00c1vila e Paulo Ribeiro<br><strong>Voiceover Artist<\/strong>: Linn da Quebrada<br><strong>Photographer<\/strong>: Ricardo Barcellos<br><strong>Assistant<\/strong>: Humberto Felga<br><strong>Executive Production<\/strong>: Thais Sanches<\/p>\n\n\n\n<p><b>ACCOUNTING ADVICE<\/b><\/p>\n\n\n\n<p>Rosana Santos Da Cruz<br>Santos Assessoria Cont\u00e1bil<br>Solange Baldenebro<br>Valdir Carvalho<span style=\"font-weight: 400\"><\/span><\/p>\n\n\n\n<h3 class=\"wp-block-heading\"><b>REALIZATION<\/b><\/h3>\n\n\n<div class=\"wp-block-image\">\n<figure class=\"alignleft size-medium\"><img loading=\"lazy\" decoding=\"async\" width=\"300\" height=\"174\" src=\"https:\/\/mixbrasil.org.br\/43\/wp-content\/uploads\/2024\/11\/Logo_Associacao_Mix_Brasil-Branco-300x174.png\" alt=\"\" class=\"wp-image-6568\" style=\"object-fit:cover\" srcset=\"https:\/\/mixbrasil.org.br\/32\/wp-content\/uploads\/sites\/32\/2024\/11\/Logo_Associacao_Mix_Brasil-Branco-300x174.png 300w, https:\/\/mixbrasil.org.br\/32\/wp-content\/uploads\/sites\/32\/2024\/11\/Logo_Associacao_Mix_Brasil-Branco.png 595w\" sizes=\"auto, (max-width: 300px) 100vw, 300px\" \/><\/figure>\n<\/div>\n\n\n<div style=\"height:10px\" aria-hidden=\"true\" class=\"wp-block-spacer\"><\/div>\n\n\n\n<p><b>CHIEF OFFICER<\/b><\/p>\n\n\n\n<p><span style=\"font-weight: 400\">Josi Geller<\/span><\/p>\n\n\n\n<p><b>DEPUTY CHIEF OFFICER<\/b><\/p>\n\n\n\n<p><span style=\"font-weight: 400\">Andrea Isabel de Oliveira Amadeo<\/span><\/p>\n\n\n\n<p><b>TECHNICAL DIRECTOR<\/b><\/p>\n\n\n\n<p><span style=\"font-weight: 400\">Marco Donini<\/span><\/p>\n\n\n\n<p><b>COUNCIL BOARD<\/b><\/p>\n\n\n\n<p><span style=\"font-weight: 400\">Francisco Zelesnikar<br><\/span><span style=\"font-weight: 400\">Gabriella P\u00e1ssaro<\/span><\/p>\n","protected":false},"excerpt":{"rendered":"<p>DIRECTION &amp; TRANSMEDIA CURATION Andr\u00e9 Fischer CINEMA PROGRAMMING DIRECTION Jo\u00e3o FedericiMarcio Miranda Perez PRODUCTION COORDINATOR K\u00e1tia CicconeRa\u00ed Gandra PRODUCTION ASSISTANT Quebrantxy ACCOUNTABILITY &amp; FINANCES Abrupta Produ\u00e7\u00f5es Art\u00edsticas HOSPITALITY K\u00e1tia Ciccone USHERING PJ 2Hs Entretenimento FILM SELECTION COMMITTEE Andr\u00e9 FischerJo\u00e3o FedericiJulia KatharineMarcio Miranda PerezMirella Fa\u00e7anhaPedro TinenVictor Di MarcoViviane Pistache VISUAL ARTS Ocupa\u00e7\u00e3o Artemisia \/ naUapiSt\u00e9phane Malysse [&hellip;]<\/p>\n","protected":false},"author":13,"featured_media":0,"parent":0,"menu_order":0,"comment_status":"closed","ping_status":"closed","template":"","meta":{"_themeisle_gutenberg_block_has_review":false,"footnotes":""},"class_list":["post-3281","page","type-page","status-publish","hentry","missing-thumbnail"],"_links":{"self":[{"href":"https:\/\/mixbrasil.org.br\/32\/wp-json\/wp\/v2\/pages\/3281","targetHints":{"allow":["GET"]}}],"collection":[{"href":"https:\/\/mixbrasil.org.br\/32\/wp-json\/wp\/v2\/pages"}],"about":[{"href":"https:\/\/mixbrasil.org.br\/32\/wp-json\/wp\/v2\/types\/page"}],"author":[{"embeddable":true,"href":"https:\/\/mixbrasil.org.br\/32\/wp-json\/wp\/v2\/users\/13"}],"replies":[{"embeddable":true,"href":"https:\/\/mixbrasil.org.br\/32\/wp-json\/wp\/v2\/comments?post=3281"}],"version-history":[{"count":0,"href":"https:\/\/mixbrasil.org.br\/32\/wp-json\/wp\/v2\/pages\/3281\/revisions"}],"wp:attachment":[{"href":"https:\/\/mixbrasil.org.br\/32\/wp-json\/wp\/v2\/media?parent=3281"}],"curies":[{"name":"wp","href":"https:\/\/api.w.org\/{rel}","templated":true}]}}