{"id":6051,"date":"2024-11-08T20:45:05","date_gmt":"2024-11-08T23:45:05","guid":{"rendered":"https:\/\/mixbrasil.org.br\/32\/?page_id=6051"},"modified":"2024-11-08T20:45:05","modified_gmt":"2024-11-08T23:45:05","slug":"talent","status":"publish","type":"page","link":"https:\/\/mixbrasil.org.br\/32\/talent\/","title":{"rendered":"Talent"},"content":{"rendered":"\n<p>FESTIVAL MIXBRASIL RELEASE CAMPANHA \u201cMARIPOSA\u201d <\/p>\n\n\n\n<p>T\u00edtulo: \u00c9 na luz que a gente se encontra. <\/p>\n\n\n\n<figure class=\"wp-block-embed is-type-video is-provider-youtube wp-block-embed-youtube wp-embed-aspect-16-9 wp-has-aspect-ratio\"><div class=\"wp-block-embed__wrapper\">\n<iframe loading=\"lazy\" title=\"\u00c9 NA LUZ QUE A GENTE SE ENCONTRA!\" width=\"560\" height=\"315\" src=\"https:\/\/www.youtube.com\/embed\/kB8JMzk38tM?feature=oembed\" frameborder=\"0\" allow=\"accelerometer; autoplay; clipboard-write; encrypted-media; gyroscope; picture-in-picture; web-share\" referrerpolicy=\"strict-origin-when-cross-origin\" allowfullscreen><\/iframe>\n<\/div><\/figure>\n\n\n\n<p>Talent cria campanha para a 32\u00aa edi\u00e7\u00e3o do Festival MixBrasil <\/p>\n\n\n\n<p>Texto: Neste ano, o Festival MixBrasil da Cultura da Diversidade entra em sua 32\u00aa edi\u00e7\u00e3o. E, para comunicar esse evento t\u00e3o importante que promove o encontro da cultura, cinema, teatro, m\u00fasica e coloca luz na pauta sobre identidade e igualdade, a Talent criou a campanha sob o conceito &#8220;\u00c9 na luz que a gente se encontra&#8221;.<\/p>\n\n\n\n<p>O filme conta a hist\u00f3ria de uma mariposa que carrega diversos estigmas no imagin\u00e1rio popular por ser diferente da borboleta. Mas que tem muitas belezas se observada por outras perspectivas. <\/p>\n\n\n\n<p>\u201cAs mariposas s\u00e3o fascinantes, mas causam estranheza e at\u00e9 certo receio. Uma das coisas mais interessantes sobre esses seres \u00e9 que eles se guiam pela luz. H\u00e1 mais de 30 anos, o Festival MixBrasil coloca luz sobre temas essenciais que precisam ser discutidos. A gente s\u00f3 precisou colocar luz nesta linda hist\u00f3ria que estava esperando para ser contada\u201d, afirma Ana Carolina Reis, Diretora Executiva de Cria\u00e7\u00e3o da Talent. <\/p>\n\n\n\n<p>\u201cEm um momento onde o mercado pede por intelig\u00eancia artificial nas produ\u00e7\u00f5es, fomos na contra-m\u00e3o disso tudo e fizemos uma campanha em que o artesanal traz para a narrativa todo imenso trabalho que o festival faz a muitas m\u00e3os\u201d, complementa Danilo Janjacomo, tamb\u00e9m Diretor Executivo de Cria\u00e7\u00e3o da ag\u00eancia. <\/p>\n\n\n\n<p>Produzido pela Vetor Zero com trilha da Evil Twin e locu\u00e7\u00e3o de Linn da Quebrada, a campanha conta com filmes, pe\u00e7as para o digital al\u00e9m de OOHs e toda a identidade visual do festival esse ano, incluindo uma instala\u00e7\u00e3o no MIS, Museu da Imagem e do Som, que exp\u00f5e os elementos usados na campanha. <\/p>\n\n\n\n<p>&#8220;Estamos muito felizes com a oportunidade de criarmos uma campanha para esse Festival t\u00e3o importante, que traz mais uma vez a \u201cluz\u201d da cultura e cria oportunidades para indiv\u00edduos e comunidades se expressarem&#8221;, finaliza Gustavo Victorino, CCO da Talent.<\/p>\n","protected":false},"excerpt":{"rendered":"<p>FESTIVAL MIXBRASIL RELEASE CAMPANHA \u201cMARIPOSA\u201d T\u00edtulo: \u00c9 na luz que a gente se encontra. Talent cria campanha para a 32\u00aa edi\u00e7\u00e3o do Festival MixBrasil Texto: Neste ano, o Festival MixBrasil da Cultura da Diversidade entra em sua 32\u00aa edi\u00e7\u00e3o. E, para comunicar esse evento t\u00e3o importante que promove o encontro da cultura, cinema, teatro, m\u00fasica [&hellip;]<\/p>\n","protected":false},"author":13,"featured_media":0,"parent":0,"menu_order":0,"comment_status":"closed","ping_status":"closed","template":"","meta":{"_themeisle_gutenberg_block_has_review":false,"footnotes":""},"class_list":["post-6051","page","type-page","status-publish","hentry","missing-thumbnail"],"_links":{"self":[{"href":"https:\/\/mixbrasil.org.br\/32\/wp-json\/wp\/v2\/pages\/6051","targetHints":{"allow":["GET"]}}],"collection":[{"href":"https:\/\/mixbrasil.org.br\/32\/wp-json\/wp\/v2\/pages"}],"about":[{"href":"https:\/\/mixbrasil.org.br\/32\/wp-json\/wp\/v2\/types\/page"}],"author":[{"embeddable":true,"href":"https:\/\/mixbrasil.org.br\/32\/wp-json\/wp\/v2\/users\/13"}],"replies":[{"embeddable":true,"href":"https:\/\/mixbrasil.org.br\/32\/wp-json\/wp\/v2\/comments?post=6051"}],"version-history":[{"count":0,"href":"https:\/\/mixbrasil.org.br\/32\/wp-json\/wp\/v2\/pages\/6051\/revisions"}],"wp:attachment":[{"href":"https:\/\/mixbrasil.org.br\/32\/wp-json\/wp\/v2\/media?parent=6051"}],"curies":[{"name":"wp","href":"https:\/\/api.w.org\/{rel}","templated":true}]}}