{"id":6109,"date":"2024-11-09T08:41:43","date_gmt":"2024-11-09T11:41:43","guid":{"rendered":"https:\/\/mixbrasil.org.br\/32\/?page_id=6109"},"modified":"2024-11-09T08:41:43","modified_gmt":"2024-11-09T11:41:43","slug":"mercado-mundo-mix","status":"publish","type":"page","link":"https:\/\/mixbrasil.org.br\/32\/mercado-mundo-mix\/","title":{"rendered":"Mercado MundoMix"},"content":{"rendered":"\n<h2 class=\"wp-block-heading\">30 anos<\/h2>\n\n\n\n<p>Nos dias 16 e 17 de novembro, das 11h \u00e0s 19h, acontece no estacionamento do Museu da Imagem e do Som a edi\u00e7\u00e3o comemorativa de 30 anos do Mercado Mundo Mix. O evento, que come\u00e7ou como uma lojinha dentro do 2o Festival MixBrasil em 1994 no pr\u00f3prio MIS, se tornou uma refer\u00eancia nacional de moda e economia criativa na d\u00e9cada seguinte. A Feira das Ideias produz e faz a curadoria dessa edi\u00e7\u00e3o voltada \u00e0 moda, novas tend\u00eancias e consumo. O evento contar\u00e1 tamb\u00e9m com a instala\u00e7\u00e3o de moda &#8220;A Grande M\u00e3e Lixo&#8221;, de Vicenta Perrota e o painel Fervo 90 &#8211; A D\u00e9cada Mix.<\/p>\n\n\n\n<p>Perrotta \u00e9 a criadora de uma ferramenta inovadora de tecnologia social chamada Transmuta\u00e7\u00e3o Fashion, que visa a inclus\u00e3o de pessoas trans e travestis por meio da moda sustent\u00e1vel. Sua pr\u00e1tica utiliza t\u00e9cnicas de ressignifica\u00e7\u00e3o de roupas descartadas, transformando o lixo t\u00eaxtil em pe\u00e7as \u00fanicas e de alto valor. Sua metodologia serve de inspira\u00e7\u00e3o para mais de 20 grupos coletivos em todo o Brasil, que utilizam essa tecnologia para criar oportunidades de emprego e renda, promovendo a inclus\u00e3o social e afastando a popula\u00e7\u00e3o trans das margens da sociedade.<\/p>\n\n\n\n<p>O Coletivo Ateli\u00ea TRANSmoras liderado por Perrotta \u00e9 pioneiro ao unir moda, reciclagem e vulnerabilidade social, conectando a comunidade travesti com os res\u00edduos da ind\u00fastria da moda, uma das mais poluentes do mundo. Ao transformar o &#8220;feio&#8221; em &#8220;belo&#8221; atrav\u00e9s de sua vis\u00e3o \u00fanica e disruptiva, Perrotta subverte as narrativas tradicionais da moda, questionando os desperd\u00edcios e as pr\u00e1ticas nocivas, como a polui\u00e7\u00e3o e o trabalho escravo, presentes na cadeia de produ\u00e7\u00e3o t\u00eaxtil, inclusive no Brasil.<\/p>\n\n\n\n<div class=\"wp-block-cover\"><span aria-hidden=\"true\" class=\"wp-block-cover__background has-black-background-color has-background-dim-100 has-background-dim\"><\/span><div class=\"wp-block-cover__inner-container is-layout-constrained wp-block-cover-is-layout-constrained\">\n<p class=\"has-text-align-left has-large-font-size\"><strong>Mesa: Fervo 90- A D\u00e9cada Mix <\/strong><br>Convidados: diretor Rian C\u00f3rdova, Beto Lago e Paula Martins<\/p>\n<\/div><\/div>\n","protected":false},"excerpt":{"rendered":"<p>30 anos Nos dias 16 e 17 de novembro, das 11h \u00e0s 19h, acontece no estacionamento do Museu da Imagem e do Som a edi\u00e7\u00e3o comemorativa de 30 anos do Mercado Mundo Mix. O evento, que come\u00e7ou como uma lojinha dentro do 2o Festival MixBrasil em 1994 no pr\u00f3prio MIS, se tornou uma refer\u00eancia nacional [&hellip;]<\/p>\n","protected":false},"author":13,"featured_media":0,"parent":0,"menu_order":0,"comment_status":"closed","ping_status":"closed","template":"","meta":{"_themeisle_gutenberg_block_has_review":false,"footnotes":""},"class_list":["post-6109","page","type-page","status-publish","hentry","missing-thumbnail"],"_links":{"self":[{"href":"https:\/\/mixbrasil.org.br\/32\/wp-json\/wp\/v2\/pages\/6109","targetHints":{"allow":["GET"]}}],"collection":[{"href":"https:\/\/mixbrasil.org.br\/32\/wp-json\/wp\/v2\/pages"}],"about":[{"href":"https:\/\/mixbrasil.org.br\/32\/wp-json\/wp\/v2\/types\/page"}],"author":[{"embeddable":true,"href":"https:\/\/mixbrasil.org.br\/32\/wp-json\/wp\/v2\/users\/13"}],"replies":[{"embeddable":true,"href":"https:\/\/mixbrasil.org.br\/32\/wp-json\/wp\/v2\/comments?post=6109"}],"version-history":[{"count":0,"href":"https:\/\/mixbrasil.org.br\/32\/wp-json\/wp\/v2\/pages\/6109\/revisions"}],"wp:attachment":[{"href":"https:\/\/mixbrasil.org.br\/32\/wp-json\/wp\/v2\/media?parent=6109"}],"curies":[{"name":"wp","href":"https:\/\/api.w.org\/{rel}","templated":true}]}}