{"id":6119,"date":"2024-11-09T11:35:31","date_gmt":"2024-11-09T14:35:31","guid":{"rendered":"https:\/\/mixbrasil.org.br\/32\/?page_id=6119"},"modified":"2024-11-09T11:35:31","modified_gmt":"2024-11-09T14:35:31","slug":"spcine","status":"publish","type":"page","link":"https:\/\/mixbrasil.org.br\/32\/spcine\/","title":{"rendered":"SPCine"},"content":{"rendered":"\n<p>A Spcine se orgulha de mais uma vez patrocinar o Festival MixBrasil, um evento que se consolidou no calend\u00e1rio cultural de S\u00e3o Paulo por refletir temas essenciais para a sociedade, como a diversidade e representatividade LGBTQIAPN+.<\/p>\n\n\n\n<p>Com o compromisso de apoiar a difus\u00e3o dessa celebra\u00e7\u00e3o da diversidade audiovisual, a Spcine traz uma s\u00e9rie de a\u00e7\u00f5es para potencializar o acesso e o debate sobre essas pautas fundamentais.<\/p>\n\n\n\n<p>Possibilitando que as obras cheguem a um p\u00fablico ainda mais amplo e diverso, entre as iniciativas, destacam-se as exibi\u00e7\u00f5es de 05 filmes no Spcine Play &#8211; a plataforma de streaming gratuita que democratiza o cinema nacional.<\/p>\n\n\n\n<p>J\u00e1 para aqueles que desejam prestigiar o festival no escurinho do cinema, as salas do Circuito Spcine Olido e Centro Cultural S\u00e3o Paulo (Paulo Em\u00edlio) exibir\u00e3o diversas sess\u00f5es ao longo do Mix Brasil.<\/p>\n\n\n\n<p>Com a proposta de enriquecer a experi\u00eancia e promover a troca de conhecimentos, a Spcine promove a masterclass presencial \u201cNANAI Studio: Aprendendo com a Natureza Atrav\u00e9s da Tecnologia\u201d, com Selva Gonz\u00e1les\u201d, no Museu da Imagem e do Som, no dia 19 de novembro, \u00e0s 14h.<\/p>\n\n\n\n<p>Fica ent\u00e3o o nosso convite para voc\u00ea mergulhar nessa programa\u00e7\u00e3o que celebra toda a diversidade do nosso audiovisual.<\/p>\n\n\n\n<p>Vida longa ao MixBrasil!<\/p>\n\n\n\n<p><em>Lyara Oliveira<\/em><br><strong>Presidente da Spcine<\/strong><\/p>\n","protected":false},"excerpt":{"rendered":"<p>A Spcine se orgulha de mais uma vez patrocinar o Festival MixBrasil, um evento que se consolidou no calend\u00e1rio cultural de S\u00e3o Paulo por refletir temas essenciais para a sociedade, como a diversidade e representatividade LGBTQIAPN+. Com o compromisso de apoiar a difus\u00e3o dessa celebra\u00e7\u00e3o da diversidade audiovisual, a Spcine traz uma s\u00e9rie de a\u00e7\u00f5es [&hellip;]<\/p>\n","protected":false},"author":13,"featured_media":0,"parent":0,"menu_order":0,"comment_status":"closed","ping_status":"closed","template":"","meta":{"_themeisle_gutenberg_block_has_review":false,"footnotes":""},"class_list":["post-6119","page","type-page","status-publish","hentry","missing-thumbnail"],"_links":{"self":[{"href":"https:\/\/mixbrasil.org.br\/32\/wp-json\/wp\/v2\/pages\/6119","targetHints":{"allow":["GET"]}}],"collection":[{"href":"https:\/\/mixbrasil.org.br\/32\/wp-json\/wp\/v2\/pages"}],"about":[{"href":"https:\/\/mixbrasil.org.br\/32\/wp-json\/wp\/v2\/types\/page"}],"author":[{"embeddable":true,"href":"https:\/\/mixbrasil.org.br\/32\/wp-json\/wp\/v2\/users\/13"}],"replies":[{"embeddable":true,"href":"https:\/\/mixbrasil.org.br\/32\/wp-json\/wp\/v2\/comments?post=6119"}],"version-history":[{"count":0,"href":"https:\/\/mixbrasil.org.br\/32\/wp-json\/wp\/v2\/pages\/6119\/revisions"}],"wp:attachment":[{"href":"https:\/\/mixbrasil.org.br\/32\/wp-json\/wp\/v2\/media?parent=6119"}],"curies":[{"name":"wp","href":"https:\/\/api.w.org\/{rel}","templated":true}]}}