{"id":6311,"date":"2024-11-14T08:07:47","date_gmt":"2024-11-14T11:07:47","guid":{"rendered":"https:\/\/mixbrasil.org.br\/32\/?p=6311"},"modified":"2024-11-14T08:07:47","modified_gmt":"2024-11-14T11:07:47","slug":"festas","status":"publish","type":"page","link":"https:\/\/mixbrasil.org.br\/32\/festas\/","title":{"rendered":"Festas"},"content":{"rendered":"\n<p>Em celebra\u00e7\u00e3o a 32\u00aa edi\u00e7\u00e3o, a seus filmes, convidados e comunidade, o MixBrasil convida aos festejos:<\/p>\n\n\n\n<p><strong>13\/11 <\/strong>&#8211; Festa p\u00f3s cerim\u00f4nia de abertura no clube Redoma<\/p>\n\n\n\n<p><strong>14\/11<\/strong> &#8211; Cabaret da Cec\u00edlia e Santo Nights convida MixBrasil- celebrando a abertura da exposi\u00e7\u00e3o especial de Bruce la Bruce .<\/p>\n\n\n\n<p><strong>15\/11 <\/strong>&#8211; Club Jerome convida MixBrasil &#8211; celebrando a abertura da Ocupa\u00e7\u00e3o MixBrasil<\/p>\n\n\n\n<p><strong>16\/11<\/strong>&#8211; Mariposa e ClubPrivet convida MixBrasil &#8211; celebrando o tema desta edi\u00e7\u00e3o \u201c\u00c9 na Luz que a gente se encontra\u201d,<\/p>\n\n\n\n<p><strong>17\/11<\/strong> &#8211; Hotel Chilli convida MixBrasil &#8211; celebrando o longa Sebastian de Mikko M\u00e4kel\u00e4, sele\u00e7\u00e3o oficial de Sundance<\/p>\n\n\n\n<p><strong>18\/11<\/strong> &#8211; Galeria Vermelho convida MixBrasil &#8211; festa em homenagem ao \u00cdcone Mix Bruce la Bruce<\/p>\n\n\n\n<p><strong>20\/11<\/strong> &#8211; Casa Flu\u00edda convida MixBrasil &#8211; celebrando os premiados da 32\u00aa edi\u00e7\u00e3o<\/p>\n\n\n\n<p><strong>23\/11<\/strong>&#8211; Samba LGBTequero+ convida MixBrasil &#8211; celebrando todas as letras da comunidade<\/p>\n","protected":false},"excerpt":{"rendered":"<p>Em celebra\u00e7\u00e3o a 32\u00aa edi\u00e7\u00e3o, a seus filmes, convidados e comunidade, o MixBrasil convida aos festejos: 13\/11 &#8211; Festa p\u00f3s cerim\u00f4nia de abertura no clube Redoma 14\/11 &#8211; Cabaret da Cec\u00edlia e Santo Nights convida MixBrasil- celebrando a abertura da exposi\u00e7\u00e3o especial de Bruce la Bruce . 15\/11 &#8211; Club Jerome convida MixBrasil &#8211; celebrando [&hellip;]<\/p>\n","protected":false},"author":12,"featured_media":0,"parent":0,"menu_order":0,"comment_status":"closed","ping_status":"closed","template":"","meta":{"_themeisle_gutenberg_block_has_review":false,"footnotes":""},"class_list":["post-6311","page","type-page","status-publish","hentry","missing-thumbnail"],"_links":{"self":[{"href":"https:\/\/mixbrasil.org.br\/32\/wp-json\/wp\/v2\/pages\/6311","targetHints":{"allow":["GET"]}}],"collection":[{"href":"https:\/\/mixbrasil.org.br\/32\/wp-json\/wp\/v2\/pages"}],"about":[{"href":"https:\/\/mixbrasil.org.br\/32\/wp-json\/wp\/v2\/types\/page"}],"author":[{"embeddable":true,"href":"https:\/\/mixbrasil.org.br\/32\/wp-json\/wp\/v2\/users\/12"}],"replies":[{"embeddable":true,"href":"https:\/\/mixbrasil.org.br\/32\/wp-json\/wp\/v2\/comments?post=6311"}],"version-history":[{"count":0,"href":"https:\/\/mixbrasil.org.br\/32\/wp-json\/wp\/v2\/pages\/6311\/revisions"}],"wp:attachment":[{"href":"https:\/\/mixbrasil.org.br\/32\/wp-json\/wp\/v2\/media?parent=6311"}],"curies":[{"name":"wp","href":"https:\/\/api.w.org\/{rel}","templated":true}]}}