{"id":896,"date":"2023-10-25T17:55:53","date_gmt":"2023-10-25T20:55:53","guid":{"rendered":"https:\/\/mixbrasil.org.br\/31\/?p=896"},"modified":"2023-10-25T17:55:53","modified_gmt":"2023-10-25T20:55:53","slug":"icone-mix","status":"publish","type":"page","link":"https:\/\/mixbrasil.org.br\/32\/icone-mix\/","title":{"rendered":"\u00cdcone Mix"},"content":{"rendered":"\n<figure class=\"wp-block-image size-full\"><img loading=\"lazy\" decoding=\"async\" width=\"720\" height=\"960\" src=\"https:\/\/mixbrasil.org.br\/43\/wp-content\/uploads\/2024\/11\/bruce-2.jpg\" alt=\"\" class=\"wp-image-6327\" srcset=\"https:\/\/mixbrasil.org.br\/32\/wp-content\/uploads\/sites\/32\/2024\/11\/bruce-2.jpg 720w, https:\/\/mixbrasil.org.br\/32\/wp-content\/uploads\/sites\/32\/2024\/11\/bruce-2-225x300.jpg 225w\" sizes=\"auto, (max-width: 720px) 100vw, 720px\" \/><\/figure>\n\n\n\n<h2 class=\"wp-block-heading\"><strong><strong>Bruce LaBruce<\/strong><\/strong><\/h2>\n\n\n\n<p>Em 2017, o MixBrasil criou o Pr\u00eamio \u00cdcone Mix para celebrar trajet\u00f3rias que transformam a hist\u00f3ria e a representa\u00e7\u00e3o LGBT+, especialmente quando essas pessoas mant\u00eam uma rela\u00e7\u00e3o significativa com o festival. Desde ent\u00e3o, Gus Van Sant, Jo\u00e3o Nery, Marina Lima, M\u00e1rcia Pantera, Ney Matogrosso, Linn da Quebrada e Renata Carvalho receberam a homenagem por seu impacto cultural e ativismo. <\/p>\n\n\n\n<p>Neste ano, temos a honra de reconhecer o cineasta Bruce LaBruce como nosso \u00cdcone Mix. Conhecido mundialmente por seu trabalho transgressor e provocador, LaBruce \u00e9 um dos maiores expoentes do cinema queer punk, abordando em suas produ\u00e7\u00f5es temas como desejo, subvers\u00e3o e liberdade sexual. Seu estilo cinematogr\u00e1fico cru e ousado rompeu barreiras e redefiniu o cinema LGBT+ ao explorar o erotismo e o inconformismo com uma est\u00e9tica \u00fanica e desafiadora. <\/p>\n\n\n\n<p>Os trabalhos de Bruce LaBruce foram exibidos em v\u00e1rias edi\u00e7\u00f5es do MixBrasil, sempre deixando uma marca profunda e inspiradora. Esse ano, al\u00e9m da exibi\u00e7\u00e3o de seu mais recente filme \u201cThe Visitor\/ O Intruso\u201d , o MIS apresenta a exposi\u00e7\u00e3o \u201cBruce LaBruce: Sem Censura\u201d, e Bruce faz um DJ set na festa em sua homenagem na Galeria Vermelho. <\/p>\n\n\n\n<p>Sua carreira desafia o sistema normativo e d\u00e1 voz \u00e0 rebeldia queer. LaBruce \u00e9 um \u00edcone de resist\u00eancia e celebra\u00e7\u00e3o da diversidade. Atrav\u00e9s de sua arte, desafia preconceitos e expande os limites da representa\u00e7\u00e3o LGBT+, mostrando que o audiovisual \u00e9 um espa\u00e7o para todos os corpos, todas as identidades e todas as formas de amor.<\/p>\n\n\n\n<p><\/p>\n","protected":false},"excerpt":{"rendered":"<p>Bruce LaBruce Em 2017, o MixBrasil criou o Pr\u00eamio \u00cdcone Mix para celebrar trajet\u00f3rias que transformam a hist\u00f3ria e a representa\u00e7\u00e3o LGBT+, especialmente quando essas pessoas mant\u00eam uma rela\u00e7\u00e3o significativa com o festival. Desde ent\u00e3o, Gus Van Sant, Jo\u00e3o Nery, Marina Lima, M\u00e1rcia Pantera, Ney Matogrosso, Linn da Quebrada e Renata Carvalho receberam a homenagem [&hellip;]<\/p>\n","protected":false},"author":12,"featured_media":0,"parent":0,"menu_order":0,"comment_status":"open","ping_status":"open","template":"","meta":{"_themeisle_gutenberg_block_has_review":false,"footnotes":""},"class_list":["post-896","page","type-page","status-publish","hentry","missing-thumbnail"],"_links":{"self":[{"href":"https:\/\/mixbrasil.org.br\/32\/wp-json\/wp\/v2\/pages\/896","targetHints":{"allow":["GET"]}}],"collection":[{"href":"https:\/\/mixbrasil.org.br\/32\/wp-json\/wp\/v2\/pages"}],"about":[{"href":"https:\/\/mixbrasil.org.br\/32\/wp-json\/wp\/v2\/types\/page"}],"author":[{"embeddable":true,"href":"https:\/\/mixbrasil.org.br\/32\/wp-json\/wp\/v2\/users\/12"}],"replies":[{"embeddable":true,"href":"https:\/\/mixbrasil.org.br\/32\/wp-json\/wp\/v2\/comments?post=896"}],"version-history":[{"count":0,"href":"https:\/\/mixbrasil.org.br\/32\/wp-json\/wp\/v2\/pages\/896\/revisions"}],"wp:attachment":[{"href":"https:\/\/mixbrasil.org.br\/32\/wp-json\/wp\/v2\/media?parent=896"}],"curies":[{"name":"wp","href":"https:\/\/api.w.org\/{rel}","templated":true}]}}