{"id":898,"date":"2022-10-25T17:56:11","date_gmt":"2022-10-25T20:56:11","guid":{"rendered":"https:\/\/mixbrasil.org.br\/31\/?p=898"},"modified":"2022-10-25T17:56:11","modified_gmt":"2022-10-25T20:56:11","slug":"juri","status":"publish","type":"page","link":"https:\/\/mixbrasil.org.br\/32\/juri\/","title":{"rendered":"J\u00fari"},"content":{"rendered":"\n<h2 class=\"wp-block-heading\"><strong>COMPETITIVA LONGAS<\/strong><\/h2>\n\n\n\n<div class=\"wp-block-media-text alignwide is-stacked-on-mobile\"><figure class=\"wp-block-media-text__media\"><img loading=\"lazy\" decoding=\"async\" width=\"300\" height=\"300\" src=\"https:\/\/mixbrasil.org.br\/43\/wp-content\/uploads\/2024\/11\/54090073052_bd160839d8_o.jpg\" alt=\"\" class=\"wp-image-6150 size-full\" srcset=\"https:\/\/mixbrasil.org.br\/32\/wp-content\/uploads\/sites\/32\/2024\/11\/54090073052_bd160839d8_o.jpg 300w, https:\/\/mixbrasil.org.br\/32\/wp-content\/uploads\/sites\/32\/2024\/11\/54090073052_bd160839d8_o-150x150.jpg 150w\" sizes=\"auto, (max-width: 300px) 100vw, 300px\" \/><\/figure><div class=\"wp-block-media-text__content\">\n<h3 class=\"wp-block-heading\"><strong>Guilherme Marback<\/strong><\/h3>\n\n\n\n<p>Jornalista, roteirista, diretor e produtor de cinema, teatro e TV, e ator. Participou de v\u00e1rios trabalhos de Helena Ignez, al\u00e9m de colaborar em roteiros de filmes de Greg\u00f3rio Gananian e Patr\u00edcia Moran. Dirigiu o curta &#8220;Espeto&#8221;, ganhando v\u00e1rios pr\u00eamios. Curador e produtor do Festival Jodorowsky, trouxe o pol\u00eamico artista multim\u00eddia Alejandro Jodorowsky ao Brasil em 2007. Dirigiu a pe\u00e7a &#8220;O Despertar da Primavera&#8221; em 2014, com sucesso de cr\u00edtica e p\u00fablico. Como ator, participou da primeira montagem de &#8220;Macuna\u00edma&#8221;, dirigido por Antunes Filho, e fez tr\u00eas espet\u00e1culos com dire\u00e7\u00e3o de M\u00e1rcio Aur\u00e9lio: \u201cA Farsa da Noiva Bombardeada\u201d, \u201cTyde Moreyra e sua Banda de Najas\u201d e o premiado \u201c\u00c9dipo Rei\u201d. Em TV, dirigiu document\u00e1rios como o &#8220;Especial dos Cem Anos da Pinacoteca&#8221;. Ministrou cursos nas \u00e1reas de teatro e cinema. Nos \u00faltimos anos, atua como curador do Cine Satyros Bijou em S\u00e3o Paulo.<\/p>\n<\/div><\/div>\n\n\n\n<div class=\"wp-block-media-text alignwide has-media-on-the-right is-stacked-on-mobile\"><div class=\"wp-block-media-text__content\">\n<h3 class=\"wp-block-heading\"><strong>Luh Maza<\/strong><\/h3>\n\n\n\n<p>Diretora, autora e atriz. Roteirista da s\u00e9rie &#8220;Da Ponte Pra L\u00e1&#8221;, do longa &#8220;Insubmissas&#8221;, al\u00e9m de filmes de publicidade. Foi roteirista-chefe da adapta\u00e7\u00e3o para s\u00e9rie de &#8220;Torto Arado&#8221;, consultora da s\u00e9rie &#8220;De Volta Aos 15&#8221; e roteirista das s\u00e9ries &#8220;Os Quatro da Candel\u00e1ria&#8221; e &#8220;Sess\u00e3o de Terapia&#8221;, sendo indicada a Roteirista do Ano no Pr\u00eamio ABRA. Como roteirista e uma das diretoras criativas do filme publicit\u00e1rio &#8220;Trinta e Cinco&#8221;, recebeu o bronze no festival El Ojo de Iberoamerica. Atuou na s\u00e9rie &#8220;Da Ponte Pra L\u00e1&#8221; e no filme &#8220;\u00d3 Pa\u00ed, \u00d3 2&#8221;. Foi jurada do Pr\u00eamio Shell de Teatro, revela\u00e7\u00e3o como atriz no portal UOL, vencedora do Pr\u00eamio Aplauso Brasil e indicada ao Pr\u00eamio Jabuti de Literatura dentro da Cole\u00e7\u00e3o Primeiras Obras. Dirigiu e\/ou escreveu espet\u00e1culos como &#8220;Transtopia&#8221;, &#8220;Kiwi&#8221; e &#8220;Carne Viva&#8221;.<\/p>\n<\/div><figure class=\"wp-block-media-text__media\"><img loading=\"lazy\" decoding=\"async\" width=\"683\" height=\"1024\" src=\"https:\/\/mixbrasil.org.br\/43\/wp-content\/uploads\/2024\/11\/54091399970_6f9084bc5d_o-683x1024.jpg\" alt=\"\" class=\"wp-image-6149 size-full\" srcset=\"https:\/\/mixbrasil.org.br\/32\/wp-content\/uploads\/sites\/32\/2024\/11\/54091399970_6f9084bc5d_o-683x1024.jpg 683w, https:\/\/mixbrasil.org.br\/32\/wp-content\/uploads\/sites\/32\/2024\/11\/54091399970_6f9084bc5d_o-200x300.jpg 200w, https:\/\/mixbrasil.org.br\/32\/wp-content\/uploads\/sites\/32\/2024\/11\/54091399970_6f9084bc5d_o-768x1152.jpg 768w, https:\/\/mixbrasil.org.br\/32\/wp-content\/uploads\/sites\/32\/2024\/11\/54091399970_6f9084bc5d_o-1024x1536.jpg 1024w, https:\/\/mixbrasil.org.br\/32\/wp-content\/uploads\/sites\/32\/2024\/11\/54091399970_6f9084bc5d_o.jpg 1280w\" sizes=\"auto, (max-width: 683px) 100vw, 683px\" \/><\/figure><\/div>\n\n\n\n<div class=\"wp-block-media-text alignwide is-stacked-on-mobile\"><figure class=\"wp-block-media-text__media\"><img loading=\"lazy\" decoding=\"async\" width=\"960\" height=\"960\" src=\"https:\/\/mixbrasil.org.br\/43\/wp-content\/uploads\/2024\/11\/54090073042_e8ee6b3163_o.jpg\" alt=\"\" class=\"wp-image-6148 size-full\" srcset=\"https:\/\/mixbrasil.org.br\/32\/wp-content\/uploads\/sites\/32\/2024\/11\/54090073042_e8ee6b3163_o.jpg 960w, https:\/\/mixbrasil.org.br\/32\/wp-content\/uploads\/sites\/32\/2024\/11\/54090073042_e8ee6b3163_o-300x300.jpg 300w, https:\/\/mixbrasil.org.br\/32\/wp-content\/uploads\/sites\/32\/2024\/11\/54090073042_e8ee6b3163_o-150x150.jpg 150w, https:\/\/mixbrasil.org.br\/32\/wp-content\/uploads\/sites\/32\/2024\/11\/54090073042_e8ee6b3163_o-768x768.jpg 768w\" sizes=\"auto, (max-width: 960px) 100vw, 960px\" \/><\/figure><div class=\"wp-block-media-text__content\">\n<h3 class=\"wp-block-heading\"><strong>Thiago Stivaletti<\/strong><\/h3>\n\n\n\n<p>Jornalista, cr\u00edtico de cinema, TV e streaming, e roteirista. Trabalhou como rep\u00f3rter na Folha de S. Paulo, no jornal Valor Econ\u00f4mico, Editora Abril e outros. Por quatro anos, apresentou o podcast Plano Geral, com dicas e entrevistas do mundo do cinema e do streaming. Por nove anos, fez a cobertura do Festival de Cinema de Cannes para o UOL. Como roteirista, trabalhou na TV Globo e no canal Multishow. Desde 2004, faz parte da equipe de colaboradores da Mostra Internacional de Cinema de S\u00e3o Paulo. Atualmente, \u00e9 colunista do F5, o site de entretenimento e cultura pop da Folha de S. Paulo.<\/p>\n<\/div><\/div>\n\n\n\n<hr class=\"wp-block-separator has-alpha-channel-opacity\" \/>\n\n\n\n<h2 class=\"wp-block-heading\"><strong>COMPETITIVA CURTAS<\/strong><\/h2>\n\n\n\n<div class=\"wp-block-media-text alignwide is-stacked-on-mobile\"><figure class=\"wp-block-media-text__media\"><img decoding=\"async\" src=\"https:\/\/mixbrasil.org.br\/43\/wp-content\/uploads\/2024\/11\/54090949291_d3797fa5f5_o-768x1024.jpg\" alt=\"\" class=\"wp-image-6154 size-full\" \/><\/figure><div class=\"wp-block-media-text__content\">\n<h3 class=\"wp-block-heading\"><strong>Chico Fireman<\/strong> <\/h3>\n\n\n\n<p>Nasceu em Macei\u00f3, Alagoas, e se mudou para S\u00e3o Paulo para ficar mais perto dos festivais de cinema. \u00c9 jornalista e cr\u00edtico afiliado \u00e0 Abraccine, autor do \u201cFilmes do Chico\u201d, e um dos fundadores da distribuidora Michiko Filmes.<\/p>\n<\/div><\/div>\n\n\n\n<div class=\"wp-block-media-text alignwide has-media-on-the-right is-stacked-on-mobile\"><div class=\"wp-block-media-text__content\">\n<h3 class=\"wp-block-heading\"><strong>Nayla Guerra<\/strong><\/h3>\n\n\n\n<p>Pesquisadora, cineasta e curadora. Graduada em Audiovisual na ECA-USP, \u00e9 produtora cultural na Cinemateca Brasileira. \u00c9 diretora do curta-metragem \u201cFerro\u2019s Bar\u201d (2023) e organizadora do coletivo e cineclube Cine Sapat\u00e3o. \u00c9 autora dos livros \u201cEntre apagamentos e resist\u00eancias\u201d (Editora Alameda, 2023) e \u201cNo rastro dos encontros perdidos \u2013 A mostra Nov\u00edssimo Cinema Brasileiro\u201d (Cinusp, 2024). Foi j\u00fari oficial da Mostra Mov.Cidade (2021) e j\u00fari jovem da Mostra de Cinema de Tiradentes (2022). \u00c9 colunista de cinema do Opera Mundi.<\/p>\n<\/div><figure class=\"wp-block-media-text__media\"><img decoding=\"async\" src=\"https:\/\/mixbrasil.org.br\/43\/wp-content\/uploads\/2024\/11\/54091284344_13b87aac6e_o-683x1024.jpg\" alt=\"\" class=\"wp-image-6156 size-full\" \/><\/figure><\/div>\n\n\n\n<div class=\"wp-block-media-text alignwide is-stacked-on-mobile\"><figure class=\"wp-block-media-text__media\"><img loading=\"lazy\" decoding=\"async\" width=\"960\" height=\"538\" src=\"https:\/\/mixbrasil.org.br\/43\/wp-content\/uploads\/2024\/11\/54091279109_ed6d1c7217_o.jpg\" alt=\"\" class=\"wp-image-6155 size-full\" srcset=\"https:\/\/mixbrasil.org.br\/32\/wp-content\/uploads\/sites\/32\/2024\/11\/54091279109_ed6d1c7217_o.jpg 960w, https:\/\/mixbrasil.org.br\/32\/wp-content\/uploads\/sites\/32\/2024\/11\/54091279109_ed6d1c7217_o-300x168.jpg 300w, https:\/\/mixbrasil.org.br\/32\/wp-content\/uploads\/sites\/32\/2024\/11\/54091279109_ed6d1c7217_o-768x430.jpg 768w\" sizes=\"auto, (max-width: 960px) 100vw, 960px\" \/><\/figure><div class=\"wp-block-media-text__content\">\n<h3 class=\"wp-block-heading\"><strong>Thais Scabio<\/strong><\/h3>\n\n\n\n<p>Transita entre dire\u00e7\u00e3o, roteiro e produ\u00e7\u00e3o h\u00e1 20 anos.\u00a0\u00c9 diretora da produtora Cavalo Marinho Audiovisual desde 2006, s\u00f3cia fundadora da APAN &#8211; Associa\u00e7\u00e3o dos profissionais do Audiovisual Negro, gestora da plataforma de streaming Todesplay. Atualmente est\u00e1 na fase de finaliza\u00e7\u00e3o do longa-metragem de fic\u00e7\u00e3o \u201cOnde Estamos Seguros\u201d, que assina como roteirista e diretora junto com Gilberto Caetano.\u00a0Tamb\u00e9m \u00e9 coordenadora de projetos educativos audiovisuais nas periferias de S\u00e3o Paulo e em outras cidades.<\/p>\n<\/div><\/div>\n\n\n\n<hr class=\"wp-block-separator has-alpha-channel-opacity\" \/>\n\n\n\n<h2 class=\"wp-block-heading\">MIX.<strong>XR<\/strong><\/h2>\n\n\n\n<div class=\"wp-block-media-text alignwide is-stacked-on-mobile\"><figure class=\"wp-block-media-text__media\"><img decoding=\"async\" src=\"https:\/\/mixbrasil.org.br\/43\/wp-content\/uploads\/2024\/11\/MuriloSantana_GamescomLatam-683x1024.jpg\" alt=\"\" class=\"wp-image-6253 size-full\" \/><\/figure><div class=\"wp-block-media-text__content\">\n<h3 class=\"wp-block-heading\">Murilo Santana<\/h3>\n\n\n\n<p>Assessor de games na Spcine e atua como educador de jogos em espa\u00e7os culturais p\u00fablicos de S\u00e3o Paulo. Formado em Jogos Digitais pela FMU, tamb\u00e9m \u00e9 designer gr\u00e1fico e desenvolvedor de jogos pela escola SAGA, al\u00e9m de t\u00e9cnico em multim\u00eddia pela ETEC Jornalista Roberto Marinho. Com um profundo interesse por tecnologias de diferentes \u00e9pocas e contextos, Murilo explora tanto as inova\u00e7\u00f5es contempor\u00e2neas quanto os saberes ancestrais, reconhecendo o valor das pr\u00e1ticas tradicionais na constru\u00e7\u00e3o de novas linguagens tecnol\u00f3gicas.<\/p>\n<\/div><\/div>\n\n\n\n<div class=\"wp-block-media-text alignwide has-media-on-the-right is-stacked-on-mobile\"><div class=\"wp-block-media-text__content\">\n<h3 class=\"wp-block-heading\"><strong>Selva Gonz\u00e1lez Vildoso<\/strong><\/h3>\n\n\n\n<p>Artista franco-chilena, produtora, curadora, gestora cultural e ativista LGBTQIA+ , residente em Marselha, Fran\u00e7a. Ela \u00e9 a fundadora e produtora executiva da Maltrato Films uma produtora de cinema focada em obras audiovisuais colaborativas e cofundadora do Nanai Studio, dedicado a experi\u00eancias interativas imersivas. Atualmente, pesquisa psicologia e biologia, com foco em organiza\u00e7\u00e3o comunit\u00e1ria, meio ambiente e direitos LGBT+. \u00c9 fundadora, coordenadora e curadora do SANFIC XR no festival de cinema de Santiago, representante regional do \u201cMAIX\u201d, Movimento de Artistas e Pesquisadores de XR da Am\u00e9rica Latina, produtora e curadora do \u201cExcentrico Film Festival\u201d, focado em filmes de pornografia expl\u00edcita e cr\u00edtica.<\/p>\n<\/div><figure class=\"wp-block-media-text__media\"><img loading=\"lazy\" decoding=\"async\" width=\"1024\" height=\"1020\" src=\"https:\/\/mixbrasil.org.br\/43\/wp-content\/uploads\/2024\/11\/Selva-Gonzalez-Vildoso-1024x1020.jpeg\" alt=\"\" class=\"wp-image-6173 size-full\" srcset=\"https:\/\/mixbrasil.org.br\/32\/wp-content\/uploads\/sites\/32\/2024\/11\/Selva-Gonzalez-Vildoso-1024x1020.jpeg 1024w, https:\/\/mixbrasil.org.br\/32\/wp-content\/uploads\/sites\/32\/2024\/11\/Selva-Gonzalez-Vildoso-300x300.jpeg 300w, https:\/\/mixbrasil.org.br\/32\/wp-content\/uploads\/sites\/32\/2024\/11\/Selva-Gonzalez-Vildoso-150x150.jpeg 150w, https:\/\/mixbrasil.org.br\/32\/wp-content\/uploads\/sites\/32\/2024\/11\/Selva-Gonzalez-Vildoso-768x765.jpeg 768w, https:\/\/mixbrasil.org.br\/32\/wp-content\/uploads\/sites\/32\/2024\/11\/Selva-Gonzalez-Vildoso.jpeg 1030w\" sizes=\"auto, (max-width: 1024px) 100vw, 1024px\" \/><\/figure><\/div>\n\n\n\n<div class=\"wp-block-media-text alignwide is-stacked-on-mobile\"><figure class=\"wp-block-media-text__media\"><img loading=\"lazy\" decoding=\"async\" width=\"1024\" height=\"765\" src=\"https:\/\/mixbrasil.org.br\/43\/wp-content\/uploads\/2024\/11\/Ana-Arruda-foto-divulgacao-1-1024x765.jpg\" alt=\"\" class=\"wp-image-6254 size-full\" srcset=\"https:\/\/mixbrasil.org.br\/32\/wp-content\/uploads\/sites\/32\/2024\/11\/Ana-Arruda-foto-divulgacao-1-1024x765.jpg 1024w, https:\/\/mixbrasil.org.br\/32\/wp-content\/uploads\/sites\/32\/2024\/11\/Ana-Arruda-foto-divulgacao-1-300x224.jpg 300w, https:\/\/mixbrasil.org.br\/32\/wp-content\/uploads\/sites\/32\/2024\/11\/Ana-Arruda-foto-divulgacao-1-768x574.jpg 768w, https:\/\/mixbrasil.org.br\/32\/wp-content\/uploads\/sites\/32\/2024\/11\/Ana-Arruda-foto-divulgacao-1.jpg 1170w\" sizes=\"auto, (max-width: 1024px) 100vw, 1024px\" \/><\/figure><div class=\"wp-block-media-text__content\">\n<h3 class=\"wp-block-heading\"><strong>Ana Arruda<\/strong><\/h3>\n\n\n\n<p>Diretora da S\u00e9tima Produ\u00e7\u00f5es Culturais e do Festival Curta Bras\u00edlia, pioneiro em narrativas imersivas com a Mostra CVR.<\/p>\n\n\n\n<p>Produtora, curadora e programadora, com experi\u00eancia em mais de 60 mostras e festivais de cinema desde 2001. Realiza e participa de projetos internacionais que unem cinema, arte, tecnologia e educa\u00e7\u00e3o, com foco em realidade virtual, diversidade e novas linguagens.<\/p>\n<\/div><\/div>\n\n\n\n<hr class=\"wp-block-separator has-alpha-channel-opacity\" \/>\n\n\n\n<p>&nbsp;<\/p>\n\n\n\n<h2 class=\"wp-block-heading\">MIX LITER\u00c1RIO<\/h2>\n\n\n\n<div class=\"wp-block-media-text alignwide is-stacked-on-mobile\"><figure class=\"wp-block-media-text__media\"><img loading=\"lazy\" decoding=\"async\" width=\"1024\" height=\"682\" src=\"https:\/\/mixbrasil.org.br\/43\/wp-content\/uploads\/2024\/11\/Amara-Moira-1024x682.jpg\" alt=\"\" class=\"wp-image-6256 size-full\" srcset=\"https:\/\/mixbrasil.org.br\/32\/wp-content\/uploads\/sites\/32\/2024\/11\/Amara-Moira-1024x682.jpg 1024w, https:\/\/mixbrasil.org.br\/32\/wp-content\/uploads\/sites\/32\/2024\/11\/Amara-Moira-300x200.jpg 300w, https:\/\/mixbrasil.org.br\/32\/wp-content\/uploads\/sites\/32\/2024\/11\/Amara-Moira-768x512.jpg 768w, https:\/\/mixbrasil.org.br\/32\/wp-content\/uploads\/sites\/32\/2024\/11\/Amara-Moira.jpg 1280w\" sizes=\"auto, (max-width: 1024px) 100vw, 1024px\" \/><\/figure><div class=\"wp-block-media-text__content\">\n<h3 class=\"wp-block-heading\">Amara Moira<\/h3>\n\n\n\n<p>Escritora, professora e ativista, Amara Moira \u00e9 doutora em Teoria Liter\u00e1ria pela Unicamp. Ao obter o doutorado, Amara se tornou a primeira mulher trans a assinar a tese usando o nome social. O nome, ali\u00e1s, inspirado na Odisseia de Homero, faz refer\u00eancia \u00e0s videntes que previam o destino de Ulisses. A estreia na literatura derivou de um blog no qual relatava suas experi\u00eancias trabalhando como prostituta: uma obra que n\u00e3o apenas discute os limites do relato ficcional e da biografia, como tamb\u00e9m pensa a respeito do papel da literatura como fonte de transforma\u00e7\u00e3o social.<\/p>\n<\/div><\/div>\n\n\n\n<div class=\"wp-block-media-text alignwide has-media-on-the-right is-stacked-on-mobile\"><div class=\"wp-block-media-text__content\">\n<h3 class=\"wp-block-heading\"><strong>Renan Quinalha<\/strong><\/h3>\n\n\n\n<p>\u00c9 professor de direito da Universidade Federal de S\u00e3o Paulo (Unifesp), onde tamb\u00e9m \u00e9 coordenador adjunto do N\u00facleo Trans. Advogado de direitos humanos, \u00e9 membro-consultor da Comiss\u00e3o da Diversidade Sexual e de G\u00eanero da OAB-SP. Publicou, dentre outros livros, \u201cContra a moral e os bons costumes: a ditadura e a repress\u00e3o \u00e0 comunidade LGBT\u201d (Companhia das Letras, 2021) e \u201cMovimento LGBTI+: uma breve hist\u00f3ria do s\u00e9culo XIX aos nossos dias\u201d (Aut\u00eantica, 2022). \u00c9 especialista da CNN Brasil em diversidade e direitos humanos.<\/p>\n<\/div><figure class=\"wp-block-media-text__media\"><img loading=\"lazy\" decoding=\"async\" width=\"434\" height=\"650\" src=\"https:\/\/mixbrasil.org.br\/43\/wp-content\/uploads\/2024\/11\/Renan-Quinalha.jpg\" alt=\"\" class=\"wp-image-6260 size-full\" srcset=\"https:\/\/mixbrasil.org.br\/32\/wp-content\/uploads\/sites\/32\/2024\/11\/Renan-Quinalha.jpg 434w, https:\/\/mixbrasil.org.br\/32\/wp-content\/uploads\/sites\/32\/2024\/11\/Renan-Quinalha-200x300.jpg 200w\" sizes=\"auto, (max-width: 434px) 100vw, 434px\" \/><\/figure><\/div>\n\n\n\n<div class=\"wp-block-media-text alignwide is-stacked-on-mobile\"><figure class=\"wp-block-media-text__media\"><img loading=\"lazy\" decoding=\"async\" width=\"800\" height=\"1024\" src=\"https:\/\/mixbrasil.org.br\/43\/wp-content\/uploads\/2024\/11\/Aline-Zouvi-800x1024.jpg\" alt=\"\" class=\"wp-image-6255 size-full\" srcset=\"https:\/\/mixbrasil.org.br\/32\/wp-content\/uploads\/sites\/32\/2024\/11\/Aline-Zouvi-800x1024.jpg 800w, https:\/\/mixbrasil.org.br\/32\/wp-content\/uploads\/sites\/32\/2024\/11\/Aline-Zouvi-234x300.jpg 234w, https:\/\/mixbrasil.org.br\/32\/wp-content\/uploads\/sites\/32\/2024\/11\/Aline-Zouvi-768x983.jpg 768w, https:\/\/mixbrasil.org.br\/32\/wp-content\/uploads\/sites\/32\/2024\/11\/Aline-Zouvi.jpg 1048w\" sizes=\"auto, (max-width: 800px) 100vw, 800px\" \/><\/figure><div class=\"wp-block-media-text__content\">\n<h3 class=\"wp-block-heading\"><strong>Aline Zouvi<\/strong><\/h3>\n\n\n\n<p>Fez mestrado sobre as obras da quadrinista Alison Bechdel. Desde 2017 d\u00e1 oficinas de quadrinhos, publica cartuns e ilustra\u00e7\u00f5es em ve\u00edculos como Folha de S\u00e3o Paulo, Piau\u00ed e Quatro Cinco Um. Trabalha com tradu\u00e7\u00e3o e revis\u00e3o de quadrinhos e literatura. Dentre seus quadrinhos e zines, destacam-se \u201cS\u00edncope\u201d (lan\u00e7ado na CCXP 2017, vencedor do Pr\u00eamio Dente de Ouro e finalista do HQMix), \u201cN\u00e3o Nasci Sabendo\u201d (Selo Harvi, 2022, vencedor do Pr\u00eamio Cidadania em Respeito \u00e0 Diversidade LGBT+ e finalista do Mix Liter\u00e1rio). \u201cPigmento\u201d (Quadrinhos na Cia, 2024) \u00e9 sua primeira graphic novel.<\/p>\n<\/div><\/div>\n\n\n\n<hr class=\"wp-block-separator has-alpha-channel-opacity\" \/>\n\n\n\n<h2 class=\"wp-block-heading\"><strong>CAIO FERNANDO ABREU<\/strong><\/h2>\n\n\n\n<div class=\"wp-block-media-text alignwide is-stacked-on-mobile\"><figure class=\"wp-block-media-text__media\"><img loading=\"lazy\" decoding=\"async\" width=\"682\" height=\"450\" src=\"https:\/\/mixbrasil.org.br\/43\/wp-content\/uploads\/2024\/11\/Tatiana-Nascimento.jpg\" alt=\"\" class=\"wp-image-6266 size-full\" srcset=\"https:\/\/mixbrasil.org.br\/32\/wp-content\/uploads\/sites\/32\/2024\/11\/Tatiana-Nascimento.jpg 682w, https:\/\/mixbrasil.org.br\/32\/wp-content\/uploads\/sites\/32\/2024\/11\/Tatiana-Nascimento-300x198.jpg 300w\" sizes=\"auto, (max-width: 682px) 100vw, 682px\" \/><\/figure><div class=\"wp-block-media-text__content\">\n<h3 class=\"wp-block-heading\"><strong>Tatiana Nascimento<\/strong><\/h3>\n\n\n\n<p>(Bras\u00edlia, 1981), tradutora de forma\u00e7\u00e3o, \u00e9 uma poeta, slammer, cantora e compositora brasileira negra, que escreve, investiga e publica livros de autoras negras e LGBT, al\u00e9m de realizadora de forma experimental em audiovisual. \u00c9 co-fundadora da Pad\u00ea Editora. O seu livro \u201clundu\u201d foi uma das publica\u00e7\u00f5es selecionadas pelo Projeto Nacional Leia Mulheres na categoria Melhores Livros de 2016.<\/p>\n<\/div><\/div>\n\n\n\n<div class=\"wp-block-media-text alignwide has-media-on-the-right is-stacked-on-mobile\"><div class=\"wp-block-media-text__content\">\n<h3 class=\"wp-block-heading\"><strong>Fernando Rinaldi<\/strong><\/h3>\n\n\n\n<p>Formado em Rela\u00e7\u00f5es Internacionais pela PUC-SP e em Letras pela USP. Atualmente, trabalha na editora Companhia das Letras como respons\u00e1vel pela venda do cat\u00e1logo de t\u00edtulos brasileiros para editoras estrangeiras, e cursa o primeiro ano da p\u00f3s-gradua\u00e7\u00e3o em Forma\u00e7\u00e3o de Escritores do Instituto Vera Cruz.<\/p>\n<\/div><figure class=\"wp-block-media-text__media\"><img loading=\"lazy\" decoding=\"async\" width=\"554\" height=\"554\" src=\"https:\/\/mixbrasil.org.br\/43\/wp-content\/uploads\/2024\/11\/Fernando-Rinaldi.jpg\" alt=\"\" class=\"wp-image-6265 size-full\" srcset=\"https:\/\/mixbrasil.org.br\/32\/wp-content\/uploads\/sites\/32\/2024\/11\/Fernando-Rinaldi.jpg 554w, https:\/\/mixbrasil.org.br\/32\/wp-content\/uploads\/sites\/32\/2024\/11\/Fernando-Rinaldi-300x300.jpg 300w, https:\/\/mixbrasil.org.br\/32\/wp-content\/uploads\/sites\/32\/2024\/11\/Fernando-Rinaldi-150x150.jpg 150w\" sizes=\"auto, (max-width: 554px) 100vw, 554px\" \/><\/figure><\/div>\n\n\n\n<div class=\"wp-block-media-text alignwide is-stacked-on-mobile\"><figure class=\"wp-block-media-text__media\"><img loading=\"lazy\" decoding=\"async\" width=\"576\" height=\"1024\" src=\"https:\/\/mixbrasil.org.br\/43\/wp-content\/uploads\/2024\/11\/Zenite-Astra-576x1024.jpg\" alt=\"\" class=\"wp-image-6264 size-full\" srcset=\"https:\/\/mixbrasil.org.br\/32\/wp-content\/uploads\/sites\/32\/2024\/11\/Zenite-Astra-576x1024.jpg 576w, https:\/\/mixbrasil.org.br\/32\/wp-content\/uploads\/sites\/32\/2024\/11\/Zenite-Astra-169x300.jpg 169w, https:\/\/mixbrasil.org.br\/32\/wp-content\/uploads\/sites\/32\/2024\/11\/Zenite-Astra.jpg 720w\" sizes=\"auto, (max-width: 576px) 100vw, 576px\" \/><\/figure><div class=\"wp-block-media-text__content\">\n<h3 class=\"wp-block-heading\"><strong>Z\u00eanite Astra<\/strong><\/h3>\n\n\n\n<p>Nasceu em 1995 em Ribeir\u00e3o Preto, interior paulista, de onde mudou-se em 2013 para morar em Campinas, cidade em que reside at\u00e9 hoje. \u00c9 licenciada em Letras pela Unicamp e atua como educadora. Em sua produ\u00e7\u00e3o art\u00edstica, explora prosa e poesia, e faz da experimenta\u00e7\u00e3o com diferentes linguagens uma tentativa de dar conta de realidades plurais. Se interessa por investigar a mem\u00f3ria, a resist\u00eancia e a forma\u00e7\u00e3o de comunidades nas experi\u00eancias trans, n\u00e3o bin\u00e1rias e travestis. Em 2019 produziu, de maneira independente, tr\u00eas zines, &#8220;Os Z\u00eanis&#8221;. No in\u00edcio de 2020, participou como expositora na NHA\u00cd \u2013 Feira de Literatura e Arte Impressa organizada pela Casa 1. No mesmo ano, publicou o conto &#8220;O Meu Nome Quer Dizer Verdade&#8221; na revista Uso no 3, em formato digital.<\/p>\n<\/div><\/div>\n\n\n\n<hr class=\"wp-block-separator has-alpha-channel-opacity\" \/>\n\n\n\n<div style=\"height:60px\" aria-hidden=\"true\" class=\"wp-block-spacer\"><\/div>\n","protected":false},"excerpt":{"rendered":"<p>COMPETITIVA LONGAS Guilherme Marback Jornalista, roteirista, diretor e produtor de cinema, teatro e TV, e ator. Participou de v\u00e1rios trabalhos de Helena Ignez, al\u00e9m de colaborar em roteiros de filmes de Greg\u00f3rio Gananian e Patr\u00edcia Moran. Dirigiu o curta &#8220;Espeto&#8221;, ganhando v\u00e1rios pr\u00eamios. Curador e produtor do Festival Jodorowsky, trouxe o pol\u00eamico artista multim\u00eddia Alejandro [&hellip;]<\/p>\n","protected":false},"author":12,"featured_media":0,"parent":0,"menu_order":0,"comment_status":"open","ping_status":"open","template":"","meta":{"_themeisle_gutenberg_block_has_review":false,"footnotes":""},"class_list":["post-898","page","type-page","status-publish","hentry","missing-thumbnail"],"_links":{"self":[{"href":"https:\/\/mixbrasil.org.br\/32\/wp-json\/wp\/v2\/pages\/898","targetHints":{"allow":["GET"]}}],"collection":[{"href":"https:\/\/mixbrasil.org.br\/32\/wp-json\/wp\/v2\/pages"}],"about":[{"href":"https:\/\/mixbrasil.org.br\/32\/wp-json\/wp\/v2\/types\/page"}],"author":[{"embeddable":true,"href":"https:\/\/mixbrasil.org.br\/32\/wp-json\/wp\/v2\/users\/12"}],"replies":[{"embeddable":true,"href":"https:\/\/mixbrasil.org.br\/32\/wp-json\/wp\/v2\/comments?post=898"}],"version-history":[{"count":0,"href":"https:\/\/mixbrasil.org.br\/32\/wp-json\/wp\/v2\/pages\/898\/revisions"}],"wp:attachment":[{"href":"https:\/\/mixbrasil.org.br\/32\/wp-json\/wp\/v2\/media?parent=898"}],"curies":[{"name":"wp","href":"https:\/\/api.w.org\/{rel}","templated":true}]}}