{"id":2078,"date":"2023-10-19T21:13:30","date_gmt":"2023-10-20T00:13:30","guid":{"rendered":"https:\/\/mixbrasil.org.br\/31\/?p=2078"},"modified":"2025-11-08T07:07:51","modified_gmt":"2025-11-08T10:07:51","slug":"premiados-2024","status":"publish","type":"page","link":"https:\/\/mixbrasil.org.br\/33\/premiados-2024\/","title":{"rendered":"Premiados 2024"},"content":{"rendered":"\n<h3 class=\"wp-block-heading\"><strong><u>CINEMA<\/u><\/strong><\/h3>\n\n\n\n<p><strong>Coelho de Ouro &#8211; Pr\u00eamio do J\u00fari da Mostra Competitiva Brasil<\/strong><\/p>\n\n\n\n<ul class=\"wp-block-list\">\n<li>Melhor Curta-Metragem Brasileiro: ZAG\u00caRO, de Victor Di Marco, M\u00e1rcio Picoli<\/li>\n\n\n\n<li>Melhor Longa-Metragem Brasileiro: SAL\u00c3O DE BAILE &#8211; THIS IS BALLROOM, de Juru, Vit\u00e3<\/li>\n<\/ul>\n\n\n\n<p class=\"has-small-font-size\"><em><strong>INCENTIVO: <\/strong>Os longas e curtas nacionais premiados tamb\u00e9m receber\u00e3o pr\u00eamios de incentivo \u00e0 realiza\u00e7\u00e3o de seus novos projetos audiovisuais atrav\u00e9s da parceria do Festival MixBrasil com a <strong>DOTCINE<\/strong> e <strong>MISTIKA<\/strong>, apoiadores da \u00e1rea cinematogr\u00e1fica.<\/em><\/p>\n\n\n\n<p><strong>Coelho de Prata &#8211; Pr\u00eamio do J\u00fari da Mostra Competitiva Brasil para Curtas-metragens<\/strong><\/p>\n\n\n\n<ul class=\"wp-block-list\">\n<li>Melhor Dire\u00e7\u00e3o: Giovani Barros, por CARNE FRESCA<\/li>\n\n\n\n<li>Melhor Roteiro: Bruno Tadeu, por NA\u00c7\u00c3O COMPRIMIDO<\/li>\n\n\n\n<li>Melhor Interpreta\u00e7\u00e3o: Divina Val\u00e9ria, por CAVALO MARINHO<\/li>\n\n\n\n<li>Men\u00e7\u00e3o Honrosa: CORPO ABERTO, de Jo\u00e3o Victor Borges, Will Domingos<\/li>\n<\/ul>\n\n\n\n<p><strong>Coelho de Prata &#8211; Pr\u00eamio do J\u00fari da Mostra Competitiva Brasil para Longas-Metragens<\/strong><\/p>\n\n\n\n<ul class=\"wp-block-list\">\n<li>Melhor Dire\u00e7\u00e3o: Marcelo Caetano, por BABY<\/li>\n\n\n\n<li>Melhor Roteiro: Maju de Paiva, Bernardo Florim, por AVENIDA BEIRA-MAR<\/li>\n\n\n\n<li>Melhor Interpreta\u00e7\u00e3o: Jo\u00e3o Pedro Mariano, por BABY<\/li>\n\n\n\n<li>Men\u00e7\u00e3o Honrosa: Milena Gerassi, por AVENIDA BEIRA-MAR<\/li>\n<\/ul>\n\n\n\n<p><strong>Coelho de Prata &#8211; Pr\u00eamio do P\u00fablico<\/strong><\/p>\n\n\n\n<ul class=\"wp-block-list\">\n<li>Melhor Curta-Metragem Nacional: A DITA FILHA DE CLAUDIA WONDER, de Wallie Ruy<\/li>\n\n\n\n<li>Melhor Curta-Metragem Internacional: ME CHAME RO, de Carolina Meza (M\u00e9xico)<\/li>\n\n\n\n<li>Melhor Longa-Metragem Nacional: ALEGRIA DO AMOR, de Marcia Paraiso<\/li>\n\n\n\n<li>Melhor Longa-Metragem Internacional: MAR\u00c9 ALTA, de Marco Calvani (Estados Unidos)<\/li>\n<\/ul>\n\n\n\n<ul class=\"wp-block-list\">\n<li><strong>Pr\u00eamio Canal Brasil de Curtas:<\/strong> VOLL\u00daPYA, de \u00c9ri Sarmet, Jocimar Dias Jr.<\/li>\n\n\n\n<li><strong>Pr\u00eamio SescTV Apresenta: <\/strong>CAVALO MARINHO, de Leo Tabosa<\/li>\n<\/ul>\n\n\n\n<h3 class=\"wp-block-heading\"><strong><u>MIX LITER\u00c1RIO<\/u><\/strong><\/h3>\n\n\n\n<ul class=\"wp-block-list\">\n<li><strong>Pr\u00eamio Mix Liter\u00e1rio:<\/strong> MEU AMOR \u00c9 POL\u00cdTICO (Cepe), de Dalgo Silva<\/li>\n\n\n\n<li><strong>Men\u00e7\u00f5es Honrosas:<\/strong> MARICONAS (Caos e Letras), de Euler Lopes; DUETO DOS AUSENTES (Reformat\u00f3rio) de Fernando Rinaldi; e N\u00c3O-BIN\u00c1RIA, APENAS, de LittleGoat<\/li>\n\n\n\n<li><strong>Pr\u00eamio Caio Fernando Abreu de Literatura:<\/strong> ABAFADA, de Marcela Fassy<\/li>\n<\/ul>\n\n\n\n<h3 class=\"wp-block-heading\"><strong><u>MIX.XR<\/u><\/strong><\/h3>\n\n\n\n<ul class=\"wp-block-list\">\n<li><strong>Coelho de Prata<\/strong> <strong>J\u00fari: <\/strong>EMI OFE, de Igi Lola Ayedum (Brasil)<\/li>\n\n\n\n<li><strong>Men\u00e7\u00f5es Honrosas: <\/strong>URSO, VEADO, GATO E OUTROS BICHOS, de Jos\u00e9phine Derobe Fran\u00e7a); e SEU NOME ERA GISBERTA, de Sergio Galv\u00e3o Roxo (Portugal)<\/li>\n<\/ul>\n\n\n\n<h3 class=\"wp-block-heading\"><strong><u>PR\u00caMIOS ESPECIAIS<\/u><\/strong><\/h3>\n\n\n\n<ul class=\"wp-block-list\">\n<li><strong>Pr\u00eamio \u00cdcone Mix: <\/strong>Bruce LaBruce<\/li>\n\n\n\n<li><strong>Pr\u00eamio Show do Gongo:<\/strong> A SUBST\u00c2NCIA \u2013 VERS\u00c3O HARMONIZADE, de Manequins Harmonizades<\/li>\n\n\n\n<li><strong>Pr\u00eamia Ida Feldman: <\/strong>Selva Gonz\u00e1lez<\/li>\n<\/ul>\n\n\n\n<div style=\"height:60px\" aria-hidden=\"true\" class=\"wp-block-spacer\"><\/div>\n","protected":false},"excerpt":{"rendered":"<p>CINEMA Coelho de Ouro &#8211; Pr\u00eamio do J\u00fari da Mostra Competitiva Brasil INCENTIVO: Os longas e curtas nacionais premiados tamb\u00e9m receber\u00e3o pr\u00eamios de incentivo \u00e0 realiza\u00e7\u00e3o de seus novos projetos audiovisuais atrav\u00e9s da parceria do Festival MixBrasil com a DOTCINE e MISTIKA, apoiadores da \u00e1rea cinematogr\u00e1fica. Coelho de Prata &#8211; Pr\u00eamio do J\u00fari da Mostra [&hellip;]<\/p>\n","protected":false},"author":1,"featured_media":0,"parent":0,"menu_order":0,"comment_status":"open","ping_status":"open","template":"","meta":{"_themeisle_gutenberg_block_has_review":false,"footnotes":""},"class_list":["post-2078","page","type-page","status-publish","hentry","missing-thumbnail"],"_links":{"self":[{"href":"https:\/\/mixbrasil.org.br\/33\/wp-json\/wp\/v2\/pages\/2078","targetHints":{"allow":["GET"]}}],"collection":[{"href":"https:\/\/mixbrasil.org.br\/33\/wp-json\/wp\/v2\/pages"}],"about":[{"href":"https:\/\/mixbrasil.org.br\/33\/wp-json\/wp\/v2\/types\/page"}],"author":[{"embeddable":true,"href":"https:\/\/mixbrasil.org.br\/33\/wp-json\/wp\/v2\/users\/1"}],"replies":[{"embeddable":true,"href":"https:\/\/mixbrasil.org.br\/33\/wp-json\/wp\/v2\/comments?post=2078"}],"version-history":[{"count":16,"href":"https:\/\/mixbrasil.org.br\/33\/wp-json\/wp\/v2\/pages\/2078\/revisions"}],"predecessor-version":[{"id":8374,"href":"https:\/\/mixbrasil.org.br\/33\/wp-json\/wp\/v2\/pages\/2078\/revisions\/8374"}],"wp:attachment":[{"href":"https:\/\/mixbrasil.org.br\/33\/wp-json\/wp\/v2\/media?parent=2078"}],"curies":[{"name":"wp","href":"https:\/\/api.w.org\/{rel}","templated":true}]}}