{"id":2859,"date":"2023-11-02T20:34:40","date_gmt":"2023-11-02T23:34:40","guid":{"rendered":"https:\/\/mixbrasil.org.br\/31\/?p=2859"},"modified":"2025-11-07T20:36:42","modified_gmt":"2025-11-07T23:36:42","slug":"sesc","status":"publish","type":"page","link":"https:\/\/mixbrasil.org.br\/33\/sesc\/","title":{"rendered":"Sesc | Da soma ao comum"},"content":{"rendered":"\n<p>Nos fluxos cont\u00ednuos da exist\u00eancia, h\u00e1 sempre algo que transborda. Gestos, sons e imagens decorrentes de descobertas, de modos reinventados de viver, deixam de caber nos contornos que at\u00e9 ent\u00e3o delimitavam o poss\u00edvel. O s\u00edmbolo de adi\u00e7\u00e3o, que acompanha a sigla LGBT+, anuncia virtualidades ilimitadas: o desejo de seguir somando e de abrir espa\u00e7os para o que ainda n\u00e3o tem nome. <strong>\u201cA Gente Quer +\u201d<\/strong>, este \u00e9 o mote da 33\u00aa edi\u00e7\u00e3o do <strong>Festival Mix Brasil da Cultura da Diversidade<\/strong>, em sua postula\u00e7\u00e3o por mais presen\u00e7as, mais empatia e, portanto, mais universos poss\u00edveis.<\/p>\n\n\n\n<p>Desde o seu advento, na primeira metade dos anos 1990, o <strong>Mix Brasil<\/strong> celebra a arte como territ\u00f3rio por excel\u00eancia de media\u00e7\u00f5es \u2013 das linguagens art\u00edsticas \u00e0s percep\u00e7\u00f5es existenciais, tendo por lastro as afetividades plurais. As obras ora apresentadas revelam interse\u00e7\u00f5es entre cinema, tecnologias imersivas, m\u00fasica, teatro e literatura, evidenciando que toda cria\u00e7\u00e3o \u00e9 tamb\u00e9m um ato de tradu\u00e7\u00e3o cultural. Das cria\u00e7\u00f5es estimuladas e veiculadas pelo Festival, emergem perspectivas capazes de reconfigurar as formas de ver, de dizer e de sentir o mundo.<\/p>\n\n\n\n<p>\u00c9 no encontro entre linguagens que esse evento j\u00e1 hist\u00f3rico, dedicado \u00e0 valoriza\u00e7\u00e3o de express\u00f5es n\u00e3o normativas, exalta o direito de existir em todas as suas formas e cores. O <strong>Sesc <\/strong>tem na diversidade um dos valores-guia de sua a\u00e7\u00e3o sociocultural e educativa. O horizonte dos direitos \u2013 com a igualdade de tratamento e de oportunidades que ele sustenta \u2013 demonstra a import\u00e2ncia que tem para a experi\u00eancia democr\u00e1tica o fomento a espa\u00e7os de conviv\u00eancia e pertencimento, onde a arte opera como idioma comum.<\/p>\n\n\n\n<p><strong>Sesc S\u00e3o Paulo<\/strong><\/p>\n\n\n\n<p><\/p>\n","protected":false},"excerpt":{"rendered":"<p>Nos fluxos cont\u00ednuos da exist\u00eancia, h\u00e1 sempre algo que transborda. Gestos, sons e imagens decorrentes de descobertas, de modos reinventados de viver, deixam de caber nos contornos que at\u00e9 ent\u00e3o delimitavam o poss\u00edvel. O s\u00edmbolo de adi\u00e7\u00e3o, que acompanha a sigla LGBT+, anuncia virtualidades ilimitadas: o desejo de seguir somando e de abrir espa\u00e7os para [&hellip;]<\/p>\n","protected":false},"author":28,"featured_media":0,"parent":0,"menu_order":0,"comment_status":"open","ping_status":"open","template":"","meta":{"_themeisle_gutenberg_block_has_review":false,"footnotes":""},"class_list":["post-2859","page","type-page","status-publish","hentry","missing-thumbnail"],"_links":{"self":[{"href":"https:\/\/mixbrasil.org.br\/33\/wp-json\/wp\/v2\/pages\/2859","targetHints":{"allow":["GET"]}}],"collection":[{"href":"https:\/\/mixbrasil.org.br\/33\/wp-json\/wp\/v2\/pages"}],"about":[{"href":"https:\/\/mixbrasil.org.br\/33\/wp-json\/wp\/v2\/types\/page"}],"author":[{"embeddable":true,"href":"https:\/\/mixbrasil.org.br\/33\/wp-json\/wp\/v2\/users\/28"}],"replies":[{"embeddable":true,"href":"https:\/\/mixbrasil.org.br\/33\/wp-json\/wp\/v2\/comments?post=2859"}],"version-history":[{"count":5,"href":"https:\/\/mixbrasil.org.br\/33\/wp-json\/wp\/v2\/pages\/2859\/revisions"}],"predecessor-version":[{"id":7962,"href":"https:\/\/mixbrasil.org.br\/33\/wp-json\/wp\/v2\/pages\/2859\/revisions\/7962"}],"wp:attachment":[{"href":"https:\/\/mixbrasil.org.br\/33\/wp-json\/wp\/v2\/media?parent=2859"}],"curies":[{"name":"wp","href":"https:\/\/api.w.org\/{rel}","templated":true}]}}