{"id":3281,"date":"2023-11-04T11:24:43","date_gmt":"2023-11-04T14:24:43","guid":{"rendered":"https:\/\/mixbrasil.org.br\/31\/?page_id=3281"},"modified":"2025-11-11T09:51:43","modified_gmt":"2025-11-11T12:51:43","slug":"technical-data-sheet","status":"publish","type":"page","link":"https:\/\/mixbrasil.org.br\/33\/en\/technical-data-sheet\/","title":{"rendered":"Technical Data Sheet"},"content":{"rendered":"\n<p><strong>ARTISTIC <\/strong><b>DIRECTION <\/b><\/p>\n\n\n\n<p><span style=\"font-weight: 400;\">Andr\u00e9 Fischer<\/span><\/p>\n\n\n\n<p><b><strong>CINEMA PROGRAMMING DIRECTION<\/strong><\/b><\/p>\n\n\n\n<p>Marcio Miranda Perez<\/p>\n\n\n\n<p><b>PRODUCTION COORDINATOR<\/b><\/p>\n\n\n\n<p>Ra\u00ed Gandra<\/p>\n\n\n\n<p><b>PRODUCTION<\/b><\/p>\n\n\n\n<p>J\u00fanior Oliveira<\/p>\n\n\n\n<p><b>PRODUCTION ASSISTANT<\/b><\/p>\n\n\n\n<p><span style=\"font-weight: 400;\">Isabella Pereira<\/span><\/p>\n\n\n\n<p><b><strong>ACCOUNTABILITY &amp; FINANCES<\/strong><\/b><\/p>\n\n\n\n<p><span style=\"font-weight: 400;\">Abrupta Produ\u00e7\u00f5es Art\u00edsticas<\/span><\/p>\n\n\n\n<p><b>HOSPITALITY<\/b><\/p>\n\n\n\n<p><span style=\"font-weight: 400;\">Mauricio Kinoshita<\/span><\/p>\n\n\n\n<p><b>USHERING<\/b><\/p>\n\n\n\n<p>PJ 2Hs Entretenimento<\/p>\n\n\n\n<p><b>FILM SELECTION COMMITTEE<\/b><\/p>\n\n\n\n<p>Andr\u00e9 Fischer<br>Julia Katharine<br>Luca Lauri<br>Marcio Miranda Perez<br>Pedro Tinen<br>Ra\u00ed Gandra<br>Tatiana Groff<br>Victor Di Marco<br>Vivi Pistache<\/p>\n\n\n\n<p><b>VISUAL ARTS<\/b><\/p>\n\n\n\n<p>V\u00f3rtice Cultural<br>Coletivo Realidades<br>Depois do Fim da Arte<\/p>\n\n\n\n<p><strong>THE GONG SHOW HOST<\/strong><\/p>\n\n\n\n<p>Marisa Orth<\/p>\n\n\n\n<p><b><b>DRAM\u00c1TICA CURATION<\/b><\/b><\/p>\n\n\n\n<p>Vanessa Bruno<\/p>\n\n\n\n<p><b>MIX LITER\u00c1RIO CURATION<\/b><\/p>\n\n\n\n<p>Alexandre Rabelo<\/p>\n\n\n\n<p><b>MIX LITER\u00c1RIO PRODUCTION<\/b><\/p>\n\n\n\n<p><span style=\"font-weight: 400;\">Natasha Sanchez<\/span><\/p>\n\n\n\n<p><b>MIXGAMES PRODUCTION<\/b><\/p>\n\n\n\n<p><span style=\"font-weight: 400;\">Osvaldo Ortega<\/span><\/p>\n\n\n\n<h3 class=\"wp-block-heading\"><b>MIXLAB<\/b><\/h3>\n\n\n\n<p><b>COORDINATION<\/b><\/p>\n\n\n\n<p><span style=\"font-weight: 400;\">Andr\u00e9 Fischer<\/span><\/p>\n\n\n\n<p><b>AUDIOVISUAL MEDIA COORDINATION<\/b><\/p>\n\n\n\n<p>Hyran De Mula<\/p>\n\n\n\n<p><b><strong>VR COORDINATION<\/strong><\/b><\/p>\n\n\n\n<p><span style=\"font-weight: 400;\">Robson Catalunha<\/span><\/p>\n\n\n\n<p><b>PUBLIC RELATIONS<\/b><\/p>\n\n\n\n<p>ATTI Comunica\u00e7\u00e3o e Ideias<br>Eliz Ferreira e Val\u00e9ria Blanco<span style=\"font-weight: 400;\"><\/span><\/p>\n\n\n\n<p><b>SOCIAL MEDIA <\/b><\/p>\n\n\n\n<p><span style=\"font-weight: 400;\">Pevi56<\/span><\/p>\n\n\n\n<p><b>PHOTOS<\/b><\/p>\n\n\n\n<p><span style=\"font-weight: 400;\">Amanda Clemente<\/span><br>Lucas Bonillo<\/p>\n\n\n\n<p><b>VIDEO EDITING<\/b><\/p>\n\n\n\n<p>Alex Girardi<br>Vinicius Tartaro<\/p>\n\n\n\n<p><b>MAKING OF<\/b><\/p>\n\n\n\n<p>Geraldo Arcanjo<\/p>\n\n\n\n<p><b>TRANSLATION AND SUBTITLING COORDINATION<\/b><\/p>\n\n\n\n<p><span style=\"font-weight: 400;\">4 Esta\u00e7\u00f5es<\/span><\/p>\n\n\n\n<p><b>SILVER AND GOLDEN RABBIT TROPHIES<\/b><\/p>\n\n\n\n<p><span style=\"font-weight: 400;\">Duilio Ferronato<\/span><span style=\"font-weight: 400;\"><\/span><\/p>\n\n\n\n<p><b>WEBSITE MAINTENANCE<\/b><\/p>\n\n\n\n<p><span style=\"font-weight: 400;\">Site de Artista<\/span><\/p>\n\n\n\n<p><b>GRAPHIC MATERIALS AND PROJECT DESIGN<\/b><\/p>\n\n\n\n<p>Alex Girardi<\/p>\n\n\n\n<h3 class=\"wp-block-heading\"><b>CATALOGUE<\/b><\/h3>\n\n\n\n<p><b>CONTENT<\/b><\/p>\n\n\n\n<p>Andr\u00e9 Fischer<br>Junior Oliveira<br>Marcio Miranda Perez<br>Ra\u00ed Gandra<\/p>\n\n\n\n<p><b>COPY EDITOR AND TRANSLATION<\/b><\/p>\n\n\n\n<p>Jakson Correia<br>ChatGPT<\/p>\n\n\n\n<p><b>DIGITAL PLATFORMS<\/b><\/p>\n\n\n\n<p><span style=\"font-weight: 400;\">Ita\u00fa Cultural Play<br><\/span><span style=\"font-weight: 400;\">Sesc Digital<br><\/span><span style=\"font-weight: 400;\">Spcine Play<br><\/span><span style=\"font-weight: 400;\">Youtube Festival MixBrasil<\/span><\/p>\n\n\n\n<p><b>MIXBRASIL 2025 VISUAL ID<\/b><\/p>\n\n\n\n<p>Ag\u00eancia Talent<\/p>\n\n\n\n<p><b>ACCOUNTING ADVICE<\/b><\/p>\n\n\n\n<p>Santos Assessoria Cont\u00e1bil<\/p>\n\n\n\n<h3 class=\"wp-block-heading\"><b>REALIZATION<\/b><\/h3>\n\n\n<div class=\"wp-block-image\">\n<figure class=\"alignleft size-medium\"><img decoding=\"async\" src=\"https:\/\/mixbrasil.org.br\/32\/wp-content\/uploads\/2024\/11\/Logo_Associacao_Mix_Brasil-Branco-300x174.png\" alt=\"\" class=\"wp-image-6568\" style=\"object-fit:cover\"\/><\/figure>\n<\/div>\n\n\n<div style=\"height:10px\" aria-hidden=\"true\" class=\"wp-block-spacer\"><\/div>\n\n\n\n<p><b>CHIEF OFFICER<\/b><\/p>\n\n\n\n<p><span style=\"font-weight: 400;\">Andr\u00e9 Fischer<\/span><\/p>\n\n\n\n<p><b>DEPUTY CHIEF OFFICER<\/b><\/p>\n\n\n\n<p><span style=\"font-weight: 400;\">Marcelo Guimar\u00e3es<\/span><\/p>\n\n\n\n<p><b>TECHNICAL DIRECTOR<\/b><\/p>\n\n\n\n<p><span style=\"font-weight: 400;\">Marco Donini<\/span><\/p>\n\n\n\n<p><b>COUNCIL BOARD<\/b><\/p>\n\n\n\n<p>Francisco Zelesnikar<br>Danilo Janjacomo<br>Ida Feldman<\/p>\n","protected":false},"excerpt":{"rendered":"<p>ARTISTIC DIRECTION Andr\u00e9 Fischer CINEMA PROGRAMMING DIRECTION Marcio Miranda Perez PRODUCTION COORDINATOR Ra\u00ed Gandra PRODUCTION J\u00fanior Oliveira PRODUCTION ASSISTANT Isabella Pereira ACCOUNTABILITY &amp; FINANCES Abrupta Produ\u00e7\u00f5es Art\u00edsticas HOSPITALITY Mauricio Kinoshita USHERING PJ 2Hs Entretenimento FILM SELECTION COMMITTEE Andr\u00e9 FischerJulia KatharineLuca LauriMarcio Miranda PerezPedro TinenRa\u00ed GandraTatiana GroffVictor Di MarcoVivi Pistache VISUAL ARTS V\u00f3rtice CulturalColetivo RealidadesDepois do [&hellip;]<\/p>\n","protected":false},"author":28,"featured_media":0,"parent":0,"menu_order":0,"comment_status":"closed","ping_status":"closed","template":"","meta":{"_themeisle_gutenberg_block_has_review":false,"footnotes":""},"class_list":["post-3281","page","type-page","status-publish","hentry","missing-thumbnail"],"_links":{"self":[{"href":"https:\/\/mixbrasil.org.br\/33\/wp-json\/wp\/v2\/pages\/3281","targetHints":{"allow":["GET"]}}],"collection":[{"href":"https:\/\/mixbrasil.org.br\/33\/wp-json\/wp\/v2\/pages"}],"about":[{"href":"https:\/\/mixbrasil.org.br\/33\/wp-json\/wp\/v2\/types\/page"}],"author":[{"embeddable":true,"href":"https:\/\/mixbrasil.org.br\/33\/wp-json\/wp\/v2\/users\/28"}],"replies":[{"embeddable":true,"href":"https:\/\/mixbrasil.org.br\/33\/wp-json\/wp\/v2\/comments?post=3281"}],"version-history":[{"count":11,"href":"https:\/\/mixbrasil.org.br\/33\/wp-json\/wp\/v2\/pages\/3281\/revisions"}],"predecessor-version":[{"id":9203,"href":"https:\/\/mixbrasil.org.br\/33\/wp-json\/wp\/v2\/pages\/3281\/revisions\/9203"}],"wp:attachment":[{"href":"https:\/\/mixbrasil.org.br\/33\/wp-json\/wp\/v2\/media?parent=3281"}],"curies":[{"name":"wp","href":"https:\/\/api.w.org\/{rel}","templated":true}]}}