{"id":6119,"date":"2024-11-09T11:35:31","date_gmt":"2024-11-09T14:35:31","guid":{"rendered":"https:\/\/mixbrasil.org.br\/32\/?page_id=6119"},"modified":"2025-11-07T21:34:32","modified_gmt":"2025-11-08T00:34:32","slug":"spcine","status":"publish","type":"page","link":"https:\/\/mixbrasil.org.br\/33\/spcine\/","title":{"rendered":"SPCine"},"content":{"rendered":"\n<p>A gente quer mais \u2014 e o cinema \u00e9 uma das formas mais bonitas de dizer isso.<\/p>\n\n\n\n<p>O audiovisual tem a pot\u00eancia de transformar o imagin\u00e1rio e pavimentar o caminho para uma sociedade mais justa e inclusiva. Este ano, a <strong>Spcine<\/strong> celebra novamente a parceria com o <strong>Festival MixBrasil<\/strong>, evento que h\u00e1 mais de tr\u00eas d\u00e9cadas promove a inclus\u00e3o social e a exist\u00eancia plural LGBT+.<\/p>\n\n\n\n<p>Nesta edi\u00e7\u00e3o especial, celebramos a pot\u00eancia dessas narrativas. \u00c9 preciso mais telas, mais vozes, mais representatividade e mais conquistas de direitos e espa\u00e7os. Para isso, parte da programa\u00e7\u00e3o do <strong>MixBrasil<\/strong> estar\u00e1 no <strong>Circuito Spcine<\/strong> e na plataforma de streaming p\u00fablica <strong>Spcine Play<\/strong>.<\/p>\n\n\n\n<p>Em sintonia com a tem\u00e1tica <strong>&#8220;A gente quer mais&#8221;<\/strong>, a <strong>Spcine<\/strong> reafirma seu compromisso em ir al\u00e9m, estimulando a produ\u00e7\u00e3o e a difus\u00e3o de narrativas diversas. Que esta edi\u00e7\u00e3o seja mais um passo firme na dire\u00e7\u00e3o de um futuro com mais arte, mais liberdade e mais dignidade para todas as pessoas.<\/p>\n\n\n\n<p><strong>Emiliano Zapata<\/strong><br><em>Diretor de Inova\u00e7\u00e3o e Pol\u00edticas P\u00fablicas da Spcine<\/em><\/p>\n","protected":false},"excerpt":{"rendered":"<p>A gente quer mais \u2014 e o cinema \u00e9 uma das formas mais bonitas de dizer isso. O audiovisual tem a pot\u00eancia de transformar o imagin\u00e1rio e pavimentar o caminho para uma sociedade mais justa e inclusiva. Este ano, a Spcine celebra novamente a parceria com o Festival MixBrasil, evento que h\u00e1 mais de tr\u00eas [&hellip;]<\/p>\n","protected":false},"author":28,"featured_media":0,"parent":0,"menu_order":0,"comment_status":"closed","ping_status":"closed","template":"","meta":{"_themeisle_gutenberg_block_has_review":false,"footnotes":""},"class_list":["post-6119","page","type-page","status-publish","hentry","missing-thumbnail"],"_links":{"self":[{"href":"https:\/\/mixbrasil.org.br\/33\/wp-json\/wp\/v2\/pages\/6119","targetHints":{"allow":["GET"]}}],"collection":[{"href":"https:\/\/mixbrasil.org.br\/33\/wp-json\/wp\/v2\/pages"}],"about":[{"href":"https:\/\/mixbrasil.org.br\/33\/wp-json\/wp\/v2\/types\/page"}],"author":[{"embeddable":true,"href":"https:\/\/mixbrasil.org.br\/33\/wp-json\/wp\/v2\/users\/28"}],"replies":[{"embeddable":true,"href":"https:\/\/mixbrasil.org.br\/33\/wp-json\/wp\/v2\/comments?post=6119"}],"version-history":[{"count":3,"href":"https:\/\/mixbrasil.org.br\/33\/wp-json\/wp\/v2\/pages\/6119\/revisions"}],"predecessor-version":[{"id":7986,"href":"https:\/\/mixbrasil.org.br\/33\/wp-json\/wp\/v2\/pages\/6119\/revisions\/7986"}],"wp:attachment":[{"href":"https:\/\/mixbrasil.org.br\/33\/wp-json\/wp\/v2\/media?parent=6119"}],"curies":[{"name":"wp","href":"https:\/\/api.w.org\/{rel}","templated":true}]}}