{"id":6240,"date":"2024-11-10T11:35:58","date_gmt":"2024-11-10T14:35:58","guid":{"rendered":"https:\/\/mixbrasil.org.br\/32\/?page_id=6240"},"modified":"2025-11-08T07:12:23","modified_gmt":"2025-11-08T10:12:23","slug":"2024s-award-winners","status":"publish","type":"page","link":"https:\/\/mixbrasil.org.br\/33\/en\/2024s-award-winners\/","title":{"rendered":"2024&#8217;s Award Winners"},"content":{"rendered":"\n<h3 class=\"wp-block-heading\"><strong><u>CINEMA<\/u><\/strong><\/h3>\n\n\n\n<p><strong>Golden Rabbit &#8211; Jury Award for the Brazilian Competition<\/strong><\/p>\n\n\n\n<ul class=\"wp-block-list\">\n<li>Best Brazilian Short Film: ZAG\u00caRO, by Victor Di Marco, M\u00e1rcio Picoli<\/li>\n\n\n\n<li>Best Brazilian Feature Film: THIS IS BALLROOM, by Juru, Vit\u00e3<\/li>\n<\/ul>\n\n\n\n<p class=\"has-small-font-size\"><em><strong>INCENTIVE: <\/strong>Award-winning national feature films and short films will also receive incentive prizes for the production of their new audiovisual projects through the partnership of the Mix Brasil Festival with <strong>DOTCINE<\/strong> and <strong>MISTIKA<\/strong>, supporters of the film industry.<\/em><\/p>\n\n\n\n<p><strong>Silver Rabbit &#8211; Jury Award for the Brazilian Competition &#8211; Short Films<\/strong><\/p>\n\n\n\n<ul class=\"wp-block-list\">\n<li>Best Direction: Giovani Barros, for A HOWLING CARNIVAL<\/li>\n\n\n\n<li>Best Screenplay: Bruno Tadeu, for PILL NATION<\/li>\n\n\n\n<li>Best Performance: Divina Val\u00e9ria, for SEAHORSE<\/li>\n\n\n\n<li>Honorable Mention: OPEN VEINS, by Jo\u00e3o Victor Borges, Will Domingos<\/li>\n<\/ul>\n\n\n\n<p><strong>Silver Rabbit &#8211; Jury Award for the Brazilian Competition &#8211; Feature Films<\/strong><\/p>\n\n\n\n<ul class=\"wp-block-list\">\n<li>Best Direction: Marcelo Caetano, for BABY<\/li>\n\n\n\n<li>Best Screenplay: Maju de Paiva, Bernardo Florim, for SEASIDE AVENUE<\/li>\n\n\n\n<li>Best Performance: Jo\u00e3o Pedro Mariano, for BABY<\/li>\n\n\n\n<li>Honorable Mention: Milena Gerassi, for SEASIDE AVENUE<\/li>\n<\/ul>\n\n\n\n<p><strong>Silver Rabbit &#8211; Audience Award<\/strong><\/p>\n\n\n\n<ul class=\"wp-block-list\">\n<li>Best National Short Film: THE KNOWN DAUGHTER OF CLAUDIA WONDER, by Wallie Ruy<\/li>\n\n\n\n<li>Best International Short Film: CALL ME RO, by Carolina Meza (Mexico)<\/li>\n\n\n\n<li>Best National Feature Film: THE JOY OF LOVE, by Marcia Paraiso<\/li>\n\n\n\n<li>Best International Feature Film: HIGH TIDE, by Marco Calvani (United States)<\/li>\n<\/ul>\n\n\n\n<ul class=\"wp-block-list\">\n<li><strong>Canal Brasil de Curtas Award: <\/strong>VOLL\u00daPYA, by \u00c9ri Sarmet, Jocimar Dias Jr.<\/li>\n\n\n\n<li><strong>SescTV Apresenta Award:<\/strong> SEAHORSE, by Leo Tabosa<\/li>\n<\/ul>\n\n\n\n<h3 class=\"wp-block-heading\"><strong><u>MIX LITER\u00c1RIO<\/u><\/strong><\/h3>\n\n\n\n<ul class=\"wp-block-list\">\n<li><strong>Mix Liter\u00e1rio Award: <\/strong>MEU AMOR \u00c9 POL\u00cdTICO (Cepe), by Dalgo Silva<\/li>\n\n\n\n<li><strong>Honorable Mentions: <\/strong>MARICONAS (Caos e Letras), by Euler Lopes; DUETO DOS AUSENTES (Reformat\u00f3rio) by Fernando Rinaldi; N\u00c3O-BIN\u00c1RIA, APENAS, by LittleGoat<\/li>\n\n\n\n<li><strong>Caio Fernando Abreu Literary Award: <\/strong>ABAFADA, by Marcela Fassy<\/li>\n<\/ul>\n\n\n\n<h3 class=\"wp-block-heading\"><strong><u>MIX.XR<\/u><\/strong><\/h3>\n\n\n\n<ul class=\"wp-block-list\">\n<li><strong>Silver Rabbit &#8211; Jury:<\/strong> EMI OFE, by Igi Lola Ayedum (Brazil)<\/li>\n\n\n\n<li><strong>Honorable Mentions: <\/strong>MOI FAUVE, by Jos\u00e9phine Derobe (France); HER NAME WAS GISBERTA, by Sergio Galv\u00e3o Roxo (Portugal)<\/li>\n<\/ul>\n\n\n\n<h3 class=\"wp-block-heading\"><strong><u>SPECIAL AWARDS<\/u><\/strong><\/h3>\n\n\n\n<ul class=\"wp-block-list\">\n<li><strong>\u00cdcone Mix Award: <\/strong>Bruce LaBruce<\/li>\n\n\n\n<li><strong>Show do Gongo Award: <\/strong>THE SUBSTANCE \u2013 THE HARMONIZED VERSION, by Manequins Harmonizades<\/li>\n\n\n\n<li><strong>Ida Feldman Award: <\/strong>Selva Gonz\u00e1lez<\/li>\n<\/ul>\n","protected":false},"excerpt":{"rendered":"<p>CINEMA Golden Rabbit &#8211; Jury Award for the Brazilian Competition INCENTIVE: Award-winning national feature films and short films will also receive incentive prizes for the production of their new audiovisual projects through the partnership of the Mix Brasil Festival with DOTCINE and MISTIKA, supporters of the film industry. Silver Rabbit &#8211; Jury Award for the [&hellip;]<\/p>\n","protected":false},"author":28,"featured_media":0,"parent":0,"menu_order":0,"comment_status":"open","ping_status":"open","template":"","meta":{"_themeisle_gutenberg_block_has_review":false,"footnotes":""},"class_list":["post-6240","page","type-page","status-publish","hentry","missing-thumbnail"],"_links":{"self":[{"href":"https:\/\/mixbrasil.org.br\/33\/wp-json\/wp\/v2\/pages\/6240","targetHints":{"allow":["GET"]}}],"collection":[{"href":"https:\/\/mixbrasil.org.br\/33\/wp-json\/wp\/v2\/pages"}],"about":[{"href":"https:\/\/mixbrasil.org.br\/33\/wp-json\/wp\/v2\/types\/page"}],"author":[{"embeddable":true,"href":"https:\/\/mixbrasil.org.br\/33\/wp-json\/wp\/v2\/users\/28"}],"replies":[{"embeddable":true,"href":"https:\/\/mixbrasil.org.br\/33\/wp-json\/wp\/v2\/comments?post=6240"}],"version-history":[{"count":2,"href":"https:\/\/mixbrasil.org.br\/33\/wp-json\/wp\/v2\/pages\/6240\/revisions"}],"predecessor-version":[{"id":8385,"href":"https:\/\/mixbrasil.org.br\/33\/wp-json\/wp\/v2\/pages\/6240\/revisions\/8385"}],"wp:attachment":[{"href":"https:\/\/mixbrasil.org.br\/33\/wp-json\/wp\/v2\/media?parent=6240"}],"curies":[{"name":"wp","href":"https:\/\/api.w.org\/{rel}","templated":true}]}}