{"id":6431,"date":"2024-11-13T18:48:08","date_gmt":"2024-11-13T21:48:08","guid":{"rendered":"https:\/\/mixbrasil.org.br\/32\/?page_id=6431"},"modified":"2024-11-14T10:55:38","modified_gmt":"2024-11-14T13:55:38","slug":"busca","status":"publish","type":"page","link":"https:\/\/mixbrasil.org.br\/33\/busca\/","title":{"rendered":"Busca"},"content":{"rendered":"\n<p>Use o formul\u00e1rio abaixo para localizar o conte\u00fado que est\u00e1 procurando. <\/p>\n\n\n<form role=\"search\" method=\"get\" action=\"https:\/\/mixbrasil.org.br\/33\/\" class=\"wp-block-search__button-outside wp-block-search__text-button wp-block-search\"    ><label class=\"wp-block-search__label screen-reader-text\" for=\"wp-block-search__input-1\" >Pesquisar<\/label><div class=\"wp-block-search__inside-wrapper\" ><input class=\"wp-block-search__input\" id=\"wp-block-search__input-1\" placeholder=\"\" value=\"\" type=\"search\" name=\"s\" required \/><button aria-label=\"Pesquisar\" class=\"wp-block-search__button wp-element-button\" type=\"submit\" >Pesquisar<\/button><\/div><\/form>\n\n\n<div style=\"height:60px\" aria-hidden=\"true\" class=\"wp-block-spacer\"><\/div>\n","protected":false},"excerpt":{"rendered":"<p>Use o formul\u00e1rio abaixo para localizar o conte\u00fado que est\u00e1 procurando.<\/p>\n","protected":false},"author":28,"featured_media":0,"parent":0,"menu_order":0,"comment_status":"closed","ping_status":"closed","template":"","meta":{"_themeisle_gutenberg_block_has_review":false,"footnotes":""},"class_list":["post-6431","page","type-page","status-publish","hentry","missing-thumbnail"],"_links":{"self":[{"href":"https:\/\/mixbrasil.org.br\/33\/wp-json\/wp\/v2\/pages\/6431","targetHints":{"allow":["GET"]}}],"collection":[{"href":"https:\/\/mixbrasil.org.br\/33\/wp-json\/wp\/v2\/pages"}],"about":[{"href":"https:\/\/mixbrasil.org.br\/33\/wp-json\/wp\/v2\/types\/page"}],"author":[{"embeddable":true,"href":"https:\/\/mixbrasil.org.br\/33\/wp-json\/wp\/v2\/users\/28"}],"replies":[{"embeddable":true,"href":"https:\/\/mixbrasil.org.br\/33\/wp-json\/wp\/v2\/comments?post=6431"}],"version-history":[{"count":3,"href":"https:\/\/mixbrasil.org.br\/33\/wp-json\/wp\/v2\/pages\/6431\/revisions"}],"predecessor-version":[{"id":6478,"href":"https:\/\/mixbrasil.org.br\/33\/wp-json\/wp\/v2\/pages\/6431\/revisions\/6478"}],"wp:attachment":[{"href":"https:\/\/mixbrasil.org.br\/33\/wp-json\/wp\/v2\/media?parent=6431"}],"curies":[{"name":"wp","href":"https:\/\/api.w.org\/{rel}","templated":true}]}}