{"id":894,"date":"2023-10-25T17:55:13","date_gmt":"2023-10-25T20:55:13","guid":{"rendered":"https:\/\/mixbrasil.org.br\/31\/?p=894"},"modified":"2025-11-07T20:06:20","modified_gmt":"2025-11-07T23:06:20","slug":"apresentacao","status":"publish","type":"page","link":"https:\/\/mixbrasil.org.br\/33\/apresentacao\/","title":{"rendered":"Apresenta\u00e7\u00e3o"},"content":{"rendered":"\n<p>Boas vindas ao <strong>33+ Festival MixBrasil<\/strong><\/p>\n\n\n\n<p><strong>A Gente Quer +<\/strong><\/p>\n\n\n\n<p>O <strong>33+Festival MixBrasil de Cultura e Diversidade<\/strong> chega reafirmando sua voca\u00e7\u00e3o como plataforma para al\u00e9m da resist\u00eancia. Sob o tema <strong>\u201cA Gente Quer +\u201d<\/strong>, desenvolvido pela <strong>Talent<\/strong>, o festival celebra o desejo de amplia\u00e7\u00e3o de horizontes, vozes, corpos e imagin\u00e1rios, num ano marcado por grandes desafios para a cultura brasileira e para a comunidade LGBT+, com escassez de investimentos p\u00fablicos e privados e retrocessos que ainda ecoam em v\u00e1rias frentes.<\/p>\n\n\n\n<p>Mesmo nesse cen\u00e1rio adverso, o <strong>MixBrasil <\/strong>cresce. Este ano, tivemos 545 filmes brasileiros inscritos, o maior n\u00famero em toda a hist\u00f3ria do festival, um sinal da vitalidade e da pot\u00eancia criativa do nosso audiovisual independente. Com um total de 138 filmes de 33 pa\u00edses, o <strong>MixBrasil <\/strong>consolida seu papel como uma plataforma de encontro entre linguagens, corpos e narrativas, refletindo a diversidade est\u00e9tica e pol\u00edtica do nosso tempo.<\/p>\n\n\n\n<p>Uma das grandes novidades desta edi\u00e7\u00e3o \u00e9 a <strong>Mostra de Intelig\u00eancia Artificial<\/strong>, que re\u00fane 24 filmes produzidos com ferramentas de IA: uma se\u00e7\u00e3o in\u00e9dita e pioneira, que reflete a transforma\u00e7\u00e3o radical que as novas tecnologias provocam nas linguagens e nos modos de produ\u00e7\u00e3o audiovisual. Dentre as 75 obras inscritas de 14 pa\u00edses, a sele\u00e7\u00e3o final prop\u00f5e um olhar cr\u00edtico e po\u00e9tico sobre a presen\u00e7a da IA na cria\u00e7\u00e3o cinematogr\u00e1fica. A mostra inclui ainda uma sele\u00e7\u00e3o especial enviada pelo <strong>FIVIA (Festival Internacional de V\u00eddeo e Intelig\u00eancia Artificial, de Marselha)<\/strong>, aprofundando o di\u00e1logo entre inova\u00e7\u00e3o tecnol\u00f3gica e diversidade de g\u00eanero, sexualidade e express\u00e3o.<\/p>\n\n\n\n<p>O festival tamb\u00e9m celebra a colabora\u00e7\u00e3o internacional em ano de menos recursos por aqui. Ela viabilizou uma edi\u00e7\u00e3o potente, turbinada pelo apoio de v\u00e1rias institui\u00e7\u00f5es culturais europeias, especialmente da Fran\u00e7a, atrav\u00e9s da integra\u00e7\u00e3o \u00e0 <strong>Temporada Fran\u00e7a\u2013Brasil<\/strong> 2025. Dentro desse di\u00e1logo, o <strong>Mundo Mix<\/strong> homenageia a <strong>Pol\u00f4nia<\/strong>, pa\u00eds que, como o Brasil, viveu recentemente um per\u00edodo de resist\u00eancia diante de um governo de extrema-direita. Uma afinidade que refor\u00e7a a dimens\u00e3o pol\u00edtica e cultural da arte como ferramenta de liberdade.<\/p>\n\n\n\n<p>O <strong>MiX.XR<\/strong>, se\u00e7\u00e3o de novas tecnologias que se somou ao <strong>MixGames<\/strong>, foi reconhecido esse ano com o pr\u00eamio <strong>WSA Brasil <\/strong>(integrado \u00e0 rede global <strong>World Summit Awards<\/strong>, vinculada \u00e0 <strong>ONU<\/strong>) na categoria Cultura e Patrim\u00f4nio. Com isso, se estabelece, em sua quarta edi\u00e7\u00e3o como a maior e mais diversa programa\u00e7\u00e3o de experi\u00eancias imersivas LGBT+ do mundo. Este ano, apresenta oito obras que expandem os limites entre performance, IA e realidade virtual, incluindo cinco experi\u00eancias VR, dois espet\u00e1culos imersivos e um domo \u2014 o projeto <strong>Kanc\u00edc\u00e0<\/strong>, uma cria\u00e7\u00e3o sensorial que combina cultura afro, tecnologia e espiritualidade.<\/p>\n\n\n\n<p><strong>Dram\u00e1tica<\/strong> retorna em grande estilo, com oito espet\u00e1culos in\u00e9ditos que reafirmam a pot\u00eancia da cena queer contempor\u00e2nea. As <strong>Artes Visuais<\/strong> ganham o maior espa\u00e7o em mais de tr\u00eas d\u00e9cadas de evento, com a exposi\u00e7\u00e3o <strong>Kwir Nou Exist<\/strong>, sobre a comunidade trans reunionense, o encontro entre os coletivos <strong>Depois do Fim da Arte e Realidades<\/strong> na <strong>Galeria Vermelho<\/strong> e a exposi\u00e7\u00e3o com curadoria da <strong>V\u00f3rtice Cultural no Museu da Diversidade Sexual<\/strong>.<\/p>\n\n\n\n<p><strong>Marisa Orth<\/strong>, parceira hist\u00f3rica do <strong>MixBrasil<\/strong> e apresentadora do ic\u00f4nico <strong>Show do Gongo<\/strong> desde 1999, \u00e9 a homenageada desta edi\u00e7\u00e3o com o Pr\u00eamio \u00cdcone Mix 2025, celebrando uma trajet\u00f3ria que une humor, intelig\u00eancia e coragem. Ela se junta ao time de \u00edcones homenageados \u2014 <strong>Gus Van Sant, Jo\u00e3o Nery, Marina Lima, M\u00e1rcia Pantera, Ney Matogrosso, Linn da Quebrada, Renata Carvalho<\/strong> e <strong>Bruce LaBruce<\/strong>.<\/p>\n\n\n\n<p>Com o apoio de parceiros institucionais e o trabalho de uma equipe movida pela paix\u00e3o, o <strong>33+ Festival MixBrasil<\/strong> celebra n\u00e3o apenas a continuidade, mas a expans\u00e3o: queremos mais hist\u00f3rias contadas, mais corpos representados, mais mundos poss\u00edveis.<\/p>\n\n\n\n<p>Porque<strong> A Gente Quer +<\/strong> liberdade, presen\u00e7a e possibilidades de futuro.<\/p>\n","protected":false},"excerpt":{"rendered":"<p>Boas vindas ao 33+ Festival MixBrasil A Gente Quer + O 33+Festival MixBrasil de Cultura e Diversidade chega reafirmando sua voca\u00e7\u00e3o como plataforma para al\u00e9m da resist\u00eancia. Sob o tema \u201cA Gente Quer +\u201d, desenvolvido pela Talent, o festival celebra o desejo de amplia\u00e7\u00e3o de horizontes, vozes, corpos e imagin\u00e1rios, num ano marcado por grandes [&hellip;]<\/p>\n","protected":false},"author":1,"featured_media":0,"parent":0,"menu_order":0,"comment_status":"closed","ping_status":"open","template":"","meta":{"_themeisle_gutenberg_block_has_review":false,"footnotes":""},"class_list":["post-894","page","type-page","status-publish","hentry","missing-thumbnail"],"_links":{"self":[{"href":"https:\/\/mixbrasil.org.br\/33\/wp-json\/wp\/v2\/pages\/894","targetHints":{"allow":["GET"]}}],"collection":[{"href":"https:\/\/mixbrasil.org.br\/33\/wp-json\/wp\/v2\/pages"}],"about":[{"href":"https:\/\/mixbrasil.org.br\/33\/wp-json\/wp\/v2\/types\/page"}],"author":[{"embeddable":true,"href":"https:\/\/mixbrasil.org.br\/33\/wp-json\/wp\/v2\/users\/1"}],"replies":[{"embeddable":true,"href":"https:\/\/mixbrasil.org.br\/33\/wp-json\/wp\/v2\/comments?post=894"}],"version-history":[{"count":11,"href":"https:\/\/mixbrasil.org.br\/33\/wp-json\/wp\/v2\/pages\/894\/revisions"}],"predecessor-version":[{"id":7955,"href":"https:\/\/mixbrasil.org.br\/33\/wp-json\/wp\/v2\/pages\/894\/revisions\/7955"}],"wp:attachment":[{"href":"https:\/\/mixbrasil.org.br\/33\/wp-json\/wp\/v2\/media?parent=894"}],"curies":[{"name":"wp","href":"https:\/\/api.w.org\/{rel}","templated":true}]}}