{"id":902,"date":"2023-10-25T17:57:16","date_gmt":"2023-10-25T20:57:16","guid":{"rendered":"https:\/\/mixbrasil.org.br\/31\/?p=902"},"modified":"2025-11-11T09:50:06","modified_gmt":"2025-11-11T12:50:06","slug":"premios","status":"publish","type":"page","link":"https:\/\/mixbrasil.org.br\/33\/premios\/","title":{"rendered":"Pr\u00eamios"},"content":{"rendered":"\n<figure class=\"wp-block-image size-full\"><img loading=\"lazy\" decoding=\"async\" width=\"790\" height=\"467\" src=\"https:\/\/mixbrasil.org.br\/33\/wp-content\/uploads\/2025\/11\/festivalmixbrasil_316362435_5737113606381406_6419875787736288854_n.jpg\" alt=\"\" class=\"wp-image-8492\" srcset=\"https:\/\/mixbrasil.org.br\/33\/wp-content\/uploads\/2025\/11\/festivalmixbrasil_316362435_5737113606381406_6419875787736288854_n.jpg 790w, https:\/\/mixbrasil.org.br\/33\/wp-content\/uploads\/2025\/11\/festivalmixbrasil_316362435_5737113606381406_6419875787736288854_n-300x177.jpg 300w, https:\/\/mixbrasil.org.br\/33\/wp-content\/uploads\/2025\/11\/festivalmixbrasil_316362435_5737113606381406_6419875787736288854_n-768x454.jpg 768w\" sizes=\"auto, (max-width: 790px) 100vw, 790px\" \/><\/figure>\n\n\n\n<h2 class=\"wp-block-heading\"><strong>CINEMA<\/strong><\/h2>\n\n\n\n<p><strong>COELHO DE OURO<br>Pr\u00eamio do J\u00faris das Mostras Competitivas Brasil<\/strong><\/p>\n\n\n\n<ul class=\"wp-block-list\">\n<li>Melhor Longa Brasil<\/li>\n\n\n\n<li>Melhor Curta Brasil<\/li>\n\n\n\n<li>Melhor Filme Reframe<\/li>\n<\/ul>\n\n\n\n<p><strong>COELHO DE PRATA<br>Pr\u00eamio do J\u00fari da Mostra Competitiva Brasil para Curtas<\/strong><\/p>\n\n\n\n<ul class=\"wp-block-list\">\n<li>Melhor Dire\u00e7\u00e3o Curta<\/li>\n\n\n\n<li>Melhor Roteiro Curta<\/li>\n\n\n\n<li>Melhor Interpreta\u00e7\u00e3o Curta<\/li>\n<\/ul>\n\n\n\n<p><strong>Pr\u00eamio do J\u00fari da Mostra Competitiva Brasil para M\u00e9dias e Longas<\/strong><\/p>\n\n\n\n<ul class=\"wp-block-list\">\n<li>Melhor Dire\u00e7\u00e3o Longa<\/li>\n\n\n\n<li>Melhor Roteiro Longa<\/li>\n\n\n\n<li>Melhor Interpreta\u00e7\u00e3o Longa<\/li>\n<\/ul>\n\n\n\n<p><strong>Pr\u00eamio do P\u00fablico<\/strong><\/p>\n\n\n\n<ul class=\"wp-block-list\">\n<li>Melhor Curta Brasil<\/li>\n\n\n\n<li>Melhor Curta Internacional<\/li>\n\n\n\n<li>Melhor Longa Brasil<\/li>\n\n\n\n<li>Melhor Longa Internacional<\/li>\n<\/ul>\n\n\n\n<h2 class=\"wp-block-heading\"><strong>PR\u00caMIOS DE INCENTIVO<\/strong><\/h2>\n\n\n\n<ul class=\"wp-block-list\">\n<li><strong>PR\u00caMIO CANAL BRASIL DE CURTAS: <\/strong>O Pr\u00eamio Canal Brasil de Curtas tem como objetivo estimular a nova gera\u00e7\u00e3o de cineastas, contemplando os vencedores na categoria Curta-Metragem. Um j\u00fari convidado pelo canal, composto por cr\u00edticos e jornalistas especializados em cinema, escolhe o melhor curta em competi\u00e7\u00e3o, que recebe o Trof\u00e9u Canal Brasil e um pr\u00eamio no valor de R$ 15 mil (quinze mil reais), al\u00e9m de entrar na grade do canal, que h\u00e1 mais de 27 anos exibe curtas-metragens todos os dias. J\u00e1 foram mais de 300 curtas vencedores e mais de R$ 4,5 milh\u00f5es em premia\u00e7\u00e3o. O Canal Brasil est\u00e1 presente, desde sua funda\u00e7\u00e3o, nos mais representativos festivais de cinema do pa\u00eds, respirando e existindo atrav\u00e9s do cinema brasileiro!<\/li>\n\n\n\n<li><strong>SELE\u00c7\u00c3O ESPECIAL SESCTV<\/strong>: Sele\u00e7\u00e3o e licenciamento no valor de R$ 6 mil (seis mil reais) para o Melhor Filme da Mostra Competitiva de Curtas, escolhido por um j\u00fari indicado pelo Canal, e contrato de exibi\u00e7\u00e3o por dois anos na programa\u00e7\u00e3o do SescTV, plataforma digital (VOD) e app Sesc Digital.<\/li>\n<\/ul>\n\n\n\n<p><em>Os longas e curtas nacionais premiados tamb\u00e9m receber\u00e3o os pr\u00eamios de incentivo \u00e0 realiza\u00e7\u00e3o de seus novos projetos audiovisuais atrav\u00e9s da parceria do Festival Mix Brasil com apoiadores da \u00e1rea cinematogr\u00e1fica. S\u00e3o eles:<\/em><\/p>\n\n\n\n<p><b>DOTCINE:<\/b><\/p>\n\n\n\n<ul class=\"wp-block-list\">\n<li><strong>Curta-metragem:<\/strong> R$ 10.000,00 em servi\u00e7os de p\u00f3s-produ\u00e7\u00e3o para o melhor curta nacional segundo voto do j\u00fari.<\/li>\n\n\n\n<li><strong>Longa-metragem: <\/strong>R$ 10.000,00 em servi\u00e7os de p\u00f3s-produ\u00e7\u00e3o para o melhor longa nacional segundo voto do j\u00fari.<\/li>\n<\/ul>\n\n\n\n<p><b>MISTIKA:<\/b><\/p>\n\n\n\n<ul class=\"wp-block-list\">\n<li><strong>Curta-metragem:<\/strong> R$ 8.000,00 em servi\u00e7os de p\u00f3s-produ\u00e7\u00e3o de imagem para o melhor curta nacional segundo voto do j\u00fari.<\/li>\n\n\n\n<li><strong>Longa-metragem: <\/strong>R$ 15.000,00 (quinze mil reais) em servi\u00e7os de p\u00f3s-produ\u00e7\u00e3o de imagem para o melhor longa nacional segundo voto do j\u00fari.<\/li>\n<\/ul>\n\n\n\n<h2 class=\"wp-block-heading\"><strong>MIX.XR<\/strong><\/h2>\n\n\n\n<p><strong>COELHO DE PRATA<\/strong><br><strong><span class=\"HwtZe\" lang=\"en\"><span class=\"jCAhz ChMk0b\"><span class=\"ryNqvb\">Pr\u00eamio do J\u00fari da Mostra Competitiva IA<\/span><span class=\"ryNqvb\"><\/span><\/span><\/span><\/strong><\/p>\n\n\n\n<ul class=\"wp-block-list\">\n<li><span class=\"HwtZe\" lang=\"en\"><span class=\"jCAhz ChMk0b\"><span class=\"ryNqvb\">Melhor Filme IA<\/span><\/span><\/span><\/li>\n<\/ul>\n\n\n\n<h2 class=\"wp-block-heading\"><strong> PR\u00caMIOS ESPECIAIS<\/strong><\/h2>\n\n\n\n<ul class=\"wp-block-list\">\n<li><strong>PR\u00caMIO \u00cdCONE MIX: <\/strong>O pr\u00eamio \u00cdcone Mix foi criado com a proposta de homenagear indiv\u00edduos que tenham contribu\u00eddo para o desenvolvimento da comunidade LGBT+.<\/li>\n\n\n\n<li><strong>PR\u00caMIO MIXLITER\u00c1RIO: <\/strong>Coelho de Prata entregue \u00e0 melhor contribui\u00e7\u00e3o liter\u00e1ria (livro) para a comunidade LGBT+ de paises de lingua portuguesa<\/li>\n\n\n\n<li><strong>PR\u00caMIO DRAMATICA: <\/strong>Coelho de Prata ao melhor projeto c\u00eanico pelo voto popular<\/li>\n\n\n\n<li><strong>PR\u00caMIO ARTES VISUAIS: <\/strong>Coelho de Prata \u00e0 obra da exposi\u00e7\u00e3o A Gente Quer +<\/li>\n\n\n\n<li><strong>PR\u00caMIO CAIO FERNANDO ABREU: <\/strong>Coelho de prata \u00e0 melhor obra liter\u00e1ria in\u00e9dita com tematica ou autoria queer<\/li>\n\n\n\n<li><strong>PR\u00caMIO SHOW DO GONGO:<\/strong> Coelho de Prata ao v\u00eddeo sobrevivente \u00e0s gongadas do p\u00fablico.<\/li>\n\n\n\n<li><strong>PR\u00caMIA IDA FELDMAN: <\/strong>Coelha de Prata \u00e0 personalidade que mais se destacar na edi\u00e7\u00e3o Festival Mix Brasil sob a \u00f3tica de Ida Feldman.<\/li>\n<\/ul>\n","protected":false},"excerpt":{"rendered":"<p>CINEMA COELHO DE OUROPr\u00eamio do J\u00faris das Mostras Competitivas Brasil COELHO DE PRATAPr\u00eamio do J\u00fari da Mostra Competitiva Brasil para Curtas Pr\u00eamio do J\u00fari da Mostra Competitiva Brasil para M\u00e9dias e Longas Pr\u00eamio do P\u00fablico PR\u00caMIOS DE INCENTIVO Os longas e curtas nacionais premiados tamb\u00e9m receber\u00e3o os pr\u00eamios de incentivo \u00e0 realiza\u00e7\u00e3o de seus novos [&hellip;]<\/p>\n","protected":false},"author":1,"featured_media":0,"parent":0,"menu_order":0,"comment_status":"open","ping_status":"open","template":"","meta":{"_themeisle_gutenberg_block_has_review":false,"footnotes":""},"class_list":["post-902","page","type-page","status-publish","hentry","missing-thumbnail"],"_links":{"self":[{"href":"https:\/\/mixbrasil.org.br\/33\/wp-json\/wp\/v2\/pages\/902","targetHints":{"allow":["GET"]}}],"collection":[{"href":"https:\/\/mixbrasil.org.br\/33\/wp-json\/wp\/v2\/pages"}],"about":[{"href":"https:\/\/mixbrasil.org.br\/33\/wp-json\/wp\/v2\/types\/page"}],"author":[{"embeddable":true,"href":"https:\/\/mixbrasil.org.br\/33\/wp-json\/wp\/v2\/users\/1"}],"replies":[{"embeddable":true,"href":"https:\/\/mixbrasil.org.br\/33\/wp-json\/wp\/v2\/comments?post=902"}],"version-history":[{"count":21,"href":"https:\/\/mixbrasil.org.br\/33\/wp-json\/wp\/v2\/pages\/902\/revisions"}],"predecessor-version":[{"id":9200,"href":"https:\/\/mixbrasil.org.br\/33\/wp-json\/wp\/v2\/pages\/902\/revisions\/9200"}],"wp:attachment":[{"href":"https:\/\/mixbrasil.org.br\/33\/wp-json\/wp\/v2\/media?parent=902"}],"curies":[{"name":"wp","href":"https:\/\/api.w.org\/{rel}","templated":true}]}}